{"id":107566,"date":"2023-11-22T13:50:57","date_gmt":"2023-11-22T11:50:57","guid":{"rendered":"https:\/\/topdisc.fi\/?post_type=product&#038;p=107566"},"modified":"2024-11-01T17:46:29","modified_gmt":"2024-11-01T15:46:29","slug":"dynamic-discs-bio-fuzion-justice","status":"publish","type":"product","link":"https:\/\/topdisc.fi\/en\/product\/dynamic-discs-bio-fuzion-justice\/","title":{"rendered":"Dynamic Discs Bio Fuzion Justice"},"content":{"rendered":"<p>Lentoarvot: [5] [1] [0,5] [4]  Dynamic Discs Justice on ylivakaa midari, joka kest\u00e4\u00e4 kovimpiakin vastatuulia. Justicen feidiin sek\u00e4 vakauteen voit luottaa niin rysty- kuin k\u00e4mmenheitoissa. Kun tarvitset luottoty\u00f6kalun l\u00e4hestymisheittoihin, valitse Justice.  &nbsp;<\/p>\n","protected":false},"excerpt":{"rendered":"<p>Lentoarvot: [5] [1] [0,5] [4]  Dynamic Discs Justice on ylivakaa midari, joka kest\u00e4\u00e4 kovimpiakin vastatuulia. Justicen feidiin sek\u00e4 vakauteen voit luottaa niin rysty- kuin k\u00e4mmenheitoissa. Kun tarvitset luottoty\u00f6kalun l\u00e4hestymisheittoihin, valitse Justice.<\/p>\n","protected":false},"featured_media":0,"comment_status":"open","ping_status":"closed","template":"","meta":{"_acf_changed":false,"om_disable_all_campaigns":false,"_improvement_type_select":"improve_an_existing","_thumb_yes_seoaic":false,"_frame_yes_seoaic":false,"seoaic_generate_description":"","seoaic_improve_instructions_prompt":"","seoaic_rollback_content_improvement":"","seoaic_idea_thumbnail_generator":"","thumbnail_generated":false,"thumbnail_generate_prompt":"","seoaic_article_description":""},"product_brand":[],"product_cat":[1820,1817],"product_tag":[],"class_list":{"0":"post-107566","1":"product","2":"type-product","3":"status-publish","5":"product_cat-dynamic-discs-uusi-uudet-frisbeegolfkiekot-2","6":"product_cat-uudet-kiekot","7":"pa_feidi-289","8":"pa_liito-270","9":"pa_nopeus-259","10":"pa_paino-325","11":"pa_vakaus-0-5-2","12":"pa_valmistajat-dynamic-discs","14":"first","15":"instock","16":"taxable","17":"shipping-taxable","18":"purchasable","19":"product-type-simple"},"acf":[],"_links":{"self":[{"href":"https:\/\/topdisc.fi\/en\/wp-json\/wp\/v2\/product\/107566","targetHints":{"allow":["GET"]}}],"collection":[{"href":"https:\/\/topdisc.fi\/en\/wp-json\/wp\/v2\/product"}],"about":[{"href":"https:\/\/topdisc.fi\/en\/wp-json\/wp\/v2\/types\/product"}],"replies":[{"embeddable":true,"href":"https:\/\/topdisc.fi\/en\/wp-json\/wp\/v2\/comments?post=107566"}],"version-history":[{"count":0,"href":"https:\/\/topdisc.fi\/en\/wp-json\/wp\/v2\/product\/107566\/revisions"}],"wp:attachment":[{"href":"https:\/\/topdisc.fi\/en\/wp-json\/wp\/v2\/media?parent=107566"}],"wp:term":[{"taxonomy":"product_brand","embeddable":true,"href":"https:\/\/topdisc.fi\/en\/wp-json\/wp\/v2\/product_brand?post=107566"},{"taxonomy":"product_cat","embeddable":true,"href":"https:\/\/topdisc.fi\/en\/wp-json\/wp\/v2\/product_cat?post=107566"},{"taxonomy":"product_tag","embeddable":true,"href":"https:\/\/topdisc.fi\/en\/wp-json\/wp\/v2\/product_tag?post=107566"}],"curies":[{"name":"wp","href":"https:\/\/api.w.org\/{rel}","templated":true}]}}