{"id":114859,"date":"2023-11-22T15:41:38","date_gmt":"2023-11-22T13:41:38","guid":{"rendered":"https:\/\/topdisc.fi\/?post_type=product&#038;p=114859"},"modified":"2026-01-27T17:53:47","modified_gmt":"2026-01-27T15:53:47","slug":"prodigy-disc-400-fx-2-vaino-makela-finnish-champion-missprint","status":"publish","type":"product","link":"https:\/\/topdisc.fi\/en\/product\/prodigy-disc-400-fx-2-vaino-makela-finnish-champion-missprint\/","title":{"rendered":"Prodigy Disc 400 FX-2 V\u00e4in\u00f6 M\u00e4kel\u00e4 Finnish Champion Misprint"},"content":{"rendered":"<p>Prodigy Disc 400 FX-2<\/p>\n<p> Flight values: 9 4 -1 3<\/p>\n<p> Condition: A<\/p>\n<p> Weight: 173g<\/p>\n<p> Markers:<\/p>\n<p> Product number: 4755<\/p>","protected":false},"excerpt":{"rendered":"<p>Prodigy Disc 400 FX-2<\/p>\n<p> Flight values: 9 4 -1 3<\/p>\n<p> Condition: A<\/p>\n<p> Weight: 173g<\/p>\n<p> Markers:<\/p>\n<p> Product number: 4755<\/p>","protected":false},"featured_media":0,"comment_status":"open","ping_status":"closed","template":"","meta":{"_acf_changed":false,"om_disable_all_campaigns":false,"_improvement_type_select":"improve_an_existing","_thumb_yes_seoaic":false,"_frame_yes_seoaic":false,"seoaic_generate_description":"","seoaic_improve_instructions_prompt":"","seoaic_rollback_content_improvement":"","seoaic_idea_thumbnail_generator":"","thumbnail_generated":false,"thumbnail_generate_prompt":"","seoaic_article_description":""},"product_brand":[4872],"product_cat":[4670,1810,1806,1900,1902,1823,678],"product_tag":[],"class_list":{"0":"post-114859","1":"product","2":"type-product","3":"status-publish","5":"product_brand-prodigy-disc","6":"product_cat-inv","7":"product_cat-fairwayt","8":"product_cat-kaytetyt-frisbeegolfkiekot","9":"product_cat-prodigy-kaikki-kiekot","10":"product_cat-prodigy-fairwayt","11":"product_cat-prodigy-kaytetyt-frisbeegolfkiekot-2","12":"product_cat-spessut","13":"pa_feidi-288","14":"pa_kunto-a-2","15":"pa_liito-273","16":"pa_nopeus-263","17":"pa_paino-324","18":"pa_vakaus-281","19":"pa_valmistajat-prodigy-discs","21":"first","22":"instock","23":"shipping-taxable","24":"purchasable","25":"product-type-simple"},"acf":[],"_links":{"self":[{"href":"https:\/\/topdisc.fi\/en\/wp-json\/wp\/v2\/product\/114859","targetHints":{"allow":["GET"]}}],"collection":[{"href":"https:\/\/topdisc.fi\/en\/wp-json\/wp\/v2\/product"}],"about":[{"href":"https:\/\/topdisc.fi\/en\/wp-json\/wp\/v2\/types\/product"}],"replies":[{"embeddable":true,"href":"https:\/\/topdisc.fi\/en\/wp-json\/wp\/v2\/comments?post=114859"}],"version-history":[{"count":1,"href":"https:\/\/topdisc.fi\/en\/wp-json\/wp\/v2\/product\/114859\/revisions"}],"predecessor-version":[{"id":264254,"href":"https:\/\/topdisc.fi\/en\/wp-json\/wp\/v2\/product\/114859\/revisions\/264254"}],"wp:attachment":[{"href":"https:\/\/topdisc.fi\/en\/wp-json\/wp\/v2\/media?parent=114859"}],"wp:term":[{"taxonomy":"product_brand","embeddable":true,"href":"https:\/\/topdisc.fi\/en\/wp-json\/wp\/v2\/product_brand?post=114859"},{"taxonomy":"product_cat","embeddable":true,"href":"https:\/\/topdisc.fi\/en\/wp-json\/wp\/v2\/product_cat?post=114859"},{"taxonomy":"product_tag","embeddable":true,"href":"https:\/\/topdisc.fi\/en\/wp-json\/wp\/v2\/product_tag?post=114859"}],"curies":[{"name":"wp","href":"https:\/\/api.w.org\/{rel}","templated":true}]}}