{"id":136627,"date":"2023-12-13T15:45:27","date_gmt":"2023-12-13T13:45:27","guid":{"rendered":"https:\/\/topdisc.fi\/?post_type=product&#038;p=136627"},"modified":"2026-01-27T17:52:45","modified_gmt":"2026-01-27T15:52:45","slug":"prodigy-disc-pa3-archer","status":"publish","type":"product","link":"https:\/\/topdisc.fi\/en\/product\/prodigy-disc-pa3-archer\/","title":{"rendered":"Prodigy Disc 500 Spectrum PA-3 The Archer \u2013 V\u00e4in\u00f6 M\u00e4kel\u00e4 Signature"},"content":{"rendered":"<p>Meet the 2023 Collector&#039;s Edition, the Prodigy PA3 &#039;The Archer&#039;! Made from premium 500 Spectrum plastic, this disc was designed in full collaboration with the 2021 Finnish champion, V\u00e4in\u00f6 M\u00e4kel\u00e4. The disc is stamped with V\u00e4in\u00f6&#039;s recognizable &#039;The Archer&#039; stamp, making it an essential purchase for enthusiasts and collectors.<\/p>\n<p>When you buy this product, you are directly supporting V\u00e4in\u00f6 M\u00e4kel\u00e4&#039;s tour activities, which makes this disc not only great for playing, but also a part of supporting the Finnish discus tradition.<\/p>\n<p>The PA3 is Prodigy Disc&#039;s best-selling putter, whose straight and stable trajectory enables accurate aiming at the basket. It is beaded and makes removing the disc easier.<\/p>\n<p><i>The color of the print and the tone of the disc may not match<\/i><\/p>\n<p><a href=\"https:\/\/topdisc.fi\/wp-content\/uploads\/2023\/12\/prodigy_pa_3_flight_chart_1024x1024.webp\"><img loading=\"lazy\" decoding=\"async\" class=\"alignnone size-medium wp-image-136646\" src=\"https:\/\/topdisc.fi\/wp-content\/uploads\/2023\/12\/prodigy_pa_3_flight_chart_1024x1024-318x300.webp\" alt=\"\" width=\"318\" height=\"300\" srcset=\"https:\/\/topdisc.fi\/wp-content\/uploads\/2023\/12\/prodigy_pa_3_flight_chart_1024x1024-318x300.webp 318w, https:\/\/topdisc.fi\/wp-content\/uploads\/2023\/12\/prodigy_pa_3_flight_chart_1024x1024-430x406.webp 430w, https:\/\/topdisc.fi\/wp-content\/uploads\/2023\/12\/prodigy_pa_3_flight_chart_1024x1024-150x142.webp 150w, https:\/\/topdisc.fi\/wp-content\/uploads\/2023\/12\/prodigy_pa_3_flight_chart_1024x1024-700x660.webp 700w, https:\/\/topdisc.fi\/wp-content\/uploads\/2023\/12\/prodigy_pa_3_flight_chart_1024x1024-848x800.webp 848w, https:\/\/topdisc.fi\/wp-content\/uploads\/2023\/12\/prodigy_pa_3_flight_chart_1024x1024-768x725.webp 768w, https:\/\/topdisc.fi\/wp-content\/uploads\/2023\/12\/prodigy_pa_3_flight_chart_1024x1024-13x12.webp 13w, https:\/\/topdisc.fi\/wp-content\/uploads\/2023\/12\/prodigy_pa_3_flight_chart_1024x1024.webp 1024w\" sizes=\"auto, (max-width: 318px) 100vw, 318px\" \/><\/a><\/p>","protected":false},"excerpt":{"rendered":"<p>Pa3 The Archer is the most straight-flying, low-edge putter in the Prodigy Disc collection. The Pa3 is very suitable for approach throws and putts for both beginners and competitive players. This putter reliably maintains its straight trajectory to the end. The absolute favorite putter of many enthusiasts and Pro-level players. <i>The color of the print and the shade of the disc may not match the product image.<\/i><\/p>","protected":false},"featured_media":148120,"comment_status":"open","ping_status":"closed","template":"","meta":{"_acf_changed":false,"om_disable_all_campaigns":false,"_improvement_type_select":"improve_an_existing","_thumb_yes_seoaic":false,"_frame_yes_seoaic":false,"seoaic_generate_description":"","seoaic_improve_instructions_prompt":"","seoaic_rollback_content_improvement":"","seoaic_idea_thumbnail_generator":"","thumbnail_generated":false,"thumbnail_generate_prompt":"","seoaic_article_description":""},"product_brand":[4872],"product_cat":[1832,678,1817],"product_tag":[1944],"class_list":{"0":"post-136627","1":"product","2":"type-product","3":"status-publish","4":"has-post-thumbnail","6":"product_brand-prodigy-disc","7":"product_cat-uudet-prodigy-kiekot","8":"product_cat-spessut","9":"product_cat-uudet-kiekot","10":"product_tag-vakaa","11":"pa_feidi-286","12":"pa_liito-273","13":"pa_nopeus-257","14":"pa_paino-322","15":"pa_paino-323","16":"pa_paino-324","17":"pa_paino-325","18":"pa_paino-326","19":"pa_vakaus-zero","20":"pa_valmistajat-prodigy-discs","22":"first","23":"instock","24":"taxable","25":"shipping-taxable","26":"purchasable","27":"product-type-variable","28":"has-default-attributes"},"acf":[],"_links":{"self":[{"href":"https:\/\/topdisc.fi\/en\/wp-json\/wp\/v2\/product\/136627","targetHints":{"allow":["GET"]}}],"collection":[{"href":"https:\/\/topdisc.fi\/en\/wp-json\/wp\/v2\/product"}],"about":[{"href":"https:\/\/topdisc.fi\/en\/wp-json\/wp\/v2\/types\/product"}],"replies":[{"embeddable":true,"href":"https:\/\/topdisc.fi\/en\/wp-json\/wp\/v2\/comments?post=136627"}],"version-history":[{"count":1,"href":"https:\/\/topdisc.fi\/en\/wp-json\/wp\/v2\/product\/136627\/revisions"}],"predecessor-version":[{"id":264209,"href":"https:\/\/topdisc.fi\/en\/wp-json\/wp\/v2\/product\/136627\/revisions\/264209"}],"wp:featuredmedia":[{"embeddable":true,"href":"https:\/\/topdisc.fi\/en\/wp-json\/wp\/v2\/media\/148120"}],"wp:attachment":[{"href":"https:\/\/topdisc.fi\/en\/wp-json\/wp\/v2\/media?parent=136627"}],"wp:term":[{"taxonomy":"product_brand","embeddable":true,"href":"https:\/\/topdisc.fi\/en\/wp-json\/wp\/v2\/product_brand?post=136627"},{"taxonomy":"product_cat","embeddable":true,"href":"https:\/\/topdisc.fi\/en\/wp-json\/wp\/v2\/product_cat?post=136627"},{"taxonomy":"product_tag","embeddable":true,"href":"https:\/\/topdisc.fi\/en\/wp-json\/wp\/v2\/product_tag?post=136627"}],"curies":[{"name":"wp","href":"https:\/\/api.w.org\/{rel}","templated":true}]}}