{"id":224332,"date":"2024-06-28T11:46:20","date_gmt":"2024-06-28T08:46:20","guid":{"rendered":"https:\/\/topdisc.fi\/?post_type=product&#038;p=224332"},"modified":"2026-01-27T17:51:10","modified_gmt":"2026-01-27T15:51:10","slug":"prodigy-disc-500-a2-vaino-makela-signature-series","status":"publish","type":"product","link":"https:\/\/topdisc.fi\/en\/product\/prodigy-disc-500-a2-vaino-makela-signature-series\/","title":{"rendered":"Prodigy Disc 500 A2 \u2013 V\u00e4in\u00f6 M\u00e4kel\u00e4 Signature Series"},"content":{"rendered":"<p>Prodigy Disc 500 A2 \u2013 V\u00e4in\u00f6 M\u00e4kel\u00e4 Signature Series<\/p>\n<p>Flight values: 4 4 0 3<\/p>\n<p>Condition: A<\/p>\n<p>Weight: 172g<\/p>\n<p>Markers: \u2013<\/p>","protected":false},"excerpt":{"rendered":"<p>Prodigy Disc 500 A2 \u2013 V\u00e4in\u00f6 M\u00e4kel\u00e4 Signature Series<\/p>\n<p>Flight values: 4 4 0 3<\/p>\n<p>Condition: A<\/p>\n<p>Weight: 172g<\/p>\n<p>Markers: \u2013<\/p>","protected":false},"featured_media":225491,"comment_status":"open","ping_status":"closed","template":"","meta":{"_acf_changed":false,"om_disable_all_campaigns":false,"_improvement_type_select":"improve_an_existing","_thumb_yes_seoaic":false,"_frame_yes_seoaic":false,"seoaic_generate_description":"","seoaic_improve_instructions_prompt":"","seoaic_rollback_content_improvement":"","seoaic_idea_thumbnail_generator":"","thumbnail_generated":false,"thumbnail_generate_prompt":"","seoaic_article_description":""},"product_brand":[4872],"product_cat":[4670,1806,368,1900,1823,1854,1901,1852,2621,369,678,2625],"product_tag":[569],"class_list":{"0":"post-224332","1":"product","2":"type-product","3":"status-publish","4":"has-post-thumbnail","6":"product_brand-prodigy-disc","7":"product_cat-inv","8":"product_cat-kaytetyt-frisbeegolfkiekot","9":"product_cat-lahestymiskiekot","10":"product_cat-prodigy-kaikki-kiekot","11":"product_cat-prodigy-kaytetyt-frisbeegolfkiekot-2","12":"product_cat-prodigy-kaytetyt-midarit-prodigy-kaytetyt-frisbeegolfkiekot-2","13":"product_cat-prodigy-kaytetyt-putterit","14":"product_cat-prodigy-kaytetyt-spesiaalikiekot-prodigy-kaytetyt-frisbeegolfkiekot-2","15":"product_cat-restockit","16":"product_cat-signature-kiekot","17":"product_cat-spessut","18":"product_cat-valmistajat","19":"product_tag-ylivakaa","20":"pa_feidi-288","21":"pa_kunto-a-2","22":"pa_liito-273","23":"pa_nopeus-258","24":"pa_paino-323","25":"pa_vakaus-zero","26":"pa_valmistajat-prodigy-discs","28":"first","29":"instock","30":"shipping-taxable","31":"purchasable","32":"product-type-simple"},"acf":[],"_links":{"self":[{"href":"https:\/\/topdisc.fi\/en\/wp-json\/wp\/v2\/product\/224332","targetHints":{"allow":["GET"]}}],"collection":[{"href":"https:\/\/topdisc.fi\/en\/wp-json\/wp\/v2\/product"}],"about":[{"href":"https:\/\/topdisc.fi\/en\/wp-json\/wp\/v2\/types\/product"}],"replies":[{"embeddable":true,"href":"https:\/\/topdisc.fi\/en\/wp-json\/wp\/v2\/comments?post=224332"}],"version-history":[{"count":1,"href":"https:\/\/topdisc.fi\/en\/wp-json\/wp\/v2\/product\/224332\/revisions"}],"predecessor-version":[{"id":264190,"href":"https:\/\/topdisc.fi\/en\/wp-json\/wp\/v2\/product\/224332\/revisions\/264190"}],"wp:featuredmedia":[{"embeddable":true,"href":"https:\/\/topdisc.fi\/en\/wp-json\/wp\/v2\/media\/225491"}],"wp:attachment":[{"href":"https:\/\/topdisc.fi\/en\/wp-json\/wp\/v2\/media?parent=224332"}],"wp:term":[{"taxonomy":"product_brand","embeddable":true,"href":"https:\/\/topdisc.fi\/en\/wp-json\/wp\/v2\/product_brand?post=224332"},{"taxonomy":"product_cat","embeddable":true,"href":"https:\/\/topdisc.fi\/en\/wp-json\/wp\/v2\/product_cat?post=224332"},{"taxonomy":"product_tag","embeddable":true,"href":"https:\/\/topdisc.fi\/en\/wp-json\/wp\/v2\/product_tag?post=224332"}],"curies":[{"name":"wp","href":"https:\/\/api.w.org\/{rel}","templated":true}]}}