{"id":224338,"date":"2024-06-28T12:07:31","date_gmt":"2024-06-28T09:07:31","guid":{"rendered":"https:\/\/topdisc.fi\/?post_type=product&#038;p=224338"},"modified":"2026-01-27T17:51:10","modified_gmt":"2026-01-27T15:51:10","slug":"prodigy-disc-400-d1-vaino-makela-signature-3","status":"publish","type":"product","link":"https:\/\/topdisc.fi\/en\/product\/prodigy-disc-400-d1-vaino-makela-signature-3\/","title":{"rendered":"Prodigy Disc 400 D1 \u2013 V\u00e4in\u00f6 M\u00e4kel\u00e4 Signature"},"content":{"rendered":"<p>Prodigy Disc 400 D1 \u2013 V\u00e4in\u00f6 M\u00e4kel\u00e4 Signature<\/p>\n<p>Flight values: 13 5 0 3<\/p>\n<p>Condition: B<\/p>\n<p>Weight: 173g<\/p>\n<p>Markers: Bottom<\/p>","protected":false},"excerpt":{"rendered":"<p>Prodigy Disc 400 D1 \u2013 V\u00e4in\u00f6 M\u00e4kel\u00e4 Signature<\/p>\n<p>Flight values: 13 5 0 3<\/p>\n<p>Condition: B<\/p>\n<p>Weight: 173g<\/p>\n<p>Markers: Bottom<\/p>","protected":false},"featured_media":225453,"comment_status":"open","ping_status":"closed","template":"","meta":{"_acf_changed":false,"om_disable_all_campaigns":false,"_improvement_type_select":"improve_an_existing","_thumb_yes_seoaic":false,"_frame_yes_seoaic":false,"seoaic_generate_description":"","seoaic_improve_instructions_prompt":"","seoaic_rollback_content_improvement":"","seoaic_idea_thumbnail_generator":"","thumbnail_generated":false,"thumbnail_generate_prompt":"","seoaic_article_description":""},"product_brand":[4872],"product_cat":[4670,1809,1806,1900,1853,1823,1852,2621,369,678,2625],"product_tag":[555],"class_list":{"0":"post-224338","1":"product","2":"type-product","3":"status-publish","4":"has-post-thumbnail","6":"product_brand-prodigy-disc","7":"product_cat-inv","8":"product_cat-driverit","9":"product_cat-kaytetyt-frisbeegolfkiekot","10":"product_cat-prodigy-kaikki-kiekot","11":"product_cat-prodigy-kaytetyt-driverit-prodigy-kaytetyt-frisbeegolfkiekot-2","12":"product_cat-prodigy-kaytetyt-frisbeegolfkiekot-2","13":"product_cat-prodigy-kaytetyt-spesiaalikiekot-prodigy-kaytetyt-frisbeegolfkiekot-2","14":"product_cat-restockit","15":"product_cat-signature-kiekot","16":"product_cat-spessut","17":"product_cat-valmistajat","18":"product_tag-driver","19":"pa_feidi-288","20":"pa_kunto-b-2","21":"pa_liito-274","22":"pa_nopeus-267","23":"pa_paino-324","24":"pa_vakaus-zero","25":"pa_valmistajat-prodigy-discs","27":"first","28":"instock","29":"shipping-taxable","30":"purchasable","31":"product-type-simple"},"acf":[],"_links":{"self":[{"href":"https:\/\/topdisc.fi\/en\/wp-json\/wp\/v2\/product\/224338","targetHints":{"allow":["GET"]}}],"collection":[{"href":"https:\/\/topdisc.fi\/en\/wp-json\/wp\/v2\/product"}],"about":[{"href":"https:\/\/topdisc.fi\/en\/wp-json\/wp\/v2\/types\/product"}],"replies":[{"embeddable":true,"href":"https:\/\/topdisc.fi\/en\/wp-json\/wp\/v2\/comments?post=224338"}],"version-history":[{"count":1,"href":"https:\/\/topdisc.fi\/en\/wp-json\/wp\/v2\/product\/224338\/revisions"}],"predecessor-version":[{"id":264189,"href":"https:\/\/topdisc.fi\/en\/wp-json\/wp\/v2\/product\/224338\/revisions\/264189"}],"wp:featuredmedia":[{"embeddable":true,"href":"https:\/\/topdisc.fi\/en\/wp-json\/wp\/v2\/media\/225453"}],"wp:attachment":[{"href":"https:\/\/topdisc.fi\/en\/wp-json\/wp\/v2\/media?parent=224338"}],"wp:term":[{"taxonomy":"product_brand","embeddable":true,"href":"https:\/\/topdisc.fi\/en\/wp-json\/wp\/v2\/product_brand?post=224338"},{"taxonomy":"product_cat","embeddable":true,"href":"https:\/\/topdisc.fi\/en\/wp-json\/wp\/v2\/product_cat?post=224338"},{"taxonomy":"product_tag","embeddable":true,"href":"https:\/\/topdisc.fi\/en\/wp-json\/wp\/v2\/product_tag?post=224338"}],"curies":[{"name":"wp","href":"https:\/\/api.w.org\/{rel}","templated":true}]}}