{"id":228054,"date":"2024-08-07T17:56:51","date_gmt":"2024-08-07T14:56:51","guid":{"rendered":"https:\/\/topdisc.fi\/?post_type=product&#038;p=228054"},"modified":"2026-01-27T17:51:06","modified_gmt":"2026-01-27T15:51:06","slug":"prodigy-disc-pa-3-the-archer-2-vaino-makela-2","status":"publish","type":"product","link":"https:\/\/topdisc.fi\/en\/product\/prodigy-disc-pa-3-the-archer-2-vaino-makela-2\/","title":{"rendered":"Prodigy Disc PA-3 The Archer 2- V\u00e4in\u00f6 M\u00e4kel\u00e4"},"content":{"rendered":"<p>Prodigy Disc PA-3 The Archer 2- V\u00e4in\u00f6 M\u00e4kel\u00e4<\/p>\n<p>Flight values: 3 4 0 1<\/p>\n<p>Condition: B+<\/p>\n<p>Weight: 174 g<\/p>\n<p>Markers: Rimmi<\/p>","protected":false},"excerpt":{"rendered":"<p>Prodigy Disc PA-3 The Archer 2- V\u00e4in\u00f6 M\u00e4kel\u00e4<\/p>\n<p>Flight values: 3 4 0 1<\/p>\n<p>Condition: B+<\/p>\n<p>Weight: 174 g<\/p>\n<p>Markers: Rimmi<\/p>","protected":false},"featured_media":228632,"comment_status":"open","ping_status":"closed","template":"","meta":{"_acf_changed":false,"om_disable_all_campaigns":false,"_improvement_type_select":"improve_an_existing","_thumb_yes_seoaic":false,"_frame_yes_seoaic":false,"seoaic_generate_description":"","seoaic_improve_instructions_prompt":"","seoaic_rollback_content_improvement":"","seoaic_idea_thumbnail_generator":"","thumbnail_generated":false,"thumbnail_generate_prompt":"","seoaic_article_description":""},"product_brand":[4872],"product_cat":[4670,1806,1808,1900,1823,1901,678],"product_tag":[565],"class_list":{"0":"post-228054","1":"product","2":"type-product","3":"status-publish","4":"has-post-thumbnail","6":"product_brand-prodigy-disc","7":"product_cat-inv","8":"product_cat-kaytetyt-frisbeegolfkiekot","9":"product_cat-kaytetyt-putterit","10":"product_cat-prodigy-kaikki-kiekot","11":"product_cat-prodigy-kaytetyt-frisbeegolfkiekot-2","12":"product_cat-prodigy-kaytetyt-putterit","13":"product_cat-spessut","14":"product_tag-putteri","15":"pa_feidi-286","16":"pa_kunto-b","17":"pa_liito-273","18":"pa_nopeus-257","19":"pa_paino-325","20":"pa_vakaus-zero","21":"pa_valmistajat-prodigy-discs","23":"first","24":"instock","25":"shipping-taxable","26":"purchasable","27":"product-type-simple"},"acf":[],"_links":{"self":[{"href":"https:\/\/topdisc.fi\/en\/wp-json\/wp\/v2\/product\/228054","targetHints":{"allow":["GET"]}}],"collection":[{"href":"https:\/\/topdisc.fi\/en\/wp-json\/wp\/v2\/product"}],"about":[{"href":"https:\/\/topdisc.fi\/en\/wp-json\/wp\/v2\/types\/product"}],"replies":[{"embeddable":true,"href":"https:\/\/topdisc.fi\/en\/wp-json\/wp\/v2\/comments?post=228054"}],"version-history":[{"count":1,"href":"https:\/\/topdisc.fi\/en\/wp-json\/wp\/v2\/product\/228054\/revisions"}],"predecessor-version":[{"id":264180,"href":"https:\/\/topdisc.fi\/en\/wp-json\/wp\/v2\/product\/228054\/revisions\/264180"}],"wp:featuredmedia":[{"embeddable":true,"href":"https:\/\/topdisc.fi\/en\/wp-json\/wp\/v2\/media\/228632"}],"wp:attachment":[{"href":"https:\/\/topdisc.fi\/en\/wp-json\/wp\/v2\/media?parent=228054"}],"wp:term":[{"taxonomy":"product_brand","embeddable":true,"href":"https:\/\/topdisc.fi\/en\/wp-json\/wp\/v2\/product_brand?post=228054"},{"taxonomy":"product_cat","embeddable":true,"href":"https:\/\/topdisc.fi\/en\/wp-json\/wp\/v2\/product_cat?post=228054"},{"taxonomy":"product_tag","embeddable":true,"href":"https:\/\/topdisc.fi\/en\/wp-json\/wp\/v2\/product_tag?post=228054"}],"curies":[{"name":"wp","href":"https:\/\/api.w.org\/{rel}","templated":true}]}}