{"id":232091,"date":"2024-09-20T12:56:31","date_gmt":"2024-09-20T09:56:31","guid":{"rendered":"https:\/\/topdisc.fi\/?post_type=product&#038;p=232091"},"modified":"2026-01-27T17:49:50","modified_gmt":"2026-01-27T15:49:50","slug":"prodigy-400-color-glow-pa-3-the-archer-3-vaino-makela-8","status":"publish","type":"product","link":"https:\/\/topdisc.fi\/en\/product\/prodigy-400-color-glow-pa-3-the-archer-3-vaino-makela-8\/","title":{"rendered":"Prodigy 400 Color Glow PA-3 The Archer 3 \u2013 V\u00e4in\u00f6 M\u00e4kel\u00e4"},"content":{"rendered":"<p>Prodigy 400 Color Glow PA-3 The Archer 3 \u2013 V\u00e4in\u00f6 M\u00e4kel\u00e4<\/p>\n<p>Flight values: 3 4 0 1<\/p>\n<p>Condition: A-<\/p>\n<p>Weight: 175g<\/p>\n<p>Markers: Rimmi<\/p>","protected":false},"excerpt":{"rendered":"<p>P<\/p>\n<p>Prodigy 400 Color Glow PA-3 The Archer 3 \u2013 V\u00e4in\u00f6 M\u00e4kel\u00e4<\/p>\n<p>Flight values: 3 4 0 1<\/p>\n<p>Condition: A-<\/p>\n<p>Weight: 175g<\/p>\n<p>Markers: Rimmi<\/p>","protected":false},"featured_media":232381,"comment_status":"open","ping_status":"closed","template":"","meta":{"_acf_changed":false,"om_disable_all_campaigns":false,"_improvement_type_select":"improve_an_existing","_thumb_yes_seoaic":false,"_frame_yes_seoaic":false,"seoaic_generate_description":"","seoaic_improve_instructions_prompt":"","seoaic_rollback_content_improvement":"","seoaic_idea_thumbnail_generator":"","thumbnail_generated":false,"thumbnail_generate_prompt":"","seoaic_article_description":""},"product_brand":[4872],"product_cat":[366,1806,1808,4671,1900,1823,1901,1852,2621,369,678,2625],"product_tag":[4862,565],"class_list":{"0":"post-232091","1":"product","2":"type-product","3":"status-publish","4":"has-post-thumbnail","6":"product_brand-prodigy-disc","7":"product_cat-glowit","8":"product_cat-kaytetyt-frisbeegolfkiekot","9":"product_cat-kaytetyt-putterit","10":"product_cat-miss","11":"product_cat-prodigy-kaikki-kiekot","12":"product_cat-prodigy-kaytetyt-frisbeegolfkiekot-2","13":"product_cat-prodigy-kaytetyt-putterit","14":"product_cat-prodigy-kaytetyt-spesiaalikiekot-prodigy-kaytetyt-frisbeegolfkiekot-2","15":"product_cat-restockit","16":"product_cat-signature-kiekot","17":"product_cat-spessut","18":"product_cat-valmistajat","19":"product_tag-glow","20":"product_tag-putteri","21":"pa_feidi-286","22":"pa_kunto-b","23":"pa_liito-273","24":"pa_nopeus-257","25":"pa_paino-327","26":"pa_vakaus-zero","27":"pa_valmistajat-prodigy-discs","29":"first","30":"instock","31":"shipping-taxable","32":"purchasable","33":"product-type-simple"},"acf":[],"_links":{"self":[{"href":"https:\/\/topdisc.fi\/en\/wp-json\/wp\/v2\/product\/232091","targetHints":{"allow":["GET"]}}],"collection":[{"href":"https:\/\/topdisc.fi\/en\/wp-json\/wp\/v2\/product"}],"about":[{"href":"https:\/\/topdisc.fi\/en\/wp-json\/wp\/v2\/types\/product"}],"replies":[{"embeddable":true,"href":"https:\/\/topdisc.fi\/en\/wp-json\/wp\/v2\/comments?post=232091"}],"version-history":[{"count":1,"href":"https:\/\/topdisc.fi\/en\/wp-json\/wp\/v2\/product\/232091\/revisions"}],"predecessor-version":[{"id":257410,"href":"https:\/\/topdisc.fi\/en\/wp-json\/wp\/v2\/product\/232091\/revisions\/257410"}],"wp:featuredmedia":[{"embeddable":true,"href":"https:\/\/topdisc.fi\/en\/wp-json\/wp\/v2\/media\/232381"}],"wp:attachment":[{"href":"https:\/\/topdisc.fi\/en\/wp-json\/wp\/v2\/media?parent=232091"}],"wp:term":[{"taxonomy":"product_brand","embeddable":true,"href":"https:\/\/topdisc.fi\/en\/wp-json\/wp\/v2\/product_brand?post=232091"},{"taxonomy":"product_cat","embeddable":true,"href":"https:\/\/topdisc.fi\/en\/wp-json\/wp\/v2\/product_cat?post=232091"},{"taxonomy":"product_tag","embeddable":true,"href":"https:\/\/topdisc.fi\/en\/wp-json\/wp\/v2\/product_tag?post=232091"}],"curies":[{"name":"wp","href":"https:\/\/api.w.org\/{rel}","templated":true}]}}