{"id":232580,"date":"2024-09-25T14:20:19","date_gmt":"2024-09-25T11:20:19","guid":{"rendered":"https:\/\/topdisc.fi\/?post_type=product&#038;p=232580"},"modified":"2026-01-27T17:49:46","modified_gmt":"2026-01-27T15:49:46","slug":"prodigy-500-glimmer-d2-kristian-kuoksa","status":"publish","type":"product","link":"https:\/\/topdisc.fi\/en\/product\/prodigy-500-glimmer-d2-kristian-kuoksa\/","title":{"rendered":"Prodigy 500 Glimmer D2 &#8211; Kristian Kuoksa Signature Series"},"content":{"rendered":"<p>Prodigy 500 Glimmer D2 &#8211; Kristian Kuoksa Signature Series<\/p>\n<p>Flight values: 13 6 -0.5 3<\/p>\n<p><strong>Kiekkojen tuotot menev\u00e4t lyhent\u00e4m\u00e4tt\u00f6m\u00e4n\u00e4 Kristian Kuoksan kisakassaan!<\/strong><\/p>\n<p>Jokaisessa yksil\u00f6ss\u00e4 on Kristian Kuoksan nimmari joko kannessa, tai pohjassa.<\/p>\n<p>D2 on eritt\u00e4in nopea pituusdraiveri, joka on suunniteltu vahvoille heitt\u00e4jille. T\u00e4m\u00e4 draiveri lent\u00e4\u00e4 luotettavasti my\u00f6s tuulisissa olosuhteissa. Lentorata on todella ennustettava ja sivulta sivulle liike onkin yksi v\u00e4h\u00e4isimmist\u00e4 markkinoilla olevista draivereista.<\/p>\n<p>500-muovi on hieman j\u00e4ykemp\u00e4\u00e4 ja kovempaa kuin 400-muovi. Se tarjoaa luotettavan ja mukavan otteen kiekosta.<\/p>\n<p><strong>The color of the print and the shade of the disc may not match the product image.<\/strong><\/p>","protected":false},"excerpt":{"rendered":"<p>Prodigy 500 Glimmer D2 &#8211; Kristian Kuoksa Signature Series<\/p>\n<p>Flight values: 13 6 -0.5 3<\/p>\n<p><strong>Kiekkojen tuotot menev\u00e4t lyhent\u00e4m\u00e4tt\u00f6m\u00e4n\u00e4 Kristian Kuoksan kisakassaan!<\/strong><\/p>\n<p>Jokaisessa yksil\u00f6ss\u00e4 on Kristian Kuoksan nimmari joko kannessa, tai pohjassa.<\/p>\n<p>D2 on eritt\u00e4in nopea pituusdraiveri, joka on suunniteltu vahvoille heitt\u00e4jille. T\u00e4m\u00e4 draiveri lent\u00e4\u00e4 luotettavasti my\u00f6s tuulisissa olosuhteissa. Lentorata on todella ennustettava ja sivulta sivulle liike onkin yksi v\u00e4h\u00e4isimmist\u00e4 markkinoilla olevista draivereista.<\/p>\n<p>500-muovi on hieman j\u00e4ykemp\u00e4\u00e4 ja kovempaa kuin 400-muovi. Se tarjoaa luotettavan ja mukavan otteen kiekosta.<\/p>\n<p><strong>The color of the print and the shade of the disc may not match the product image.<\/strong><\/p>","protected":false},"featured_media":252652,"comment_status":"open","ping_status":"closed","template":"","meta":{"_acf_changed":false,"om_disable_all_campaigns":false,"_improvement_type_select":"improve_an_existing","_thumb_yes_seoaic":false,"_frame_yes_seoaic":false,"seoaic_generate_description":"","seoaic_improve_instructions_prompt":"","seoaic_rollback_content_improvement":"","seoaic_idea_thumbnail_generator":"","thumbnail_generated":false,"thumbnail_generate_prompt":"","seoaic_article_description":""},"product_brand":[4872],"product_cat":[1817,4063,1900,1832,369,4065,678,73,2625],"product_tag":[2319],"class_list":{"0":"post-232580","1":"product","2":"type-product","3":"status-publish","4":"has-post-thumbnail","6":"product_brand-prodigy-disc","7":"product_cat-uudet-kiekot","8":"product_cat-fundraiser","9":"product_cat-prodigy-kaikki-kiekot","10":"product_cat-uudet-prodigy-kiekot","11":"product_cat-signature-kiekot","12":"product_cat-special","13":"product_cat-spessut","14":"product_cat-uutuudet","15":"product_cat-valmistajat","16":"product_tag-signature","17":"pa_feidi-288","18":"pa_kunto-ba","19":"pa_liito-275","20":"pa_nopeus-267","21":"pa_paino-322","22":"pa_paino-323","23":"pa_vakaus-0-5","24":"pa_vari-keltainen","25":"pa_vari-oranssi","26":"pa_vari-tummansininen","27":"pa_vari-vaaleanpunainen","28":"pa_vari-violetti","30":"first","31":"instock","32":"taxable","33":"shipping-taxable","34":"product-type-variable"},"acf":[],"_links":{"self":[{"href":"https:\/\/topdisc.fi\/en\/wp-json\/wp\/v2\/product\/232580","targetHints":{"allow":["GET"]}}],"collection":[{"href":"https:\/\/topdisc.fi\/en\/wp-json\/wp\/v2\/product"}],"about":[{"href":"https:\/\/topdisc.fi\/en\/wp-json\/wp\/v2\/types\/product"}],"replies":[{"embeddable":true,"href":"https:\/\/topdisc.fi\/en\/wp-json\/wp\/v2\/comments?post=232580"}],"version-history":[{"count":1,"href":"https:\/\/topdisc.fi\/en\/wp-json\/wp\/v2\/product\/232580\/revisions"}],"predecessor-version":[{"id":264155,"href":"https:\/\/topdisc.fi\/en\/wp-json\/wp\/v2\/product\/232580\/revisions\/264155"}],"wp:featuredmedia":[{"embeddable":true,"href":"https:\/\/topdisc.fi\/en\/wp-json\/wp\/v2\/media\/252652"}],"wp:attachment":[{"href":"https:\/\/topdisc.fi\/en\/wp-json\/wp\/v2\/media?parent=232580"}],"wp:term":[{"taxonomy":"product_brand","embeddable":true,"href":"https:\/\/topdisc.fi\/en\/wp-json\/wp\/v2\/product_brand?post=232580"},{"taxonomy":"product_cat","embeddable":true,"href":"https:\/\/topdisc.fi\/en\/wp-json\/wp\/v2\/product_cat?post=232580"},{"taxonomy":"product_tag","embeddable":true,"href":"https:\/\/topdisc.fi\/en\/wp-json\/wp\/v2\/product_tag?post=232580"}],"curies":[{"name":"wp","href":"https:\/\/api.w.org\/{rel}","templated":true}]}}