{"id":234582,"date":"2024-10-10T13:09:41","date_gmt":"2024-10-10T10:09:41","guid":{"rendered":"https:\/\/topdisc.fi\/?post_type=product&#038;p=234582"},"modified":"2026-01-27T17:48:21","modified_gmt":"2026-01-27T15:48:21","slug":"prodigy-disc-400-d1-vaino-makela-3","status":"publish","type":"product","link":"https:\/\/topdisc.fi\/en\/product\/prodigy-disc-400-d1-vaino-makela-3\/","title":{"rendered":"Prodigy Disc 400 D1 V\u00e4in\u00f6 M\u00e4kel\u00e4"},"content":{"rendered":"<p>Prodigy Disc 400 D1 V\u00e4in\u00f6 M\u00e4kel\u00e4<\/p>\n<p>Flight values 13 5 0 4<\/p>\n<p>Weight: 172-175g<\/p>\n<p><strong>By purchasing this product, you are supporting V\u00e4in\u00f6 M\u00e4kel\u00e4&#039;s competitive activities.<\/strong> D1 is the most stable model of the D series, which is well suited for sharp left-turning drives and windy conditions. Most of the top players in the world use this disk in the majority of their drives. D1 has also grown in popularity among enthusiasts as a reliable tool for windy conditions. The color of the print and the shade of the disc may not match the product image.<\/p>","protected":false},"excerpt":{"rendered":"<p>Prodigy Disc 400 D1 V\u00e4in\u00f6 M\u00e4kel\u00e4<\/p>\n<p>Flight values 13 5 0 4<\/p>\n<p>Weight: 172-175g<\/p>\n<p><strong>By purchasing this product, you are supporting V\u00e4in\u00f6 M\u00e4kel\u00e4&#039;s competitive activities.<\/strong> D1 is the most stable model of the D series, which is well suited for sharp left-turning drives and windy conditions. Most of the top players in the world use this disk in the majority of their drives. D1 has also grown in popularity among enthusiasts as a reliable tool for windy conditions. The color of the print and the shade of the disc may not match the product image.<\/p>","protected":false},"featured_media":234584,"comment_status":"open","ping_status":"closed","template":"","meta":{"_acf_changed":false,"om_disable_all_campaigns":false,"_improvement_type_select":"improve_an_existing","_thumb_yes_seoaic":false,"_frame_yes_seoaic":false,"seoaic_generate_description":"","seoaic_improve_instructions_prompt":"","seoaic_rollback_content_improvement":"","seoaic_idea_thumbnail_generator":"","thumbnail_generated":false,"thumbnail_generate_prompt":"","seoaic_article_description":""},"product_brand":[4872],"product_cat":[1832,3783,1817],"product_tag":[555],"class_list":{"0":"post-234582","1":"product","2":"type-product","3":"status-publish","4":"has-post-thumbnail","6":"product_brand-prodigy-disc","7":"product_cat-uudet-prodigy-kiekot","8":"product_cat-syysale","9":"product_cat-uudet-kiekot","10":"product_tag-driver","11":"pa_feidi-289","12":"pa_liito-274","13":"pa_nopeus-267","14":"pa_vakaus-zero","15":"pa_vari-vihrea","17":"first","18":"instock","19":"sale","20":"taxable","21":"shipping-taxable","22":"product-type-variable"},"acf":[],"_links":{"self":[{"href":"https:\/\/topdisc.fi\/en\/wp-json\/wp\/v2\/product\/234582","targetHints":{"allow":["GET"]}}],"collection":[{"href":"https:\/\/topdisc.fi\/en\/wp-json\/wp\/v2\/product"}],"about":[{"href":"https:\/\/topdisc.fi\/en\/wp-json\/wp\/v2\/types\/product"}],"replies":[{"embeddable":true,"href":"https:\/\/topdisc.fi\/en\/wp-json\/wp\/v2\/comments?post=234582"}],"version-history":[{"count":1,"href":"https:\/\/topdisc.fi\/en\/wp-json\/wp\/v2\/product\/234582\/revisions"}],"predecessor-version":[{"id":264140,"href":"https:\/\/topdisc.fi\/en\/wp-json\/wp\/v2\/product\/234582\/revisions\/264140"}],"wp:featuredmedia":[{"embeddable":true,"href":"https:\/\/topdisc.fi\/en\/wp-json\/wp\/v2\/media\/234584"}],"wp:attachment":[{"href":"https:\/\/topdisc.fi\/en\/wp-json\/wp\/v2\/media?parent=234582"}],"wp:term":[{"taxonomy":"product_brand","embeddable":true,"href":"https:\/\/topdisc.fi\/en\/wp-json\/wp\/v2\/product_brand?post=234582"},{"taxonomy":"product_cat","embeddable":true,"href":"https:\/\/topdisc.fi\/en\/wp-json\/wp\/v2\/product_cat?post=234582"},{"taxonomy":"product_tag","embeddable":true,"href":"https:\/\/topdisc.fi\/en\/wp-json\/wp\/v2\/product_tag?post=234582"}],"curies":[{"name":"wp","href":"https:\/\/api.w.org\/{rel}","templated":true}]}}