{"id":239729,"date":"2025-01-17T19:18:59","date_gmt":"2025-01-17T17:18:59","guid":{"rendered":"https:\/\/topdisc.fi\/?post_type=product&#038;p=239729"},"modified":"2025-02-16T09:01:39","modified_gmt":"2025-02-16T07:01:39","slug":"en-halua-ilmaiskiekkoa-copy","status":"publish","type":"product","link":"https:\/\/topdisc.fi\/en\/product\/en-halua-ilmaiskiekkoa-copy\/","title":{"rendered":"Mystery disc value \u20ac20"},"content":{"rendered":"<p>Jokaisen tilauksen yhteydess\u00e4 saat mysteerikiekon! Muista ilmoittaa, mink\u00e4tyylisen haluaisit, niin lis\u00e4t\u00e4\u00e4n se tilaukseesi.<\/p>","protected":false},"excerpt":{"rendered":"<p>Jokaisen tilauksen yhteydess\u00e4 saat mysteerikiekon! Muista ilmoittaa, mink\u00e4tyylisen haluaisit, niin lis\u00e4t\u00e4\u00e4n se tilaukseesi.<\/p>","protected":false},"featured_media":239730,"comment_status":"open","ping_status":"closed","template":"","meta":{"_acf_changed":false,"om_disable_all_campaigns":false,"_improvement_type_select":"improve_an_existing","_thumb_yes_seoaic":false,"_frame_yes_seoaic":false,"seoaic_generate_description":"","seoaic_improve_instructions_prompt":"","seoaic_rollback_content_improvement":"","seoaic_idea_thumbnail_generator":"","thumbnail_generated":false,"thumbnail_generate_prompt":"","seoaic_article_description":""},"product_brand":[],"product_cat":[1788],"product_tag":[555],"class_list":{"0":"post-239729","1":"product","2":"type-product","3":"status-publish","4":"has-post-thumbnail","6":"product_cat-ilmaiskiekot-3","7":"product_tag-driver","8":"pa_feidi-288","9":"pa_kunto-b-2","10":"pa_liito-274","11":"pa_nopeus-267","12":"pa_paino-319","13":"pa_vakaus-281","15":"first","16":"instock","17":"shipping-taxable","18":"purchasable","19":"product-type-simple"},"acf":[],"_links":{"self":[{"href":"https:\/\/topdisc.fi\/en\/wp-json\/wp\/v2\/product\/239729","targetHints":{"allow":["GET"]}}],"collection":[{"href":"https:\/\/topdisc.fi\/en\/wp-json\/wp\/v2\/product"}],"about":[{"href":"https:\/\/topdisc.fi\/en\/wp-json\/wp\/v2\/types\/product"}],"replies":[{"embeddable":true,"href":"https:\/\/topdisc.fi\/en\/wp-json\/wp\/v2\/comments?post=239729"}],"version-history":[{"count":0,"href":"https:\/\/topdisc.fi\/en\/wp-json\/wp\/v2\/product\/239729\/revisions"}],"wp:featuredmedia":[{"embeddable":true,"href":"https:\/\/topdisc.fi\/en\/wp-json\/wp\/v2\/media\/239730"}],"wp:attachment":[{"href":"https:\/\/topdisc.fi\/en\/wp-json\/wp\/v2\/media?parent=239729"}],"wp:term":[{"taxonomy":"product_brand","embeddable":true,"href":"https:\/\/topdisc.fi\/en\/wp-json\/wp\/v2\/product_brand?post=239729"},{"taxonomy":"product_cat","embeddable":true,"href":"https:\/\/topdisc.fi\/en\/wp-json\/wp\/v2\/product_cat?post=239729"},{"taxonomy":"product_tag","embeddable":true,"href":"https:\/\/topdisc.fi\/en\/wp-json\/wp\/v2\/product_tag?post=239729"}],"curies":[{"name":"wp","href":"https:\/\/api.w.org\/{rel}","templated":true}]}}