{"id":241293,"date":"2025-03-05T16:08:58","date_gmt":"2025-03-05T14:08:58","guid":{"rendered":"https:\/\/topdisc.fi\/?post_type=product&#038;p=241293"},"modified":"2026-01-27T16:35:14","modified_gmt":"2026-01-27T14:35:14","slug":"discmania-s-line-md3","status":"publish","type":"product","link":"https:\/\/topdisc.fi\/en\/product\/discmania-s-line-md3\/","title":{"rendered":"Discmania S-line MD3"},"content":{"rendered":"<p>Discmania S-line MD3<\/p>\n<p>Flight values: 5 5 0 1<\/p>\n<p data-start=\"59\" data-end=\"350\">The MD3 is Discmania&#039;s most popular midrange disc, and for good reason. It&#039;s a versatile and stable disc that performs reliably on all types of throw lines and angles. Whether you&#039;re a beginner or an experienced thrower, the MD3 offers the control and precision you need for your midrange game.<\/p>\n<p data-start=\"352\" data-end=\"595\">The MD3 has a pleasant, full feel in the hand and a balanced flight characteristic that allows for straight, lightly fading and controlled anhyzer casts. It also withstands stronger casts, maintaining a reliable trajectory.<\/p>\n<p data-start=\"597\" data-end=\"730\" data-is-last-node=\"\" data-is-only-node=\"\">Jos etsit &#8221;tee-se-kaikki&#8221; -tyyppist\u00e4 midrange-kiekkoa, MD3 on varma valinta. Hallitse v\u00e4yl\u00e4t ja nosta pelisi uudelle tasolle MD3:lla!<\/p>","protected":false},"excerpt":{"rendered":"<p>Discmania S-line MD3<\/p>\n<p>Flight values: 5 5 0 1<\/p>\n<p data-start=\"59\" data-end=\"350\">The MD3 is Discmania&#039;s most popular midrange disc, and for good reason. It&#039;s a versatile and stable disc that performs reliably on all types of throw lines and angles. Whether you&#039;re a beginner or an experienced thrower, the MD3 offers the control and precision you need for your midrange game.<\/p>\n<p data-start=\"352\" data-end=\"595\">The MD3 has a pleasant, full feel in the hand and a balanced flight characteristic that allows for straight, lightly fading and controlled anhyzer casts. It also withstands stronger casts, maintaining a reliable trajectory.<\/p>\n<p data-start=\"597\" data-end=\"730\" data-is-last-node=\"\" data-is-only-node=\"\">Jos etsit &#8221;tee-se-kaikki&#8221; -tyyppist\u00e4 midrange-kiekkoa, MD3 on varma valinta. Hallitse v\u00e4yl\u00e4t ja nosta pelisi uudelle tasolle MD3:lla!<\/p>","protected":false},"featured_media":241298,"comment_status":"open","ping_status":"closed","template":"","meta":{"_acf_changed":false,"om_disable_all_campaigns":false,"_improvement_type_select":"improve_an_existing","_thumb_yes_seoaic":false,"_frame_yes_seoaic":false,"seoaic_generate_description":"","seoaic_improve_instructions_prompt":"","seoaic_rollback_content_improvement":"","seoaic_idea_thumbnail_generator":"","thumbnail_generated":false,"thumbnail_generate_prompt":"","seoaic_article_description":""},"product_brand":[4855],"product_cat":[2625,656,1861,73],"product_tag":[566,839,569],"class_list":{"0":"post-241293","1":"product","2":"type-product","3":"status-publish","4":"has-post-thumbnail","6":"product_brand-discmania","7":"product_cat-valmistajat","8":"product_cat-discmania-kaikki","9":"product_cat-discmania-uudet-kiekot","10":"product_cat-uutuudet","11":"product_tag-midari","12":"product_tag-midrange","13":"product_tag-ylivakaa","14":"pa_feidi-286","15":"pa_kunto-ba","16":"pa_liito-274","17":"pa_nopeus-259","18":"pa_paino-325","19":"pa_vakaus-zero","20":"pa_valmistajat-discmania","21":"pa_vari-oranssi","22":"pa_vari-pinkki","23":"pa_vari-sininen","25":"first","26":"instock","27":"taxable","28":"shipping-taxable","29":"purchasable","30":"product-type-variable"},"acf":[],"_links":{"self":[{"href":"https:\/\/topdisc.fi\/en\/wp-json\/wp\/v2\/product\/241293","targetHints":{"allow":["GET"]}}],"collection":[{"href":"https:\/\/topdisc.fi\/en\/wp-json\/wp\/v2\/product"}],"about":[{"href":"https:\/\/topdisc.fi\/en\/wp-json\/wp\/v2\/types\/product"}],"replies":[{"embeddable":true,"href":"https:\/\/topdisc.fi\/en\/wp-json\/wp\/v2\/comments?post=241293"}],"version-history":[{"count":1,"href":"https:\/\/topdisc.fi\/en\/wp-json\/wp\/v2\/product\/241293\/revisions"}],"predecessor-version":[{"id":263710,"href":"https:\/\/topdisc.fi\/en\/wp-json\/wp\/v2\/product\/241293\/revisions\/263710"}],"wp:featuredmedia":[{"embeddable":true,"href":"https:\/\/topdisc.fi\/en\/wp-json\/wp\/v2\/media\/241298"}],"wp:attachment":[{"href":"https:\/\/topdisc.fi\/en\/wp-json\/wp\/v2\/media?parent=241293"}],"wp:term":[{"taxonomy":"product_brand","embeddable":true,"href":"https:\/\/topdisc.fi\/en\/wp-json\/wp\/v2\/product_brand?post=241293"},{"taxonomy":"product_cat","embeddable":true,"href":"https:\/\/topdisc.fi\/en\/wp-json\/wp\/v2\/product_cat?post=241293"},{"taxonomy":"product_tag","embeddable":true,"href":"https:\/\/topdisc.fi\/en\/wp-json\/wp\/v2\/product_tag?post=241293"}],"curies":[{"name":"wp","href":"https:\/\/api.w.org\/{rel}","templated":true}]}}