{"id":241507,"date":"2025-03-13T10:08:50","date_gmt":"2025-03-13T08:08:50","guid":{"rendered":"https:\/\/topdisc.fi\/?post_type=product&#038;p=241507"},"modified":"2026-02-19T00:09:19","modified_gmt":"2026-02-18T22:09:19","slug":"assa-disc-golf-set-samuel-hanninen","status":"publish","type":"product","link":"https:\/\/topdisc.fi\/en\/product\/assa-disc-golf-set-samuel-hanninen\/","title":{"rendered":"Ace Disc Golf Set \u2013 Samuel H\u00e4nninen"},"content":{"rendered":"<h3 data-start=\"137\" data-end=\"193\"><strong data-start=\"141\" data-end=\"191\">Ace Disc Golf Set \u2013 Samuel H\u00e4nninen Signature set<\/strong><\/h3>\n<p>Samuelin b\u00e4giss\u00e4 on kolme suomalaista huippukiekkoa: Origo, Jokeri ja Talisman. Samuel suunnitteli setin niin, ett\u00e4 se palvelee sek\u00e4 aloittelevia heitt\u00e4ji\u00e4 ett\u00e4 huippupelaajia. Graafikot taiteilivat niist\u00e4 Samuelin signature-setin, joka on nyt saatavilla kaikille lajin yst\u00e4ville.<\/p>\n<p>\u00c4ss\u00e4-setti on loistava lis\u00e4 b\u00e4giin kuin b\u00e4giin. Ostamalla Samuelin signature-setin tai yksitt\u00e4isen kiekon tuet samalla h\u00e4nen matkaansa kohti Suomen MM-kisoja 2025 \u2013 tuotot kiekoista menev\u00e4t Sampan kiertuekuluihin.<\/p>\n<p>Setti sis\u00e4lt\u00e4\u00e4 juuri n\u00e4m\u00e4 kolme moldia, ja kiekkojen v\u00e4ri voi vaihdella, mutta voit j\u00e4tt\u00e4\u00e4 kommentteihin v\u00e4ritoiveen, ja pyrimme toteuttamaan sen mahdollisuuksien mukaan.<\/p>\n<h3 data-start=\"901\" data-end=\"955\"><strong data-start=\"905\" data-end=\"953\"><a href=\"https:\/\/www.youtube.com\/shorts\/PS1rjQXDOxc\" target=\"_blank\" rel=\"noopener\">Joker<\/a> \u2013 Stable and reliable putter<\/strong><\/h3>\n<p data-start=\"956\" data-end=\"1186\">The Joker is one of Prodiscus&#039; most popular discs, known for its accuracy and stability. It works great for both putting and approaches, offering confident and predictable throws even in windy conditions.<\/p>\n<p data-start=\"1188\" data-end=\"1219\"><strong data-start=\"1188\" data-end=\"1203\">Flight values:<\/strong> 3 | 3 | 1 | 2<\/p>\n<h3 data-start=\"1221\" data-end=\"1296\"><strong data-start=\"1225\" data-end=\"1294\">Ultrium Origo \u2013 A straight-flying and easy-to-control putter<\/strong><\/h3>\n<p data-start=\"1297\" data-end=\"1556\">The Origo is a straight-flight putter that offers excellent control and a light final fade. It&#039;s perfect for precise putts and approaches, and its neutral flight makes it a great choice for players looking to improve their technique.<\/p>\n<p data-start=\"1558\" data-end=\"1589\"><strong data-start=\"1558\" data-end=\"1573\">Flight values:<\/strong> 3 | 4 | 0 | 1<\/p>\n<h3 data-start=\"1591\" data-end=\"1654\"><strong data-start=\"1595\" data-end=\"1652\">Ultrium Talisman \u2013 Accurate and controllable bus driver<\/strong><\/h3>\n<p data-start=\"1655\" data-end=\"1966\">The Talisman is an easy-to-control fairway driver that combines excellent accuracy with moderate stability. Its straight flight and light final fade make it an excellent choice for both beginners and advanced players looking to add distance to their shots without the challenges of over-stability.<\/p>\n<p data-start=\"1968\" data-end=\"1999\"><strong data-start=\"1968\" data-end=\"1983\">Flight values:<\/strong> 9 | 4 | 0 | 2<\/p>\n<p data-start=\"2006\" data-end=\"2192\">With this trio, you&#039;ll be fine in any situation \u2013 precise putts, controlled approaches and smooth drives are just a throw away! <strong data-start=\"2139\" data-end=\"2190\">Get the Ace Set and take your game to the next level!<\/strong><\/p>\n<p data-start=\"2194\" data-end=\"2270\" data-is-last-node=\"\" data-is-only-node=\"\"><strong>? <em data-start=\"2197\" data-end=\"2270\" data-is-last-node=\"\">Note! The colors of the discs in the Ace set may not match the colors in the picture.<\/em><\/strong><\/p>\n<p><iframe loading=\"lazy\" title=\"Can I get by with just signature discs?\" width=\"500\" height=\"281\" src=\"https:\/\/www.youtube.com\/embed\/dcD4gOCdF7I?feature=oembed\" frameborder=\"0\" allow=\"accelerometer; autoplay; clipboard-write; encrypted-media; gyroscope; picture-in-picture; web-share\" referrerpolicy=\"strict-origin-when-cross-origin\" allowfullscreen><\/iframe><\/p>","protected":false},"excerpt":{"rendered":"<h3 data-start=\"137\" data-end=\"193\"><strong data-start=\"141\" data-end=\"191\">Ace Disc Golf Set \u2013 Samuel H\u00e4nninen Signature set<\/strong><\/h3>\n<p data-start=\"195\" data-end=\"485\">Samuel&#039;s bag contains three top Finnish hockey players: <strong data-start=\"248\" data-end=\"277\">Origo, Joker and Talisman<\/strong>. Samuel designed the set to serve both beginner throwers and advanced players. The graphic designers used them to create Samuel&#039;s <strong data-start=\"414\" data-end=\"433\">signature set<\/strong>, which is now available to all fans of the sport.<\/p>\n<p data-start=\"487\" data-end=\"710\"><strong data-start=\"487\" data-end=\"538\">The Ace set is a great addition to any bag.<\/strong> Ostamalla Samuelin signature-setin tai yksitt\u00e4isen kiekon tuet samalla h\u00e4nen\u00a0 <strong data-start=\"632\" data-end=\"657\">kisoja 2026<\/strong>\u00a0\u2013 the proceeds from the pucks will go towards Sampa&#039;s tour expenses.<\/p>\n<p data-start=\"712\" data-end=\"892\">The set includes: <strong data-start=\"727\" data-end=\"754\">just these three molds<\/strong>, and the color of the discs may vary, but you can leave <strong data-start=\"807\" data-end=\"836\">color request in the comments<\/strong>, and we will strive to implement it as much as possible.<\/p>\n<p data-start=\"2194\" data-end=\"2270\" data-is-last-node=\"\" data-is-only-node=\"\"><strong>? <em data-start=\"2197\" data-end=\"2270\" data-is-last-node=\"\">Note! The colors of the discs in the Ace set may not match the colors in the picture.<\/em><\/strong><\/p>","protected":false},"featured_media":258685,"comment_status":"open","ping_status":"closed","template":"","meta":{"_acf_changed":false,"om_disable_all_campaigns":false,"_improvement_type_select":"improve_an_existing","_thumb_yes_seoaic":false,"_frame_yes_seoaic":false,"seoaic_generate_description":"","seoaic_improve_instructions_prompt":"","seoaic_rollback_content_improvement":"","seoaic_idea_thumbnail_generator":"","thumbnail_generated":false,"thumbnail_generate_prompt":"","seoaic_article_description":""},"product_brand":[4873],"product_cat":[4063,1834,369,678,1817,73],"product_tag":[],"class_list":{"0":"post-241507","1":"product","2":"type-product","3":"status-publish","4":"has-post-thumbnail","6":"product_brand-prodiscus","7":"product_cat-fundraiser","8":"product_cat-prodiscus-uudet-frisbeegolfkiekot-2","9":"product_cat-signature-kiekot","10":"product_cat-spessut","11":"product_cat-uudet-kiekot","12":"product_cat-uutuudet","14":"first","15":"instock","16":"taxable","17":"shipping-taxable","18":"purchasable","19":"product-type-simple"},"acf":[],"_links":{"self":[{"href":"https:\/\/topdisc.fi\/en\/wp-json\/wp\/v2\/product\/241507","targetHints":{"allow":["GET"]}}],"collection":[{"href":"https:\/\/topdisc.fi\/en\/wp-json\/wp\/v2\/product"}],"about":[{"href":"https:\/\/topdisc.fi\/en\/wp-json\/wp\/v2\/types\/product"}],"replies":[{"embeddable":true,"href":"https:\/\/topdisc.fi\/en\/wp-json\/wp\/v2\/comments?post=241507"}],"version-history":[{"count":4,"href":"https:\/\/topdisc.fi\/en\/wp-json\/wp\/v2\/product\/241507\/revisions"}],"predecessor-version":[{"id":266632,"href":"https:\/\/topdisc.fi\/en\/wp-json\/wp\/v2\/product\/241507\/revisions\/266632"}],"wp:featuredmedia":[{"embeddable":true,"href":"https:\/\/topdisc.fi\/en\/wp-json\/wp\/v2\/media\/258685"}],"wp:attachment":[{"href":"https:\/\/topdisc.fi\/en\/wp-json\/wp\/v2\/media?parent=241507"}],"wp:term":[{"taxonomy":"product_brand","embeddable":true,"href":"https:\/\/topdisc.fi\/en\/wp-json\/wp\/v2\/product_brand?post=241507"},{"taxonomy":"product_cat","embeddable":true,"href":"https:\/\/topdisc.fi\/en\/wp-json\/wp\/v2\/product_cat?post=241507"},{"taxonomy":"product_tag","embeddable":true,"href":"https:\/\/topdisc.fi\/en\/wp-json\/wp\/v2\/product_tag?post=241507"}],"curies":[{"name":"wp","href":"https:\/\/api.w.org\/{rel}","templated":true}]}}