{"id":252239,"date":"2025-07-15T14:45:55","date_gmt":"2025-07-15T11:45:55","guid":{"rendered":"https:\/\/topdisc.fi\/?post_type=product&#038;p=252239"},"modified":"2026-01-27T17:46:19","modified_gmt":"2026-01-27T15:46:19","slug":"prodigy-pa-5-750-spectrum-will-schusterick-2025-signature-series","status":"publish","type":"product","link":"https:\/\/topdisc.fi\/en\/product\/prodigy-pa-5-750-spectrum-will-schusterick-2025-signature-series\/","title":{"rendered":"Prodigy PA-5 750 Spectrum &#8211; Will Schusterick 2025 Signature Series"},"content":{"rendered":"<p>Prodigy PA-5 750 Spectrum &#8211; Will Schusterick 2025 Signature Series<\/p>\n<p>Lentoarvot: 3 4 -2 0.5<\/p>\n<p class=\"\" data-start=\"0\" data-end=\"98\">Esittelyss\u00e4 Will Schusterickin 2025 Signature Series PA-5 750 Spectrum:\u00a0<em data-start=\"72\" data-end=\"97\">Sunrise of Rejuvenation<\/em>.<\/p>\n<p class=\"\" data-start=\"100\" data-end=\"373\"><strong data-start=\"100\" data-end=\"127\">Sunrise of Rejuvenation<\/strong>\u00a0on parantava voima, joka levitt\u00e4\u00e4 valons\u00e4teit\u00e4\u00e4n maan ylle palauttaen elinvoimaa kaikille elollisille olennoille. Kun valo koskettaa maata, heikot saavat voimaa, eksyneet l\u00f6yt\u00e4v\u00e4t tiens\u00e4 ja pelokkaat t\u00e4yttyv\u00e4t rohkeudella.<\/p>\n<p class=\"\" data-start=\"375\" data-end=\"905\">Will valitsi putti- ja l\u00e4hestymiskiekokseen\u00a0<strong data-start=\"419\" data-end=\"429\">PA-5:n<\/strong>\u00a0750 Spectrum -muovissa. PA-5 on silkinpehme\u00e4 alivakaa putteri, joka lent\u00e4\u00e4 kauniisti hitailla turnover-linjoilla ja suorilla hyzerflip-heitoilla. Rimmi tuntuu kapealta k\u00e4dessa, mik\u00e4 tekee irrotuksesta helppoa. T\u00e4m\u00e4 muoto tuo kiekkoon my\u00f6s hieman lis\u00e4vauhtia, jonka huomaat nopeasti heitett\u00e4ess\u00e4. Puttauksessa PA-5 sopii pelaajille, jotka pit\u00e4v\u00e4t suorasta putterista, joka ei liiku liikaa oikealle tai vasemmalle k\u00e4dest\u00e4 l\u00e4htiess\u00e4 \u2014 se toimii hienosti my\u00f6s pidemmiss\u00e4 heitoissa.<\/p>\n<p>Jokainen kiekko on oma upea uniikki yksil\u00f6ns\u00e4 \u2013 takuuvarma katseenk\u00e4\u00e4nt\u00e4j\u00e4 jokaisella heitolla.<\/p>","protected":false},"excerpt":{"rendered":"<p>Prodigy PA-5 750 Spectrum &#8211; Will Schusterick 2025 Signature Series<\/p>\n<p>Lentoarvot: 3 4 -2 0.5<\/p>\n<p class=\"\" data-start=\"0\" data-end=\"98\">Esittelyss\u00e4 Will Schusterickin 2025 Signature Series PA-5 750 Spectrum:\u00a0<em data-start=\"72\" data-end=\"97\">Sunrise of Rejuvenation<\/em>.<\/p>\n<p class=\"\" data-start=\"100\" data-end=\"373\"><strong data-start=\"100\" data-end=\"127\">Sunrise of Rejuvenation<\/strong>\u00a0on parantava voima, joka levitt\u00e4\u00e4 valons\u00e4teit\u00e4\u00e4n maan ylle palauttaen elinvoimaa kaikille elollisille olennoille. Kun valo koskettaa maata, heikot saavat voimaa, eksyneet l\u00f6yt\u00e4v\u00e4t tiens\u00e4 ja pelokkaat t\u00e4yttyv\u00e4t rohkeudella.<\/p>\n<p class=\"\" data-start=\"375\" data-end=\"905\">Will valitsi putti- ja l\u00e4hestymiskiekokseen\u00a0<strong data-start=\"419\" data-end=\"429\">PA-5:n<\/strong>\u00a0750 Spectrum -muovissa. PA-5 on silkinpehme\u00e4 alivakaa putteri, joka lent\u00e4\u00e4 kauniisti hitailla turnover-linjoilla ja suorilla hyzerflip-heitoilla. Rimmi tuntuu kapealta k\u00e4dessa, mik\u00e4 tekee irrotuksesta helppoa. T\u00e4m\u00e4 muoto tuo kiekkoon my\u00f6s hieman lis\u00e4vauhtia, jonka huomaat nopeasti heitett\u00e4ess\u00e4. Puttauksessa PA-5 sopii pelaajille, jotka pit\u00e4v\u00e4t suorasta putterista, joka ei liiku liikaa oikealle tai vasemmalle k\u00e4dest\u00e4 l\u00e4htiess\u00e4 \u2014 se toimii hienosti my\u00f6s pidemmiss\u00e4 heitoissa.<\/p>\n<p>Jokainen kiekko on oma upea uniikki yksil\u00f6ns\u00e4 \u2013 takuuvarma katseenk\u00e4\u00e4nt\u00e4j\u00e4 jokaisella heitolla.<\/p>","protected":false},"featured_media":252573,"comment_status":"open","ping_status":"closed","template":"","meta":{"_acf_changed":false,"om_disable_all_campaigns":false,"_improvement_type_select":"improve_an_existing","_thumb_yes_seoaic":false,"_frame_yes_seoaic":false,"seoaic_generate_description":"","seoaic_improve_instructions_prompt":"","seoaic_rollback_content_improvement":"","seoaic_idea_thumbnail_generator":"","thumbnail_generated":false,"thumbnail_generate_prompt":"","seoaic_article_description":""},"product_brand":[4872],"product_cat":[1817,1900,1832,369,678,73,2625],"product_tag":[2319],"class_list":{"0":"post-252239","1":"product","2":"type-product","3":"status-publish","4":"has-post-thumbnail","6":"product_brand-prodigy-disc","7":"product_cat-uudet-kiekot","8":"product_cat-prodigy-kaikki-kiekot","9":"product_cat-uudet-prodigy-kiekot","10":"product_cat-signature-kiekot","11":"product_cat-spessut","12":"product_cat-uutuudet","13":"product_cat-valmistajat","14":"product_tag-signature","15":"pa_feidi-0-5","16":"pa_liito-273","17":"pa_nopeus-257","18":"pa_paino-326","19":"pa_paino-331","20":"pa_vakaus-280","21":"pa_valmistajat-prodigy-discs","22":"pa_vari-keltainen","23":"pa_vari-punainen","24":"pa_vari-sinivihrea","25":"pa_vari-turkoosi","26":"pa_vari-violetti","28":"first","29":"instock","30":"taxable","31":"shipping-taxable","32":"purchasable","33":"product-type-variable"},"acf":[],"_links":{"self":[{"href":"https:\/\/topdisc.fi\/en\/wp-json\/wp\/v2\/product\/252239","targetHints":{"allow":["GET"]}}],"collection":[{"href":"https:\/\/topdisc.fi\/en\/wp-json\/wp\/v2\/product"}],"about":[{"href":"https:\/\/topdisc.fi\/en\/wp-json\/wp\/v2\/types\/product"}],"replies":[{"embeddable":true,"href":"https:\/\/topdisc.fi\/en\/wp-json\/wp\/v2\/comments?post=252239"}],"version-history":[{"count":1,"href":"https:\/\/topdisc.fi\/en\/wp-json\/wp\/v2\/product\/252239\/revisions"}],"predecessor-version":[{"id":264104,"href":"https:\/\/topdisc.fi\/en\/wp-json\/wp\/v2\/product\/252239\/revisions\/264104"}],"wp:featuredmedia":[{"embeddable":true,"href":"https:\/\/topdisc.fi\/en\/wp-json\/wp\/v2\/media\/252573"}],"wp:attachment":[{"href":"https:\/\/topdisc.fi\/en\/wp-json\/wp\/v2\/media?parent=252239"}],"wp:term":[{"taxonomy":"product_brand","embeddable":true,"href":"https:\/\/topdisc.fi\/en\/wp-json\/wp\/v2\/product_brand?post=252239"},{"taxonomy":"product_cat","embeddable":true,"href":"https:\/\/topdisc.fi\/en\/wp-json\/wp\/v2\/product_cat?post=252239"},{"taxonomy":"product_tag","embeddable":true,"href":"https:\/\/topdisc.fi\/en\/wp-json\/wp\/v2\/product_tag?post=252239"}],"curies":[{"name":"wp","href":"https:\/\/api.w.org\/{rel}","templated":true}]}}