{"id":252258,"date":"2025-07-15T15:11:05","date_gmt":"2025-07-15T12:11:05","guid":{"rendered":"https:\/\/topdisc.fi\/?post_type=product&#038;p=252258"},"modified":"2026-01-27T17:46:18","modified_gmt":"2026-01-27T15:46:18","slug":"prodigy-d2-air-spectrum-chantel-budinsky-2025-signature-series","status":"publish","type":"product","link":"https:\/\/topdisc.fi\/en\/product\/prodigy-d2-air-spectrum-chantel-budinsky-2025-signature-series\/","title":{"rendered":"Prodigy D2 AIR Spectrum &#8211; Chantel Budinsky 2025 Signature Series"},"content":{"rendered":"<p>Prodigy D2 AIR Spectrum &#8211; Chantel Budinsky 2025 Signature Series<\/p>\n<p>Flight values: 12 5 0 3<\/p>\n<p class=\"\" data-start=\"101\" data-end=\"300\"><strong data-start=\"101\" data-end=\"114\">Esittelyss\u00e4 Chantel Budinskyn 2025 Signature Series D2 AIR Spectrum:\u00a0<em data-start=\"69\" data-end=\"98\">Frostbite, Blizzard&#8217;s Wrath<\/em>.<\/strong><\/p>\n<p class=\"\" data-start=\"101\" data-end=\"300\"><strong data-start=\"101\" data-end=\"114\">Frostbite<\/strong>\u00a0on syntynyt pohjoisen armottomimmista tuulista. Se hallitsee lumimyrskyj\u00e4 ja kutsuu esiin myrskyj\u00e4, jotka j\u00e4\u00e4dytt\u00e4v\u00e4t kaiken tielt\u00e4\u00e4n \u2014 j\u00e4tt\u00e4en j\u00e4lkeens\u00e4 vain huurretta ja hiljaisuutta.<\/p>\n<p class=\"\" data-start=\"302\" data-end=\"790\">Chantel valitsi driverikseen\u00a0<strong data-start=\"339\" data-end=\"363\">D2 Distance Driverin<\/strong>\u00a0AIR Spectrum -muovissa. Prodigy Disc D2 on eritt\u00e4in nopea ja ylivakaa draiveri, suunniteltu kovaa heitt\u00e4ville pelaajille. Se on hieman v\u00e4hemm\u00e4n ylivakaa kuin D1, ja toimii erinomaisesti kaikissa olosuhteissa \u2014 lent\u00e4en hyvin sek\u00e4 vastatuuleen ett\u00e4 my\u00f6t\u00e4tuuleen. AIR-muovin kevyemm\u00e4ss\u00e4 versiossa kiekko tarjoaa anteeksiantavamman lennon ja enemm\u00e4n liitoa, mik\u00e4 sopii erinomaisesti my\u00f6s hieman hiljempaa heitt\u00e4ville pelaajille.<\/p>\n<p class=\"\" data-start=\"792\" data-end=\"933\">Jokainen kiekko on oma upea uniikki yksil\u00f6ns\u00e4 \u2013 takuuvarma katseenk\u00e4\u00e4nt\u00e4j\u00e4 jokaisella heitolla.<\/p>","protected":false},"excerpt":{"rendered":"<p>Prodigy D2 AIR Spectrum &#8211; Chantel Budinsky 2025 Signature Series<\/p>\n<p>Flight values: 12 5 0 3<\/p>\n<p class=\"\" data-start=\"101\" data-end=\"300\"><strong data-start=\"101\" data-end=\"114\">Esittelyss\u00e4 Chantel Budinskyn 2025 Signature Series D2 AIR Spectrum:\u00a0<em data-start=\"69\" data-end=\"98\">Frostbite, Blizzard&#8217;s Wrath<\/em>.<\/strong><\/p>\n<p class=\"\" data-start=\"101\" data-end=\"300\"><strong data-start=\"101\" data-end=\"114\">Frostbite<\/strong>\u00a0on syntynyt pohjoisen armottomimmista tuulista. Se hallitsee lumimyrskyj\u00e4 ja kutsuu esiin myrskyj\u00e4, jotka j\u00e4\u00e4dytt\u00e4v\u00e4t kaiken tielt\u00e4\u00e4n \u2014 j\u00e4tt\u00e4en j\u00e4lkeens\u00e4 vain huurretta ja hiljaisuutta.<\/p>\n<p class=\"\" data-start=\"302\" data-end=\"790\">Chantel valitsi driverikseen\u00a0<strong data-start=\"339\" data-end=\"363\">D2 Distance Driverin<\/strong>\u00a0AIR Spectrum -muovissa. Prodigy Disc D2 on eritt\u00e4in nopea ja ylivakaa draiveri, suunniteltu kovaa heitt\u00e4ville pelaajille. Se on hieman v\u00e4hemm\u00e4n ylivakaa kuin D1, ja toimii erinomaisesti kaikissa olosuhteissa \u2014 lent\u00e4en hyvin sek\u00e4 vastatuuleen ett\u00e4 my\u00f6t\u00e4tuuleen. AIR-muovin kevyemm\u00e4ss\u00e4 versiossa kiekko tarjoaa anteeksiantavamman lennon ja enemm\u00e4n liitoa, mik\u00e4 sopii erinomaisesti my\u00f6s hieman hiljempaa heitt\u00e4ville pelaajille.<\/p>\n<p class=\"\" data-start=\"792\" data-end=\"933\">Jokainen kiekko on oma upea uniikki yksil\u00f6ns\u00e4 \u2013 takuuvarma katseenk\u00e4\u00e4nt\u00e4j\u00e4 jokaisella heitolla.<\/p>","protected":false},"featured_media":252570,"comment_status":"open","ping_status":"closed","template":"","meta":{"_acf_changed":false,"om_disable_all_campaigns":false,"_improvement_type_select":"improve_an_existing","_thumb_yes_seoaic":false,"_frame_yes_seoaic":false,"seoaic_generate_description":"","seoaic_improve_instructions_prompt":"","seoaic_rollback_content_improvement":"","seoaic_idea_thumbnail_generator":"","thumbnail_generated":false,"thumbnail_generate_prompt":"","seoaic_article_description":""},"product_brand":[4872],"product_cat":[1817,1900,1832,369,678,73,2625],"product_tag":[555,2319],"class_list":{"0":"post-252258","1":"product","2":"type-product","3":"status-publish","4":"has-post-thumbnail","6":"product_brand-prodigy-disc","7":"product_cat-uudet-kiekot","8":"product_cat-prodigy-kaikki-kiekot","9":"product_cat-uudet-prodigy-kiekot","10":"product_cat-signature-kiekot","11":"product_cat-spessut","12":"product_cat-uutuudet","13":"product_cat-valmistajat","14":"product_tag-driver","15":"product_tag-signature","16":"pa_feidi-288","17":"pa_liito-274","18":"pa_nopeus-266","19":"pa_paino-312","20":"pa_paino-313","21":"pa_paino-314","22":"pa_vakaus-zero","23":"pa_valmistajat-prodigy-discs","24":"pa_vari-harmaa-keltainen","25":"pa_vari-pinkki-sininen","26":"pa_vari-sininen-vihrea","27":"pa_vari-vihrea-harmaa","29":"first","30":"instock","31":"taxable","32":"shipping-taxable","33":"purchasable","34":"product-type-variable"},"acf":[],"_links":{"self":[{"href":"https:\/\/topdisc.fi\/en\/wp-json\/wp\/v2\/product\/252258","targetHints":{"allow":["GET"]}}],"collection":[{"href":"https:\/\/topdisc.fi\/en\/wp-json\/wp\/v2\/product"}],"about":[{"href":"https:\/\/topdisc.fi\/en\/wp-json\/wp\/v2\/types\/product"}],"replies":[{"embeddable":true,"href":"https:\/\/topdisc.fi\/en\/wp-json\/wp\/v2\/comments?post=252258"}],"version-history":[{"count":1,"href":"https:\/\/topdisc.fi\/en\/wp-json\/wp\/v2\/product\/252258\/revisions"}],"predecessor-version":[{"id":264102,"href":"https:\/\/topdisc.fi\/en\/wp-json\/wp\/v2\/product\/252258\/revisions\/264102"}],"wp:featuredmedia":[{"embeddable":true,"href":"https:\/\/topdisc.fi\/en\/wp-json\/wp\/v2\/media\/252570"}],"wp:attachment":[{"href":"https:\/\/topdisc.fi\/en\/wp-json\/wp\/v2\/media?parent=252258"}],"wp:term":[{"taxonomy":"product_brand","embeddable":true,"href":"https:\/\/topdisc.fi\/en\/wp-json\/wp\/v2\/product_brand?post=252258"},{"taxonomy":"product_cat","embeddable":true,"href":"https:\/\/topdisc.fi\/en\/wp-json\/wp\/v2\/product_cat?post=252258"},{"taxonomy":"product_tag","embeddable":true,"href":"https:\/\/topdisc.fi\/en\/wp-json\/wp\/v2\/product_tag?post=252258"}],"curies":[{"name":"wp","href":"https:\/\/api.w.org\/{rel}","templated":true}]}}