{"id":252266,"date":"2025-07-15T15:23:55","date_gmt":"2025-07-15T12:23:55","guid":{"rendered":"https:\/\/topdisc.fi\/?post_type=product&#038;p=252266"},"modified":"2026-01-27T17:46:17","modified_gmt":"2026-01-27T15:46:17","slug":"prodigy-m4-500-spectrum-matt-hammersten-2025-signature-series","status":"publish","type":"product","link":"https:\/\/topdisc.fi\/en\/product\/prodigy-m4-500-spectrum-matt-hammersten-2025-signature-series\/","title":{"rendered":"Prodigy M4 500 Spectrum &#8211; Matt Hammersten 2025 Signature Series"},"content":{"rendered":"<p class=\"product-meta__title heading h1\">Prodigy M4 500 Spectrum &#8211; Matt Hammersten 2025 Signature Series<\/p>\n<p>Flight values: 5 5 -1 1<\/p>\n<p class=\"\" data-start=\"101\" data-end=\"300\"><strong data-start=\"101\" data-end=\"114\">Esittelyss\u00e4 Matt Hammerstenin 2025 Signature Series D2 AIR Spectrum: Thor, God Of Thunder.<\/strong><\/p>\n<p class=\"\" data-start=\"101\" data-end=\"300\">Ihmiskunnan suojelija <strong>Thor<\/strong> komentaa salaman ja ukkosen voimaa ajaakseen pahat henget pois. Jokaisella mahtavan vasaransa ly\u00f6nnill\u00e4, suojaa h\u00e4n maailmaa kaaokselta ja tuholta.<\/p>\n<p data-start=\"101\" data-end=\"300\"><strong>Matt<\/strong> valitsi kiekokseen <strong>M4 500 Spectrumin<\/strong>. T\u00e4m\u00e4 ikoninen midari on eritt\u00e4in luotettavan alivakaa. Kiekko on suunniteltu kaiken tasoisille pelaajille ja on midariksi eritt\u00e4in pitk\u00e4lle lent\u00e4v\u00e4. M4 k\u00e4\u00e4nt\u00e4\u00e4 yli lujaa heitett\u00e4ess\u00e4, liit\u00e4\u00e4 pitk\u00e4\u00e4n ja loppua kohden omaa pehme\u00e4n suoran feidin.<\/p>\n<p class=\"\" data-start=\"792\" data-end=\"933\">Jokainen kiekko on oma upea uniikki yksil\u00f6ns\u00e4 \u2013 takuuvarma katseenk\u00e4\u00e4nt\u00e4j\u00e4 jokaisella heitolla.<\/p>","protected":false},"excerpt":{"rendered":"<p class=\"product-meta__title heading h1\">Prodigy M4 500 Spectrum &#8211; Matt Hammersten 2025 Signature Series<\/p>\n<p>Flight values: 5 5 -1 1<\/p>\n<p class=\"\" data-start=\"101\" data-end=\"300\"><strong data-start=\"101\" data-end=\"114\">Esittelyss\u00e4 Matt Hammerstenin 2025 Signature Series D2 AIR Spectrum: Thor, God Of Thunder.<\/strong><\/p>\n<p class=\"\" data-start=\"101\" data-end=\"300\">Ihmiskunnan suojelija <strong>Thor<\/strong> komentaa salaman ja ukkosen voimaa ajaakseen pahat henget pois. Jokaisella mahtavan vasaransa ly\u00f6nnill\u00e4, suojaa h\u00e4n maailmaa kaaokselta ja tuholta.<\/p>\n<p data-start=\"101\" data-end=\"300\"><strong>Matt<\/strong> valitsi kiekokseen <strong>M4 500 Spectrumin<\/strong>. T\u00e4m\u00e4 ikoninen midari on eritt\u00e4in luotettavan alivakaa. Kiekko on suunniteltu kaiken tasoisille pelaajille ja on midariksi eritt\u00e4in pitk\u00e4lle lent\u00e4v\u00e4. M4 k\u00e4\u00e4nt\u00e4\u00e4 yli lujaa heitett\u00e4ess\u00e4, liit\u00e4\u00e4 pitk\u00e4\u00e4n ja loppua kohden omaa pehme\u00e4n suoran feidin.<\/p>\n<p class=\"\" data-start=\"792\" data-end=\"933\">Jokainen kiekko on oma upea uniikki yksil\u00f6ns\u00e4 \u2013 takuuvarma katseenk\u00e4\u00e4nt\u00e4j\u00e4 jokaisella heitolla.<\/p>","protected":false},"featured_media":252568,"comment_status":"open","ping_status":"closed","template":"","meta":{"_acf_changed":false,"om_disable_all_campaigns":false,"_improvement_type_select":"improve_an_existing","_thumb_yes_seoaic":false,"_frame_yes_seoaic":false,"seoaic_generate_description":"","seoaic_improve_instructions_prompt":"","seoaic_rollback_content_improvement":"","seoaic_idea_thumbnail_generator":"","thumbnail_generated":false,"thumbnail_generate_prompt":"","seoaic_article_description":""},"product_brand":[4872],"product_cat":[1817,1900,1832,369,678,73,2625],"product_tag":[839,2319],"class_list":{"0":"post-252266","1":"product","2":"type-product","3":"status-publish","4":"has-post-thumbnail","6":"product_brand-prodigy-disc","7":"product_cat-uudet-kiekot","8":"product_cat-prodigy-kaikki-kiekot","9":"product_cat-uudet-prodigy-kiekot","10":"product_cat-signature-kiekot","11":"product_cat-spessut","12":"product_cat-uutuudet","13":"product_cat-valmistajat","14":"product_tag-midrange","15":"product_tag-signature","16":"pa_feidi-286","17":"pa_liito-274","18":"pa_nopeus-259","19":"pa_paino-332","20":"pa_paino-328","21":"pa_paino-329","22":"pa_vakaus-281","23":"pa_valmistajat-prodigy-discs","24":"pa_vari-lila-valkoinen","25":"pa_vari-pinkki-valkoinen","26":"pa_vari-sininen","27":"pa_vari-sininen-violetti","28":"pa_vari-sinivihrea","30":"first","31":"instock","32":"taxable","33":"shipping-taxable","34":"purchasable","35":"product-type-variable"},"acf":[],"_links":{"self":[{"href":"https:\/\/topdisc.fi\/en\/wp-json\/wp\/v2\/product\/252266","targetHints":{"allow":["GET"]}}],"collection":[{"href":"https:\/\/topdisc.fi\/en\/wp-json\/wp\/v2\/product"}],"about":[{"href":"https:\/\/topdisc.fi\/en\/wp-json\/wp\/v2\/types\/product"}],"replies":[{"embeddable":true,"href":"https:\/\/topdisc.fi\/en\/wp-json\/wp\/v2\/comments?post=252266"}],"version-history":[{"count":1,"href":"https:\/\/topdisc.fi\/en\/wp-json\/wp\/v2\/product\/252266\/revisions"}],"predecessor-version":[{"id":264101,"href":"https:\/\/topdisc.fi\/en\/wp-json\/wp\/v2\/product\/252266\/revisions\/264101"}],"wp:featuredmedia":[{"embeddable":true,"href":"https:\/\/topdisc.fi\/en\/wp-json\/wp\/v2\/media\/252568"}],"wp:attachment":[{"href":"https:\/\/topdisc.fi\/en\/wp-json\/wp\/v2\/media?parent=252266"}],"wp:term":[{"taxonomy":"product_brand","embeddable":true,"href":"https:\/\/topdisc.fi\/en\/wp-json\/wp\/v2\/product_brand?post=252266"},{"taxonomy":"product_cat","embeddable":true,"href":"https:\/\/topdisc.fi\/en\/wp-json\/wp\/v2\/product_cat?post=252266"},{"taxonomy":"product_tag","embeddable":true,"href":"https:\/\/topdisc.fi\/en\/wp-json\/wp\/v2\/product_tag?post=252266"}],"curies":[{"name":"wp","href":"https:\/\/api.w.org\/{rel}","templated":true}]}}