{"id":252313,"date":"2025-07-15T18:17:53","date_gmt":"2025-07-15T15:17:53","guid":{"rendered":"https:\/\/topdisc.fi\/?post_type=product&#038;p=252313"},"modified":"2026-04-19T13:44:08","modified_gmt":"2026-04-19T10:44:08","slug":"prodigy-a2-500-ultra-soft-the-egg-riku-nieminen-signature-series","status":"publish","type":"product","link":"https:\/\/topdisc.fi\/en\/product\/prodigy-a2-500-ultra-soft-the-egg-riku-nieminen-signature-series\/","title":{"rendered":"Prodigy A2 500 Ultra Soft The Egg &#8211; Riku Nieminen Signature Series"},"content":{"rendered":"<p>Prodigy A2 500 Ultra Soft The Egg &#8211; Riku Nieminen Signature Series<\/p>\n<p>Flight values: 4 2 0 4<\/p>\n<p class=\"\" data-end=\"89\" data-start=\"0\"><strong data-start=\"0\" data-end=\"6\">A2<\/strong>\u00a0on Prodigy Discin ylivakaa l\u00e4hestymiskiekko, joka sijoittuu midarien ja puttereiden v\u00e4liin. Se on erinomainen valinta voimakkaille heitt\u00e4jille, jotka haluavat varmistaa, ettei kiekko k\u00e4\u00e4nny yli. A2 on luotettava kaikissa tuuliolosuhteissa ja toimii erinomaisesti lyhyisiin erikoisheittoihin sek\u00e4 l\u00e4hestymisiin kovassa tuulessa. A2 on beadit\u00f6n versio A1-mallista ja hieman v\u00e4hemm\u00e4n ylivakaa, tarjoten selv\u00e4sti enemm\u00e4n liitoa kuin A1.<\/p>\n<p data-end=\"732\" data-start=\"646\">Stampin v\u00e4ri saattaa vaihdella.<\/p>","protected":false},"excerpt":{"rendered":"<p>Prodigy A2 500 Ultra Soft The Egg &#8211; Riku Nieminen Signature Series<\/p>\n<p>Flight values: 4 2 0 4<\/p>\n<p class=\"\" data-end=\"89\" data-start=\"0\"><strong data-start=\"0\" data-end=\"6\">A2<\/strong>\u00a0on Prodigy Discin ylivakaa l\u00e4hestymiskiekko, joka sijoittuu midarien ja puttereiden v\u00e4liin. Se on erinomainen valinta voimakkaille heitt\u00e4jille, jotka haluavat varmistaa, ettei kiekko k\u00e4\u00e4nny yli. A2 on luotettava kaikissa tuuliolosuhteissa ja toimii erinomaisesti lyhyisiin erikoisheittoihin sek\u00e4 l\u00e4hestymisiin kovassa tuulessa. A2 on beadit\u00f6n versio A1-mallista ja hieman v\u00e4hemm\u00e4n ylivakaa, tarjoten selv\u00e4sti enemm\u00e4n liitoa kuin A1.<\/p>\n<p data-end=\"732\" data-start=\"646\">Stampin v\u00e4ri saattaa vaihdella.<\/p>","protected":false},"featured_media":252558,"comment_status":"open","ping_status":"closed","template":"","meta":{"_acf_changed":false,"om_disable_all_campaigns":false,"_improvement_type_select":"improve_an_existing","_thumb_yes_seoaic":false,"_frame_yes_seoaic":false,"seoaic_generate_description":"","seoaic_improve_instructions_prompt":"","seoaic_rollback_content_improvement":"","seoaic_idea_thumbnail_generator":"","thumbnail_generated":false,"thumbnail_generate_prompt":"","seoaic_article_description":""},"product_brand":[4872],"product_cat":[1817,1900,1832,369,678,73,2625],"product_tag":[3002,1264,2319,569],"class_list":{"0":"post-252313","1":"product","2":"type-product","3":"status-publish","4":"has-post-thumbnail","6":"product_brand-prodigy-disc","7":"product_cat-uudet-kiekot","8":"product_cat-prodigy-kaikki-kiekot","9":"product_cat-uudet-prodigy-kiekot","10":"product_cat-signature-kiekot","11":"product_cat-spessut","12":"product_cat-uutuudet","13":"product_cat-valmistajat","14":"product_tag-lahestymis","15":"product_tag-overstable","16":"product_tag-signature","17":"product_tag-ylivakaa","18":"pa_feidi-289","19":"pa_liito-271","20":"pa_nopeus-258","21":"pa_paino-321","22":"pa_paino-322","23":"pa_paino-323","24":"pa_paino-324","25":"pa_paino-325","26":"pa_vakaus-zero","27":"pa_valmistajat-prodigy-discs","28":"pa_vari-keltainen","29":"pa_vari-sininen","30":"pa_vari-valkoinen","31":"pa_vari-vihrea","33":"first","34":"instock","35":"taxable","36":"shipping-taxable","37":"purchasable","38":"product-type-variable"},"acf":[],"_links":{"self":[{"href":"https:\/\/topdisc.fi\/en\/wp-json\/wp\/v2\/product\/252313","targetHints":{"allow":["GET"]}}],"collection":[{"href":"https:\/\/topdisc.fi\/en\/wp-json\/wp\/v2\/product"}],"about":[{"href":"https:\/\/topdisc.fi\/en\/wp-json\/wp\/v2\/types\/product"}],"replies":[{"embeddable":true,"href":"https:\/\/topdisc.fi\/en\/wp-json\/wp\/v2\/comments?post=252313"}],"version-history":[{"count":1,"href":"https:\/\/topdisc.fi\/en\/wp-json\/wp\/v2\/product\/252313\/revisions"}],"predecessor-version":[{"id":264098,"href":"https:\/\/topdisc.fi\/en\/wp-json\/wp\/v2\/product\/252313\/revisions\/264098"}],"wp:featuredmedia":[{"embeddable":true,"href":"https:\/\/topdisc.fi\/en\/wp-json\/wp\/v2\/media\/252558"}],"wp:attachment":[{"href":"https:\/\/topdisc.fi\/en\/wp-json\/wp\/v2\/media?parent=252313"}],"wp:term":[{"taxonomy":"product_brand","embeddable":true,"href":"https:\/\/topdisc.fi\/en\/wp-json\/wp\/v2\/product_brand?post=252313"},{"taxonomy":"product_cat","embeddable":true,"href":"https:\/\/topdisc.fi\/en\/wp-json\/wp\/v2\/product_cat?post=252313"},{"taxonomy":"product_tag","embeddable":true,"href":"https:\/\/topdisc.fi\/en\/wp-json\/wp\/v2\/product_tag?post=252313"}],"curies":[{"name":"wp","href":"https:\/\/api.w.org\/{rel}","templated":true}]}}