{"id":252359,"date":"2025-07-16T13:12:05","date_gmt":"2025-07-16T10:12:05","guid":{"rendered":"https:\/\/topdisc.fi\/?post_type=product&#038;p=252359"},"modified":"2026-01-27T17:46:13","modified_gmt":"2026-01-27T15:46:13","slug":"prodigy-400-h7","status":"publish","type":"product","link":"https:\/\/topdisc.fi\/en\/product\/prodigy-400-h7\/","title":{"rendered":"Prodigy 400 H7"},"content":{"rendered":"<p>Prodigy 400 H7<\/p>\n<p>Flight values: 10 5 -4 1<\/p>\n<p data-end=\"732\" data-start=\"646\">H7 on nopea, eritt\u00e4in alivakaa keskimatkan draiveri, jolla aloittelevakin pelaaja pystyy heitt\u00e4m\u00e4\u00e4n suoria ja pitki\u00e4 heittoja. Kehittyneemmille pelaajille H7 on eritt\u00e4in helppo ja luotettava rollerikiekko.<\/p>\n<p data-end=\"732\" data-start=\"646\">400 plastic is a high-quality and durable plastic that feels and looks good.<\/p>\n<p data-end=\"732\" data-start=\"646\">Stampin v\u00e4ri saattaa vaihdella.<\/p>","protected":false},"excerpt":{"rendered":"<p>Prodigy 400 H7<\/p>\n<p>Flight values: 10 5 -4 1<\/p>\n<p data-end=\"732\" data-start=\"646\">H7 on nopea, eritt\u00e4in alivakaa keskimatkan draiveri, jolla aloittelevakin pelaaja pystyy heitt\u00e4m\u00e4\u00e4n suoria ja pitki\u00e4 heittoja. Kehittyneemmille pelaajille H7 on eritt\u00e4in helppo ja luotettava rollerikiekko.<\/p>\n<p data-end=\"732\" data-start=\"646\">400 plastic is a high-quality and durable plastic that feels and looks good.<\/p>\n<p data-end=\"732\" data-start=\"646\">Stampin v\u00e4ri saattaa vaihdella.<\/p>","protected":false},"featured_media":252554,"comment_status":"open","ping_status":"closed","template":"","meta":{"_acf_changed":false,"om_disable_all_campaigns":false,"_improvement_type_select":"improve_an_existing","_thumb_yes_seoaic":false,"_frame_yes_seoaic":false,"seoaic_generate_description":"","seoaic_improve_instructions_prompt":"","seoaic_rollback_content_improvement":"","seoaic_idea_thumbnail_generator":"","thumbnail_generated":false,"thumbnail_generate_prompt":"","seoaic_article_description":""},"product_brand":[4872],"product_cat":[1817,1900,1832,73,2625],"product_tag":[2708,555,3352],"class_list":{"0":"post-252359","1":"product","2":"type-product","3":"status-publish","4":"has-post-thumbnail","6":"product_brand-prodigy-disc","7":"product_cat-uudet-kiekot","8":"product_cat-prodigy-kaikki-kiekot","9":"product_cat-uudet-prodigy-kiekot","10":"product_cat-uutuudet","11":"product_cat-valmistajat","12":"product_tag-aloittelija","13":"product_tag-driver","14":"product_tag-understable","15":"pa_feidi-286","16":"pa_liito-274","17":"pa_nopeus-264","18":"pa_paino-321","19":"pa_paino-323","20":"pa_paino-331","21":"pa_vakaus-278","22":"pa_valmistajat-prodigy-discs","23":"pa_vari-vihrea","25":"first","26":"instock","27":"taxable","28":"shipping-taxable","29":"purchasable","30":"product-type-variable"},"acf":[],"_links":{"self":[{"href":"https:\/\/topdisc.fi\/en\/wp-json\/wp\/v2\/product\/252359","targetHints":{"allow":["GET"]}}],"collection":[{"href":"https:\/\/topdisc.fi\/en\/wp-json\/wp\/v2\/product"}],"about":[{"href":"https:\/\/topdisc.fi\/en\/wp-json\/wp\/v2\/types\/product"}],"replies":[{"embeddable":true,"href":"https:\/\/topdisc.fi\/en\/wp-json\/wp\/v2\/comments?post=252359"}],"version-history":[{"count":1,"href":"https:\/\/topdisc.fi\/en\/wp-json\/wp\/v2\/product\/252359\/revisions"}],"predecessor-version":[{"id":264096,"href":"https:\/\/topdisc.fi\/en\/wp-json\/wp\/v2\/product\/252359\/revisions\/264096"}],"wp:featuredmedia":[{"embeddable":true,"href":"https:\/\/topdisc.fi\/en\/wp-json\/wp\/v2\/media\/252554"}],"wp:attachment":[{"href":"https:\/\/topdisc.fi\/en\/wp-json\/wp\/v2\/media?parent=252359"}],"wp:term":[{"taxonomy":"product_brand","embeddable":true,"href":"https:\/\/topdisc.fi\/en\/wp-json\/wp\/v2\/product_brand?post=252359"},{"taxonomy":"product_cat","embeddable":true,"href":"https:\/\/topdisc.fi\/en\/wp-json\/wp\/v2\/product_cat?post=252359"},{"taxonomy":"product_tag","embeddable":true,"href":"https:\/\/topdisc.fi\/en\/wp-json\/wp\/v2\/product_tag?post=252359"}],"curies":[{"name":"wp","href":"https:\/\/api.w.org\/{rel}","templated":true}]}}