{"id":252374,"date":"2025-07-16T13:33:06","date_gmt":"2025-07-16T10:33:06","guid":{"rendered":"https:\/\/topdisc.fi\/?post_type=product&#038;p=252374"},"modified":"2026-01-27T17:46:12","modified_gmt":"2026-01-27T15:46:12","slug":"prodigy-500-f9","status":"publish","type":"product","link":"https:\/\/topdisc.fi\/en\/product\/prodigy-500-f9\/","title":{"rendered":"Prodigy 500 F9"},"content":{"rendered":"<p>Prodigy 500 F9<\/p>\n<p>Lentoarvot: 8 6 -4 0.5<\/p>\n<p>F9 on Prodigyn alivakain v\u00e4yl\u00e4driveri. Sopii mainiosti aloittelijoille tai hiljempaa heitt\u00e4ville. T\u00e4m\u00e4 v\u00e4yl\u00e4draiveri on my\u00f6s loistava kiekko pelaajille, jotka opettelevat heitt\u00e4m\u00e4\u00e4n rolleria!<\/p>\n<p>500-muovi on hieman j\u00e4ykemp\u00e4\u00e4 ja kovempaa kuin 400-muovi. Se tarjoaa luotettavan ja mukavan otteen kiekosta.<\/p>\n<p>Stampin v\u00e4ri saattaa vaihdella.<\/p>","protected":false},"excerpt":{"rendered":"<p>Prodigy 500 F9<\/p>\n<p>Lentoarvot: 8 6 -4 0.5<\/p>\n<p>F9 on Prodigyn alivakain v\u00e4yl\u00e4driveri. Sopii mainiosti aloittelijoille tai hiljempaa heitt\u00e4ville. T\u00e4m\u00e4 v\u00e4yl\u00e4draiveri on my\u00f6s loistava kiekko pelaajille, jotka opettelevat heitt\u00e4m\u00e4\u00e4n rolleria!<\/p>\n<p>500-muovi on hieman j\u00e4ykemp\u00e4\u00e4 ja kovempaa kuin 400-muovi. Se tarjoaa luotettavan ja mukavan otteen kiekosta.<\/p>\n<p>Stampin v\u00e4ri saattaa vaihdella.<\/p>","protected":false},"featured_media":252552,"comment_status":"open","ping_status":"closed","template":"","meta":{"_acf_changed":false,"om_disable_all_campaigns":false,"_improvement_type_select":"improve_an_existing","_thumb_yes_seoaic":false,"_frame_yes_seoaic":false,"seoaic_generate_description":"","seoaic_improve_instructions_prompt":"","seoaic_rollback_content_improvement":"","seoaic_idea_thumbnail_generator":"","thumbnail_generated":false,"thumbnail_generate_prompt":"","seoaic_article_description":""},"product_brand":[4872],"product_cat":[1817,1900,1832,73,2625],"product_tag":[2708,1226,3352],"class_list":{"0":"post-252374","1":"product","2":"type-product","3":"status-publish","4":"has-post-thumbnail","6":"product_brand-prodigy-disc","7":"product_cat-uudet-kiekot","8":"product_cat-prodigy-kaikki-kiekot","9":"product_cat-uudet-prodigy-kiekot","10":"product_cat-uutuudet","11":"product_cat-valmistajat","12":"product_tag-aloittelija","13":"product_tag-fairway","14":"product_tag-understable","15":"pa_feidi-0-5","16":"pa_liito-275","17":"pa_nopeus-262","18":"pa_paino-325","19":"pa_paino-326","20":"pa_vakaus-278","21":"pa_valmistajat-prodigy-discs","22":"pa_vari-sininen","23":"pa_vari-valkoinen","25":"first","26":"instock","27":"taxable","28":"shipping-taxable","29":"purchasable","30":"product-type-variable"},"acf":[],"_links":{"self":[{"href":"https:\/\/topdisc.fi\/en\/wp-json\/wp\/v2\/product\/252374","targetHints":{"allow":["GET"]}}],"collection":[{"href":"https:\/\/topdisc.fi\/en\/wp-json\/wp\/v2\/product"}],"about":[{"href":"https:\/\/topdisc.fi\/en\/wp-json\/wp\/v2\/types\/product"}],"replies":[{"embeddable":true,"href":"https:\/\/topdisc.fi\/en\/wp-json\/wp\/v2\/comments?post=252374"}],"version-history":[{"count":1,"href":"https:\/\/topdisc.fi\/en\/wp-json\/wp\/v2\/product\/252374\/revisions"}],"predecessor-version":[{"id":264095,"href":"https:\/\/topdisc.fi\/en\/wp-json\/wp\/v2\/product\/252374\/revisions\/264095"}],"wp:featuredmedia":[{"embeddable":true,"href":"https:\/\/topdisc.fi\/en\/wp-json\/wp\/v2\/media\/252552"}],"wp:attachment":[{"href":"https:\/\/topdisc.fi\/en\/wp-json\/wp\/v2\/media?parent=252374"}],"wp:term":[{"taxonomy":"product_brand","embeddable":true,"href":"https:\/\/topdisc.fi\/en\/wp-json\/wp\/v2\/product_brand?post=252374"},{"taxonomy":"product_cat","embeddable":true,"href":"https:\/\/topdisc.fi\/en\/wp-json\/wp\/v2\/product_cat?post=252374"},{"taxonomy":"product_tag","embeddable":true,"href":"https:\/\/topdisc.fi\/en\/wp-json\/wp\/v2\/product_tag?post=252374"}],"curies":[{"name":"wp","href":"https:\/\/api.w.org\/{rel}","templated":true}]}}