{"id":252396,"date":"2025-07-16T13:58:26","date_gmt":"2025-07-16T10:58:26","guid":{"rendered":"https:\/\/topdisc.fi\/?post_type=product&#038;p=252396"},"modified":"2026-01-27T17:46:11","modified_gmt":"2026-01-27T15:46:11","slug":"prodigy-500-ultra-soft-m4","status":"publish","type":"product","link":"https:\/\/topdisc.fi\/en\/product\/prodigy-500-ultra-soft-m4\/","title":{"rendered":"Prodigy 500 Ultra Soft M4"},"content":{"rendered":"<p>Prodigy 500 Ultra Soft M4<\/p>\n<p>Flight values: 5 5 -1 1<\/p>\n<p>Prodigy Disc M4 on eritt\u00e4in luotettava alivakaa midrange-kiekko. Se on suunniteltu kaikille pelaajille ja lent\u00e4\u00e4 eritt\u00e4in pitk\u00e4lle midrange-kiekoksi. M4 k\u00e4\u00e4ntyy yl\u00f6s kovalla heitolla ja liit\u00e4\u00e4 pitk\u00e4\u00e4n, p\u00e4\u00e4tyen pehme\u00e4\u00e4n ja suoraan loppulaskuun.<\/p>\n<p><strong>500 Ultra Soft<\/strong>iin ja sen uskomattomaan joustavuuteen voit luottaa. Kiekko pys\u00e4htyy ja pysyy paikoillaan l\u00e4hestymisiss\u00e4, sek\u00e4 antaa anteeksi puuosumat. Koska se sopii kaikkiin vuodenaikoihin ja olosuhteisiin, t\u00e4m\u00e4 monipuolinen muovi ansaitsee paikkansa b\u00e4giss\u00e4si \u2013 aivan kuten se ansaitsee paikkansa radalla.<\/p>\n<p>Kiekon ja st\u00e4mpin v\u00e4ri ja s\u00e4vy voi vaihdella.<\/p>","protected":false},"excerpt":{"rendered":"<p>Prodigy 500 Ultra Soft M4<\/p>\n<p>Flight values: 5 5 -1 1<\/p>\n<p>Prodigy Disc M4 on eritt\u00e4in luotettava alivakaa midrange-kiekko. Se on suunniteltu kaikille pelaajille ja lent\u00e4\u00e4 eritt\u00e4in pitk\u00e4lle midrange-kiekoksi. M4 k\u00e4\u00e4ntyy yl\u00f6s kovalla heitolla ja liit\u00e4\u00e4 pitk\u00e4\u00e4n, p\u00e4\u00e4tyen pehme\u00e4\u00e4n ja suoraan loppulaskuun.<\/p>\n<p><strong>500 Ultra Soft<\/strong>iin ja sen uskomattomaan joustavuuteen voit luottaa. Kiekko pys\u00e4htyy ja pysyy paikoillaan l\u00e4hestymisiss\u00e4, sek\u00e4 antaa anteeksi puuosumat. Koska se sopii kaikkiin vuodenaikoihin ja olosuhteisiin, t\u00e4m\u00e4 monipuolinen muovi ansaitsee paikkansa b\u00e4giss\u00e4si \u2013 aivan kuten se ansaitsee paikkansa radalla.<\/p>\n<p>Kiekon ja st\u00e4mpin v\u00e4ri ja s\u00e4vy voi vaihdella.<\/p>","protected":false},"featured_media":252549,"comment_status":"open","ping_status":"closed","template":"","meta":{"_acf_changed":false,"om_disable_all_campaigns":false,"_improvement_type_select":"improve_an_existing","_thumb_yes_seoaic":false,"_frame_yes_seoaic":false,"seoaic_generate_description":"","seoaic_improve_instructions_prompt":"","seoaic_rollback_content_improvement":"","seoaic_idea_thumbnail_generator":"","thumbnail_generated":false,"thumbnail_generate_prompt":"","seoaic_article_description":""},"product_brand":[4872],"product_cat":[1817,1900,1832,73,2625],"product_tag":[2708,3352],"class_list":{"0":"post-252396","1":"product","2":"type-product","3":"status-publish","4":"has-post-thumbnail","6":"product_brand-prodigy-disc","7":"product_cat-uudet-kiekot","8":"product_cat-prodigy-kaikki-kiekot","9":"product_cat-uudet-prodigy-kiekot","10":"product_cat-uutuudet","11":"product_cat-valmistajat","12":"product_tag-aloittelija","13":"product_tag-understable","14":"pa_feidi-286","15":"pa_liito-274","16":"pa_nopeus-259","17":"pa_paino-326","18":"pa_vakaus-281","19":"pa_valmistajat-prodigy-discs","20":"pa_vari-violetti","22":"first","23":"instock","24":"taxable","25":"shipping-taxable","26":"purchasable","27":"product-type-variable"},"acf":[],"_links":{"self":[{"href":"https:\/\/topdisc.fi\/en\/wp-json\/wp\/v2\/product\/252396","targetHints":{"allow":["GET"]}}],"collection":[{"href":"https:\/\/topdisc.fi\/en\/wp-json\/wp\/v2\/product"}],"about":[{"href":"https:\/\/topdisc.fi\/en\/wp-json\/wp\/v2\/types\/product"}],"replies":[{"embeddable":true,"href":"https:\/\/topdisc.fi\/en\/wp-json\/wp\/v2\/comments?post=252396"}],"version-history":[{"count":1,"href":"https:\/\/topdisc.fi\/en\/wp-json\/wp\/v2\/product\/252396\/revisions"}],"predecessor-version":[{"id":264093,"href":"https:\/\/topdisc.fi\/en\/wp-json\/wp\/v2\/product\/252396\/revisions\/264093"}],"wp:featuredmedia":[{"embeddable":true,"href":"https:\/\/topdisc.fi\/en\/wp-json\/wp\/v2\/media\/252549"}],"wp:attachment":[{"href":"https:\/\/topdisc.fi\/en\/wp-json\/wp\/v2\/media?parent=252396"}],"wp:term":[{"taxonomy":"product_brand","embeddable":true,"href":"https:\/\/topdisc.fi\/en\/wp-json\/wp\/v2\/product_brand?post=252396"},{"taxonomy":"product_cat","embeddable":true,"href":"https:\/\/topdisc.fi\/en\/wp-json\/wp\/v2\/product_cat?post=252396"},{"taxonomy":"product_tag","embeddable":true,"href":"https:\/\/topdisc.fi\/en\/wp-json\/wp\/v2\/product_tag?post=252396"}],"curies":[{"name":"wp","href":"https:\/\/api.w.org\/{rel}","templated":true}]}}