{"id":252424,"date":"2025-07-16T14:26:17","date_gmt":"2025-07-16T11:26:17","guid":{"rendered":"https:\/\/topdisc.fi\/?post_type=product&#038;p=252424"},"modified":"2026-01-27T17:46:08","modified_gmt":"2026-01-27T15:46:08","slug":"prodigy-500-a5-2","status":"publish","type":"product","link":"https:\/\/topdisc.fi\/en\/product\/prodigy-500-a5-2\/","title":{"rendered":"Prodigy 500 A5"},"content":{"rendered":"<p>Prodigy 500 A5<\/p>\n<p>Flight values: 3 4 -1 1<\/p>\n<p>Prodigy A5 on hieman ylivakaa l\u00e4hestymiskiekko, joka muokkautuu ajan my\u00f6t\u00e4 suoralentoiseksi. Siin\u00e4 on miellytt\u00e4v\u00e4 ja pehme\u00e4 tuntuma, matala profiili ja litte\u00e4 yl\u00e4osa, mik\u00e4 tekee siit\u00e4 erinomaisen valinnan rystyn lis\u00e4ksi erityisesti k\u00e4mmenl\u00e4hestymisiin. Kiekko kest\u00e4\u00e4 hyvin voimaa ja v\u00e4\u00e4nt\u00f6\u00e4, ja sen loppufeidi on maltillinen, joten se ei karkaa kauas laskeutumispaikastaan.<\/p>\n<p>500-muovi on korkealuokkainen muoviseos, joka tuntuu hieman v\u00e4hemm\u00e4n kumimaiselta kuin 400-muovi. T\u00e4m\u00e4 tarjoaa erinomaisen, itsevarman otteen sek\u00e4 j\u00e4ykemm\u00e4n lentopinnan, jossa joustavuus ja j\u00e4m\u00e4kkyys ovat tasapainossa. 500-muovissa on ainutlaatuinen helmi\u00e4ism\u00e4inen viimeistely, joka tuo kiekkoon n\u00e4ytt\u00e4v\u00e4\u00e4 visuaalista ilmett\u00e4.<\/p>\n<p>The color of disc and stamp may vary.<\/p>","protected":false},"excerpt":{"rendered":"<p>Prodigy 500 A5<\/p>\n<p>Flight values: 3 4 -1 1<\/p>\n<p>The A5 is a slightly overstable approach puck, which has a straight flight when thrown hard, but has a reliable final curve. The A5 is a bit slower and less overstable than Prodigy&#039;s other Approach pucks and for this reason it lands more calmly and does not skip as sensitively. Thanks to its reliable flight, the A5 is suitable for use by players of many levels.<\/p>\n<p>500-muovi on hieman j\u00e4ykemp\u00e4\u00e4 ja kovempaa kuin 400-muovi. 500-muovissa on ainutlaatuinen helmi\u00e4ism\u00e4inen viimeistely, joka tuo kiekkoon n\u00e4ytt\u00e4v\u00e4\u00e4 visuaalista ilmett\u00e4. Se tarjoaa luotettavan ja mukavan otteen kiekosta ja n\u00e4ytt\u00e4\u00e4 upealta.<\/p>\n<p>The color of disc and stamp may vary.<\/p>","protected":false},"featured_media":252544,"comment_status":"open","ping_status":"closed","template":"","meta":{"_acf_changed":false,"om_disable_all_campaigns":false,"_improvement_type_select":"improve_an_existing","_thumb_yes_seoaic":false,"_frame_yes_seoaic":false,"seoaic_generate_description":"","seoaic_improve_instructions_prompt":"","seoaic_rollback_content_improvement":"","seoaic_idea_thumbnail_generator":"","thumbnail_generated":false,"thumbnail_generate_prompt":"","seoaic_article_description":""},"product_brand":[4872],"product_cat":[1817,1900,1832,73,2625],"product_tag":[3002,2521,2520],"class_list":{"0":"post-252424","1":"product","2":"type-product","3":"status-publish","4":"has-post-thumbnail","6":"product_brand-prodigy-disc","7":"product_cat-uudet-kiekot","8":"product_cat-prodigy-kaikki-kiekot","9":"product_cat-uudet-prodigy-kiekot","10":"product_cat-uutuudet","11":"product_cat-valmistajat","12":"product_tag-lahestymis","13":"product_tag-straight","14":"product_tag-suora","15":"pa_feidi-286","16":"pa_liito-273","17":"pa_nopeus-257","18":"pa_paino-325","19":"pa_paino-326","20":"pa_vakaus-281","21":"pa_valmistajat-prodigy-discs","22":"pa_vari-vaaleansininen","23":"pa_vari-violetti","25":"first","26":"instock","27":"taxable","28":"shipping-taxable","29":"purchasable","30":"product-type-variable"},"acf":[],"_links":{"self":[{"href":"https:\/\/topdisc.fi\/en\/wp-json\/wp\/v2\/product\/252424","targetHints":{"allow":["GET"]}}],"collection":[{"href":"https:\/\/topdisc.fi\/en\/wp-json\/wp\/v2\/product"}],"about":[{"href":"https:\/\/topdisc.fi\/en\/wp-json\/wp\/v2\/types\/product"}],"replies":[{"embeddable":true,"href":"https:\/\/topdisc.fi\/en\/wp-json\/wp\/v2\/comments?post=252424"}],"version-history":[{"count":1,"href":"https:\/\/topdisc.fi\/en\/wp-json\/wp\/v2\/product\/252424\/revisions"}],"predecessor-version":[{"id":264089,"href":"https:\/\/topdisc.fi\/en\/wp-json\/wp\/v2\/product\/252424\/revisions\/264089"}],"wp:featuredmedia":[{"embeddable":true,"href":"https:\/\/topdisc.fi\/en\/wp-json\/wp\/v2\/media\/252544"}],"wp:attachment":[{"href":"https:\/\/topdisc.fi\/en\/wp-json\/wp\/v2\/media?parent=252424"}],"wp:term":[{"taxonomy":"product_brand","embeddable":true,"href":"https:\/\/topdisc.fi\/en\/wp-json\/wp\/v2\/product_brand?post=252424"},{"taxonomy":"product_cat","embeddable":true,"href":"https:\/\/topdisc.fi\/en\/wp-json\/wp\/v2\/product_cat?post=252424"},{"taxonomy":"product_tag","embeddable":true,"href":"https:\/\/topdisc.fi\/en\/wp-json\/wp\/v2\/product_tag?post=252424"}],"curies":[{"name":"wp","href":"https:\/\/api.w.org\/{rel}","templated":true}]}}