{"id":252430,"date":"2025-07-16T14:34:46","date_gmt":"2025-07-16T11:34:46","guid":{"rendered":"https:\/\/topdisc.fi\/?post_type=product&#038;p=252430"},"modified":"2026-01-27T17:46:07","modified_gmt":"2026-01-27T15:46:07","slug":"prodigy-400-a5-prototype","status":"publish","type":"product","link":"https:\/\/topdisc.fi\/en\/product\/prodigy-400-a5-prototype\/","title":{"rendered":"Prodigy 400 A5 Prototype"},"content":{"rendered":"<p>Prodigy 400 A5 Prototype<\/p>\n<p>Flight values: 3 4 -1 1<\/p>\n<p>The A5 is a slightly overstable approach puck, which has a straight flight when thrown hard, but has a reliable final curve. The A5 is a bit slower and less overstable than Prodigy&#039;s other Approach pucks and for this reason it lands more calmly and does not skip as sensitively. Thanks to its reliable flight, the A5 is suitable for use by players of many levels.<\/p>\n<p>400 plastic is a high-quality and durable plastic that feels and looks good.<\/p>\n<p>The color of disc and stamp may vary.<\/p>","protected":false},"excerpt":{"rendered":"<p>Prodigy 400 A5 Prototype<\/p>\n<p>Flight values: 3 4 -1 1<\/p>\n<p>The A5 is a slightly overstable approach puck, which has a straight flight when thrown hard, but has a reliable final curve. The A5 is a bit slower and less overstable than Prodigy&#039;s other Approach pucks and for this reason it lands more calmly and does not skip as sensitively. Thanks to its reliable flight, the A5 is suitable for use by players of many levels.<\/p>\n<p>400 plastic is a high-quality and durable plastic that feels and looks good.<\/p>\n<p>The color of disc and stamp may vary.<\/p>\n<p>500-muovi on hieman j\u00e4ykemp\u00e4\u00e4 ja kovempaa kuin 400-muovi. 500-muovissa on ainutlaatuinen helmi\u00e4ism\u00e4inen viimeistely, joka tuo kiekkoon n\u00e4ytt\u00e4v\u00e4\u00e4 visuaalista ilmett\u00e4. Se tarjoaa luotettavan ja mukavan otteen kiekosta ja n\u00e4ytt\u00e4\u00e4 upealta.<\/p>\n<p>The color of disc and stamp may vary.<\/p>","protected":false},"featured_media":252436,"comment_status":"open","ping_status":"closed","template":"","meta":{"_acf_changed":false,"om_disable_all_campaigns":false,"_improvement_type_select":"improve_an_existing","_thumb_yes_seoaic":false,"_frame_yes_seoaic":false,"seoaic_generate_description":"","seoaic_improve_instructions_prompt":"","seoaic_rollback_content_improvement":"","seoaic_idea_thumbnail_generator":"","thumbnail_generated":false,"thumbnail_generate_prompt":"","seoaic_article_description":""},"product_brand":[4872],"product_cat":[1817,1900,1832,73,2625],"product_tag":[3002,1458,2521,2520],"class_list":{"0":"post-252430","1":"product","2":"type-product","3":"status-publish","4":"has-post-thumbnail","6":"product_brand-prodigy-disc","7":"product_cat-uudet-kiekot","8":"product_cat-prodigy-kaikki-kiekot","9":"product_cat-uudet-prodigy-kiekot","10":"product_cat-uutuudet","11":"product_cat-valmistajat","12":"product_tag-lahestymis","13":"product_tag-prototype","14":"product_tag-straight","15":"product_tag-suora","16":"pa_feidi-286","17":"pa_liito-273","18":"pa_nopeus-257","19":"pa_paino-324","20":"pa_paino-325","21":"pa_paino-326","22":"pa_paino-331","23":"pa_vakaus-281","24":"pa_valmistajat-prodigy-discs","25":"pa_vari-oranssi","26":"pa_vari-pinkki","27":"pa_vari-tummansininen","29":"first","30":"instock","31":"taxable","32":"shipping-taxable","33":"purchasable","34":"product-type-variable"},"acf":[],"_links":{"self":[{"href":"https:\/\/topdisc.fi\/en\/wp-json\/wp\/v2\/product\/252430","targetHints":{"allow":["GET"]}}],"collection":[{"href":"https:\/\/topdisc.fi\/en\/wp-json\/wp\/v2\/product"}],"about":[{"href":"https:\/\/topdisc.fi\/en\/wp-json\/wp\/v2\/types\/product"}],"replies":[{"embeddable":true,"href":"https:\/\/topdisc.fi\/en\/wp-json\/wp\/v2\/comments?post=252430"}],"version-history":[{"count":1,"href":"https:\/\/topdisc.fi\/en\/wp-json\/wp\/v2\/product\/252430\/revisions"}],"predecessor-version":[{"id":264088,"href":"https:\/\/topdisc.fi\/en\/wp-json\/wp\/v2\/product\/252430\/revisions\/264088"}],"wp:featuredmedia":[{"embeddable":true,"href":"https:\/\/topdisc.fi\/en\/wp-json\/wp\/v2\/media\/252436"}],"wp:attachment":[{"href":"https:\/\/topdisc.fi\/en\/wp-json\/wp\/v2\/media?parent=252430"}],"wp:term":[{"taxonomy":"product_brand","embeddable":true,"href":"https:\/\/topdisc.fi\/en\/wp-json\/wp\/v2\/product_brand?post=252430"},{"taxonomy":"product_cat","embeddable":true,"href":"https:\/\/topdisc.fi\/en\/wp-json\/wp\/v2\/product_cat?post=252430"},{"taxonomy":"product_tag","embeddable":true,"href":"https:\/\/topdisc.fi\/en\/wp-json\/wp\/v2\/product_tag?post=252430"}],"curies":[{"name":"wp","href":"https:\/\/api.w.org\/{rel}","templated":true}]}}