{"id":252469,"date":"2025-07-16T15:45:42","date_gmt":"2025-07-16T12:45:42","guid":{"rendered":"https:\/\/topdisc.fi\/?post_type=product&#038;p=252469"},"modified":"2026-01-27T17:46:04","modified_gmt":"2026-01-27T15:46:04","slug":"prodigy-300-pa-3-nhl-collection-gold-series","status":"publish","type":"product","link":"https:\/\/topdisc.fi\/en\/product\/prodigy-300-pa-3-nhl-collection-gold-series\/","title":{"rendered":"Prodigy 300 PA-3 &#8211; NHL Collection Gold Series"},"content":{"rendered":"<p>Prodigy 300 PA-3 &#8211; NHL Collection Gold Series<\/p>\n<p>Flight values: 3 3 0 1<\/p>\n<p>Prodigy on tehnyt monivuotisen lisensointisopimuksen NHL:n kanssa ja on siten kautta aikain ensimm\u00e4inen frisbeegolf-toimija, joka tekee yhteisty\u00f6t\u00e4 maailman kovimman kiekkoliigan kanssa.<\/p>\n<p>Yhteisty\u00f6n lanseerauksen yhteydess\u00e4 ensimm\u00e4isen\u00e4 tuotteena julkaistaan Prodigyn myydyin kiekko (Pa-3 300) mustana upealla kullan- ja hopean v\u00e4risell\u00e4 foliopainatuksella.<\/p>\n<p>T\u00e4ll\u00e4 hetkell\u00e4 vain <strong>Carolina Hurricanes<\/strong>\u00a0l\u00f6ytyy valikoimasta!<\/p>\n<p><span class=\"TextRun SCXW96320081 BCX0\" lang=\"FI-FI\" xml:lang=\"FI-FI\" data-contrast=\"auto\"><span class=\"NormalTextRun SCXW96320081 BCX0\">PA-3 on <\/span><span class=\"SpellingError SCXW96320081 BCX0\">Prodigy<\/span><span class=\"NormalTextRun SCXW96320081 BCX0\">\u00a0Disc malliston suoralentoisin matalareunainen\u00a0<\/span><span class=\"NormalTextRun SCXW96320081 BCX0\">putter<\/span><span class=\"NormalTextRun SCXW96320081 BCX0\">. Pa3 sopii eritt\u00e4in hyvin niin aloittelijan, kuin kilpapelaajankin\u00a0<\/span><span class=\"SpellingError SCXW96320081 BCX0\">l\u00e4hestymisheitoihin<\/span><span class=\"NormalTextRun SCXW96320081 BCX0\">\u00a0ja putteihin. T\u00e4m\u00e4\u00a0<\/span><span class=\"NormalTextRun SCXW96320081 BCX0\">putter<\/span><span class=\"NormalTextRun SCXW96320081 BCX0\">\u00a0s\u00e4ilytt\u00e4\u00e4 suoran lentoratansa luotettavasti loppuun asti. Monen harrastajan ja Pro-tason pelaajan ehdoton\u00a0<\/span><span class=\"NormalTextRun SCXW96320081 BCX0\">suosikkiputteri<\/span><span class=\"NormalTextRun SCXW96320081 BCX0\">.<\/span><\/span><span class=\"EOP SCXW96320081 BCX0\" data-ccp-props=\"{&quot;201341983&quot;:0,&quot;335559739&quot;:160,&quot;335559740&quot;:240}\">\u00a0<\/span><\/p>\n<p>300-muovissa on erinomainen otetuntuma, mutta 200-muovin tavoin se kuluu muita Prodigyn muoveja nopeammin. 300-muovia suositellaan erityisesti puttereihin ja l\u00e4hestymiskiekkoihin.<\/p>\n<p><em>The color of the print and the shade of the disc may not match the product image.<\/em><\/p>","protected":false},"excerpt":{"rendered":"<p>Prodigy 300 PA-3 &#8211; NHL Collection Gold Series<\/p>\n<p>Flight values: 3 3 0 1<\/p>\n<p>Prodigy on tehnyt monivuotisen lisensointisopimuksen NHL:n kanssa ja on siten kautta aikain ensimm\u00e4inen frisbeegolf-toimija, joka tekee yhteisty\u00f6t\u00e4 maailman kovimman kiekkoliigan kanssa.<\/p>\n<p>Yhteisty\u00f6n lanseerauksen yhteydess\u00e4 ensimm\u00e4isen\u00e4 tuotteena julkaistaan Prodigyn myydyin kiekko (Pa-3 300) mustana upealla kullan- ja hopean v\u00e4risell\u00e4 foliopainatuksella.<\/p>\n<p>T\u00e4ll\u00e4 hetkell\u00e4 vain <strong>Carolina Hurricanes<\/strong>\u00a0l\u00f6ytyy valikoimasta!<\/p>\n<p><span class=\"TextRun SCXW96320081 BCX0\" lang=\"FI-FI\" xml:lang=\"FI-FI\" data-contrast=\"auto\"><span class=\"NormalTextRun SCXW96320081 BCX0\">PA-3 on <\/span><span class=\"SpellingError SCXW96320081 BCX0\">Prodigy<\/span><span class=\"NormalTextRun SCXW96320081 BCX0\">\u00a0Disc malliston suoralentoisin matalareunainen\u00a0<\/span><span class=\"NormalTextRun SCXW96320081 BCX0\">putter<\/span><span class=\"NormalTextRun SCXW96320081 BCX0\">. Pa3 sopii eritt\u00e4in hyvin niin aloittelijan, kuin kilpapelaajankin\u00a0<\/span><span class=\"SpellingError SCXW96320081 BCX0\">l\u00e4hestymisheitoihin<\/span><span class=\"NormalTextRun SCXW96320081 BCX0\">\u00a0ja putteihin. T\u00e4m\u00e4\u00a0<\/span><span class=\"NormalTextRun SCXW96320081 BCX0\">putter<\/span><span class=\"NormalTextRun SCXW96320081 BCX0\">\u00a0s\u00e4ilytt\u00e4\u00e4 suoran lentoratansa luotettavasti loppuun asti. Monen harrastajan ja Pro-tason pelaajan ehdoton\u00a0<\/span><span class=\"NormalTextRun SCXW96320081 BCX0\">suosikkiputteri<\/span><span class=\"NormalTextRun SCXW96320081 BCX0\">.<\/span><\/span><span class=\"EOP SCXW96320081 BCX0\" data-ccp-props=\"{&quot;201341983&quot;:0,&quot;335559739&quot;:160,&quot;335559740&quot;:240}\">\u00a0<\/span><\/p>\n<p>300-muovissa on erinomainen otetuntuma, mutta 200-muovin tavoin se kuluu muita Prodigyn muoveja nopeammin. 300-muovia suositellaan erityisesti puttereihin ja l\u00e4hestymiskiekkoihin.<\/p>\n<p><em>The color of the print and the shade of the disc may not match the product image.<\/em><\/p>","protected":false},"featured_media":252534,"comment_status":"open","ping_status":"closed","template":"","meta":{"_acf_changed":false,"om_disable_all_campaigns":false,"_improvement_type_select":"improve_an_existing","_thumb_yes_seoaic":false,"_frame_yes_seoaic":false,"seoaic_generate_description":"","seoaic_improve_instructions_prompt":"","seoaic_rollback_content_improvement":"","seoaic_idea_thumbnail_generator":"","thumbnail_generated":false,"thumbnail_generate_prompt":"","seoaic_article_description":""},"product_brand":[4872],"product_cat":[1817,1900,1832,4065,678,73,2625],"product_tag":[716],"class_list":{"0":"post-252469","1":"product","2":"type-product","3":"status-publish","4":"has-post-thumbnail","6":"product_brand-prodigy-disc","7":"product_cat-uudet-kiekot","8":"product_cat-prodigy-kaikki-kiekot","9":"product_cat-uudet-prodigy-kiekot","10":"product_cat-special","11":"product_cat-spessut","12":"product_cat-uutuudet","13":"product_cat-valmistajat","14":"product_tag-putter","15":"pa_feidi-286","16":"pa_liito-272","17":"pa_nopeus-257","18":"pa_paino-324","19":"pa_paino-325","20":"pa_vakaus-zero","21":"pa_valmistajat-prodigy-discs","22":"pa_vari-carolina-hurricanes","24":"first","25":"instock","26":"taxable","27":"shipping-taxable","28":"purchasable","29":"product-type-variable"},"acf":[],"_links":{"self":[{"href":"https:\/\/topdisc.fi\/en\/wp-json\/wp\/v2\/product\/252469","targetHints":{"allow":["GET"]}}],"collection":[{"href":"https:\/\/topdisc.fi\/en\/wp-json\/wp\/v2\/product"}],"about":[{"href":"https:\/\/topdisc.fi\/en\/wp-json\/wp\/v2\/types\/product"}],"replies":[{"embeddable":true,"href":"https:\/\/topdisc.fi\/en\/wp-json\/wp\/v2\/comments?post=252469"}],"version-history":[{"count":1,"href":"https:\/\/topdisc.fi\/en\/wp-json\/wp\/v2\/product\/252469\/revisions"}],"predecessor-version":[{"id":264083,"href":"https:\/\/topdisc.fi\/en\/wp-json\/wp\/v2\/product\/252469\/revisions\/264083"}],"wp:featuredmedia":[{"embeddable":true,"href":"https:\/\/topdisc.fi\/en\/wp-json\/wp\/v2\/media\/252534"}],"wp:attachment":[{"href":"https:\/\/topdisc.fi\/en\/wp-json\/wp\/v2\/media?parent=252469"}],"wp:term":[{"taxonomy":"product_brand","embeddable":true,"href":"https:\/\/topdisc.fi\/en\/wp-json\/wp\/v2\/product_brand?post=252469"},{"taxonomy":"product_cat","embeddable":true,"href":"https:\/\/topdisc.fi\/en\/wp-json\/wp\/v2\/product_cat?post=252469"},{"taxonomy":"product_tag","embeddable":true,"href":"https:\/\/topdisc.fi\/en\/wp-json\/wp\/v2\/product_tag?post=252469"}],"curies":[{"name":"wp","href":"https:\/\/api.w.org\/{rel}","templated":true}]}}