{"id":252475,"date":"2025-07-16T15:53:25","date_gmt":"2025-07-16T12:53:25","guid":{"rendered":"https:\/\/topdisc.fi\/?post_type=product&#038;p=252475"},"modified":"2026-04-19T13:44:09","modified_gmt":"2026-04-19T10:44:09","slug":"prodigy-300-ultra-soft-pa-3-special-edition-goat-stamp","status":"publish","type":"product","link":"https:\/\/topdisc.fi\/en\/product\/prodigy-300-ultra-soft-pa-3-special-edition-goat-stamp\/","title":{"rendered":"Prodigy 300 Ultra Soft PA-3 &#8211; Special Edition Goat Stamp"},"content":{"rendered":"<p>Prodigy 300 Ultra Soft PA-3 &#8211; Special Edition Goat Stamp<\/p>\n<p>Flight values: 3 3 0 1<\/p>\n<p>Nappaa vuohi 300 Ultra Soft muovissa seuraavaan puttiin tai l\u00e4hestymiseesi.<\/p>\n<p>Ensimm\u00e4iset arviot 300 Ultra Soft -muovista ovat olleet erinomaisia, ja yksi asia on selv\u00e4: mik\u00e4\u00e4n muu perusmuovi markkinoilla ei tarjoa yht\u00e4 hyv\u00e4\u00e4 pitoa ja joustavuutta.<\/p>\n<p><span class=\"TextRun SCXW96320081 BCX0\" lang=\"FI-FI\" xml:lang=\"FI-FI\" data-contrast=\"auto\"><span class=\"NormalTextRun SCXW96320081 BCX0\">PA-3 on <\/span><span class=\"SpellingError SCXW96320081 BCX0\">Prodigy<\/span><span class=\"NormalTextRun SCXW96320081 BCX0\">\u00a0Disc malliston suoralentoisin matalareunainen\u00a0<\/span><span class=\"NormalTextRun SCXW96320081 BCX0\">putter<\/span><span class=\"NormalTextRun SCXW96320081 BCX0\">. Pa3 sopii eritt\u00e4in hyvin niin aloittelijan, kuin kilpapelaajankin\u00a0<\/span><span class=\"SpellingError SCXW96320081 BCX0\">l\u00e4hestymisheitoihin<\/span><span class=\"NormalTextRun SCXW96320081 BCX0\">\u00a0ja putteihin. T\u00e4m\u00e4\u00a0<\/span><span class=\"NormalTextRun SCXW96320081 BCX0\">putter<\/span><span class=\"NormalTextRun SCXW96320081 BCX0\">\u00a0s\u00e4ilytt\u00e4\u00e4 suoran lentoratansa luotettavasti loppuun asti. Monen harrastajan ja Pro-tason pelaajan ehdoton\u00a0<\/span><span class=\"NormalTextRun SCXW96320081 BCX0\">suosikkiputteri<\/span><span class=\"NormalTextRun SCXW96320081 BCX0\">.<\/span><\/span><span class=\"EOP SCXW96320081 BCX0\" data-ccp-props=\"{&quot;201341983&quot;:0,&quot;335559739&quot;:160,&quot;335559740&quot;:240}\">\u00a0<\/span><\/p>\n<p>300 Ultra Soft vie alkuper\u00e4isen seoksen \u00e4\u00e4rirajoille aivan kuten premium-vastineensa. T\u00e4m\u00e4 muovi on yksi markkinoiden pehmeimmist\u00e4 ja pit\u00e4vimmist\u00e4, ja sen joustavuus on yli 50 % suurempi.<\/p>\n<p><em>The color of the print and the shade of the disc may not match the product image.<\/em><\/p>","protected":false},"excerpt":{"rendered":"<p>Prodigy 300 Ultra Soft PA-3 &#8211; Special Edition Goat Stamp<\/p>\n<p>Flight values: 3 3 0 1<\/p>\n<p>Nappaa vuohi 300 Ultra Soft muovissa seuraavaan puttiin tai l\u00e4hestymiseesi.<\/p>\n<p>Ensimm\u00e4iset arviot 300 Ultra Soft -muovista ovat olleet erinomaisia, ja yksi asia on selv\u00e4: mik\u00e4\u00e4n muu perusmuovi markkinoilla ei tarjoa yht\u00e4 hyv\u00e4\u00e4 pitoa ja joustavuutta.<\/p>\n<p><span class=\"TextRun SCXW96320081 BCX0\" lang=\"FI-FI\" xml:lang=\"FI-FI\" data-contrast=\"auto\"><span class=\"NormalTextRun SCXW96320081 BCX0\">PA-3 on <\/span><span class=\"SpellingError SCXW96320081 BCX0\">Prodigy<\/span><span class=\"NormalTextRun SCXW96320081 BCX0\">\u00a0Disc malliston suoralentoisin matalareunainen\u00a0<\/span><span class=\"NormalTextRun SCXW96320081 BCX0\">putter<\/span><span class=\"NormalTextRun SCXW96320081 BCX0\">. Pa3 sopii eritt\u00e4in hyvin niin aloittelijan, kuin kilpapelaajankin\u00a0<\/span><span class=\"SpellingError SCXW96320081 BCX0\">l\u00e4hestymisheitoihin<\/span><span class=\"NormalTextRun SCXW96320081 BCX0\">\u00a0ja putteihin. T\u00e4m\u00e4\u00a0<\/span><span class=\"NormalTextRun SCXW96320081 BCX0\">putter<\/span><span class=\"NormalTextRun SCXW96320081 BCX0\">\u00a0s\u00e4ilytt\u00e4\u00e4 suoran lentoratansa luotettavasti loppuun asti. Monen harrastajan ja Pro-tason pelaajan ehdoton\u00a0<\/span><span class=\"NormalTextRun SCXW96320081 BCX0\">suosikkiputteri<\/span><span class=\"NormalTextRun SCXW96320081 BCX0\">.<\/span><\/span><span class=\"EOP SCXW96320081 BCX0\" data-ccp-props=\"{&quot;201341983&quot;:0,&quot;335559739&quot;:160,&quot;335559740&quot;:240}\">\u00a0<\/span><\/p>\n<p>300 Ultra Soft vie alkuper\u00e4isen seoksen \u00e4\u00e4rirajoille aivan kuten premium-vastineensa. T\u00e4m\u00e4 muovi on yksi markkinoiden pehmeimmist\u00e4 ja pit\u00e4vimmist\u00e4, ja sen joustavuus on yli 50 % suurempi.<\/p>\n<p><em>The color of the print and the shade of the disc may not match the product image.<\/em><\/p>","protected":false},"featured_media":252532,"comment_status":"open","ping_status":"closed","template":"","meta":{"_acf_changed":false,"om_disable_all_campaigns":false,"_improvement_type_select":"improve_an_existing","_thumb_yes_seoaic":false,"_frame_yes_seoaic":false,"seoaic_generate_description":"","seoaic_improve_instructions_prompt":"","seoaic_rollback_content_improvement":"","seoaic_idea_thumbnail_generator":"","thumbnail_generated":false,"thumbnail_generate_prompt":"","seoaic_article_description":""},"product_brand":[4872],"product_cat":[1817,1900,1832,4065,678,73,2625],"product_tag":[716,677],"class_list":{"0":"post-252475","1":"product","2":"type-product","3":"status-publish","4":"has-post-thumbnail","6":"product_brand-prodigy-disc","7":"product_cat-uudet-kiekot","8":"product_cat-prodigy-kaikki-kiekot","9":"product_cat-uudet-prodigy-kiekot","10":"product_cat-special","11":"product_cat-spessut","12":"product_cat-uutuudet","13":"product_cat-valmistajat","14":"product_tag-putter","15":"product_tag-special","16":"pa_feidi-286","17":"pa_liito-272","18":"pa_nopeus-257","19":"pa_paino-325","20":"pa_vakaus-zero","21":"pa_valmistajat-prodigy-discs","22":"pa_vari-keltavihrea","23":"pa_vari-valkoinen","25":"first","26":"instock","27":"taxable","28":"shipping-taxable","29":"purchasable","30":"product-type-variable"},"acf":[],"_links":{"self":[{"href":"https:\/\/topdisc.fi\/en\/wp-json\/wp\/v2\/product\/252475","targetHints":{"allow":["GET"]}}],"collection":[{"href":"https:\/\/topdisc.fi\/en\/wp-json\/wp\/v2\/product"}],"about":[{"href":"https:\/\/topdisc.fi\/en\/wp-json\/wp\/v2\/types\/product"}],"replies":[{"embeddable":true,"href":"https:\/\/topdisc.fi\/en\/wp-json\/wp\/v2\/comments?post=252475"}],"version-history":[{"count":1,"href":"https:\/\/topdisc.fi\/en\/wp-json\/wp\/v2\/product\/252475\/revisions"}],"predecessor-version":[{"id":264082,"href":"https:\/\/topdisc.fi\/en\/wp-json\/wp\/v2\/product\/252475\/revisions\/264082"}],"wp:featuredmedia":[{"embeddable":true,"href":"https:\/\/topdisc.fi\/en\/wp-json\/wp\/v2\/media\/252532"}],"wp:attachment":[{"href":"https:\/\/topdisc.fi\/en\/wp-json\/wp\/v2\/media?parent=252475"}],"wp:term":[{"taxonomy":"product_brand","embeddable":true,"href":"https:\/\/topdisc.fi\/en\/wp-json\/wp\/v2\/product_brand?post=252475"},{"taxonomy":"product_cat","embeddable":true,"href":"https:\/\/topdisc.fi\/en\/wp-json\/wp\/v2\/product_cat?post=252475"},{"taxonomy":"product_tag","embeddable":true,"href":"https:\/\/topdisc.fi\/en\/wp-json\/wp\/v2\/product_tag?post=252475"}],"curies":[{"name":"wp","href":"https:\/\/api.w.org\/{rel}","templated":true}]}}