{"id":252481,"date":"2025-07-16T15:58:56","date_gmt":"2025-07-16T12:58:56","guid":{"rendered":"https:\/\/topdisc.fi\/?post_type=product&#038;p=252481"},"modified":"2026-01-27T17:45:19","modified_gmt":"2026-01-27T15:45:19","slug":"prodigy-300-ultra-soft-pa-5-special-edition-petal-stamp","status":"publish","type":"product","link":"https:\/\/topdisc.fi\/en\/product\/prodigy-300-ultra-soft-pa-5-special-edition-petal-stamp\/","title":{"rendered":"Prodigy 300 Ultra Soft PA-5 &#8211; Special Edition Petal Stamp"},"content":{"rendered":"<p>Prodigy 300 Ultra Soft PA-5 &#8211; Special Edition Petal Stamp<\/p>\n<p>Lentoarvot: 3 3 -2 0.5<\/p>\n<p>Anna pelisi puhjeta kukkaan PA-5 300 Ultra Soft kiekolla! T\u00e4ll\u00e4 kiekolla hyzer flip -l\u00e4hestymiset tai suorat putit osuvat vaivattomasti koriin.<\/p>\n<p>Ensimm\u00e4iset arviot 300 Ultra Soft -muovista ovat olleet erinomaisia, ja yksi asia on selv\u00e4: mik\u00e4\u00e4n muu perusmuovi markkinoilla ei tarjoa yht\u00e4 hyv\u00e4\u00e4 pitoa ja joustavuutta.<\/p>\n<p>Prodigy Pa-5 on\u00a0sulavasti lent\u00e4v\u00e4\u00a0alivakaa putteri jolla on helppo heitt\u00e4\u00e4 ylik\u00e4\u00e4nt\u00e4vi\u00e4 heittoja sek\u00e4 hyzer flip heittoja.\u00a0Se tuntuu k\u00e4dess\u00e4 kapealta, mik\u00e4 helpottaa irrotusta. T\u00e4m\u00e4 muoto antaa kiekolle my\u00f6s hieman lis\u00e4\u00e4 nopeutta, jonka huomaat nopeasti heitt\u00e4ess\u00e4si sit\u00e4. Puttaamiseen PA-5 sopii pelaajille, jotka pit\u00e4v\u00e4t suorasta putterista, joka ei liiku juuri lainkaan oikealle tai vasemmalle irrotuksen j\u00e4lkeen, ja se toimii hyvin my\u00f6s pitkiss\u00e4 heitoissa.<\/p>\n<p>300 Ultra Soft vie alkuper\u00e4isen seoksen \u00e4\u00e4rirajoille aivan kuten premium-vastineensa. T\u00e4m\u00e4 muovi on yksi markkinoiden pehmeimmist\u00e4 ja pit\u00e4vimmist\u00e4, ja sen joustavuus on yli 50 % suurempi.<\/p>\n<p><em>The color of the print and the shade of the disc may not match the product image.<\/em><\/p>","protected":false},"excerpt":{"rendered":"<p>Prodigy 300 Ultra Soft PA-5 &#8211; Special Edition Petal Stamp<\/p>\n<p>Lentoarvot: 3 3 -2 0.5<\/p>\n<p>Anna pelisi puhjeta kukkaan PA-5 300 Ultra Soft kiekolla! T\u00e4ll\u00e4 kiekolla hyzer flip -l\u00e4hestymiset tai suorat putit osuvat vaivattomasti koriin.<\/p>\n<p>Ensimm\u00e4iset arviot 300 Ultra Soft -muovista ovat olleet erinomaisia, ja yksi asia on selv\u00e4: mik\u00e4\u00e4n muu perusmuovi markkinoilla ei tarjoa yht\u00e4 hyv\u00e4\u00e4 pitoa ja joustavuutta.<\/p>\n<p>Prodigy Pa-5 on\u00a0sulavasti lent\u00e4v\u00e4\u00a0alivakaa putteri jolla on helppo heitt\u00e4\u00e4 ylik\u00e4\u00e4nt\u00e4vi\u00e4 heittoja sek\u00e4 hyzer flip heittoja.\u00a0Se tuntuu k\u00e4dess\u00e4 kapealta, mik\u00e4 helpottaa irrotusta. T\u00e4m\u00e4 muoto antaa kiekolle my\u00f6s hieman lis\u00e4\u00e4 nopeutta, jonka huomaat nopeasti heitt\u00e4ess\u00e4si sit\u00e4. Puttaamiseen PA-5 sopii pelaajille, jotka pit\u00e4v\u00e4t suorasta putterista, joka ei liiku juuri lainkaan oikealle tai vasemmalle irrotuksen j\u00e4lkeen, ja se toimii hyvin my\u00f6s pitkiss\u00e4 heitoissa.<\/p>\n<p>300 Ultra Soft vie alkuper\u00e4isen seoksen \u00e4\u00e4rirajoille aivan kuten premium-vastineensa. T\u00e4m\u00e4 muovi on yksi markkinoiden pehmeimmist\u00e4 ja pit\u00e4vimmist\u00e4, ja sen joustavuus on yli 50 % suurempi.<\/p>\n<p><em>The color of the print and the shade of the disc may not match the product image.<\/em><\/p>","protected":false},"featured_media":252531,"comment_status":"open","ping_status":"closed","template":"","meta":{"_acf_changed":false,"om_disable_all_campaigns":false,"_improvement_type_select":"improve_an_existing","_thumb_yes_seoaic":false,"_frame_yes_seoaic":false,"seoaic_generate_description":"","seoaic_improve_instructions_prompt":"","seoaic_rollback_content_improvement":"","seoaic_idea_thumbnail_generator":"","thumbnail_generated":false,"thumbnail_generate_prompt":"","seoaic_article_description":""},"product_brand":[4872],"product_cat":[1817,1900,1832,4065,678,73,2625],"product_tag":[716,677],"class_list":{"0":"post-252481","1":"product","2":"type-product","3":"status-publish","4":"has-post-thumbnail","6":"product_brand-prodigy-disc","7":"product_cat-uudet-kiekot","8":"product_cat-prodigy-kaikki-kiekot","9":"product_cat-uudet-prodigy-kiekot","10":"product_cat-special","11":"product_cat-spessut","12":"product_cat-uutuudet","13":"product_cat-valmistajat","14":"product_tag-putter","15":"product_tag-special","16":"pa_feidi-0-5","17":"pa_liito-272","18":"pa_nopeus-257","19":"pa_paino-323","20":"pa_paino-324","21":"pa_paino-325","22":"pa_paino-326","23":"pa_paino-331","24":"pa_vakaus-280","25":"pa_valmistajat-prodigy-discs","26":"pa_vari-harmaa","27":"pa_vari-sinivihrea","28":"pa_vari-valkoinen","30":"first","31":"instock","32":"taxable","33":"shipping-taxable","34":"purchasable","35":"product-type-variable"},"acf":[],"_links":{"self":[{"href":"https:\/\/topdisc.fi\/en\/wp-json\/wp\/v2\/product\/252481","targetHints":{"allow":["GET"]}}],"collection":[{"href":"https:\/\/topdisc.fi\/en\/wp-json\/wp\/v2\/product"}],"about":[{"href":"https:\/\/topdisc.fi\/en\/wp-json\/wp\/v2\/types\/product"}],"replies":[{"embeddable":true,"href":"https:\/\/topdisc.fi\/en\/wp-json\/wp\/v2\/comments?post=252481"}],"version-history":[{"count":1,"href":"https:\/\/topdisc.fi\/en\/wp-json\/wp\/v2\/product\/252481\/revisions"}],"predecessor-version":[{"id":264081,"href":"https:\/\/topdisc.fi\/en\/wp-json\/wp\/v2\/product\/252481\/revisions\/264081"}],"wp:featuredmedia":[{"embeddable":true,"href":"https:\/\/topdisc.fi\/en\/wp-json\/wp\/v2\/media\/252531"}],"wp:attachment":[{"href":"https:\/\/topdisc.fi\/en\/wp-json\/wp\/v2\/media?parent=252481"}],"wp:term":[{"taxonomy":"product_brand","embeddable":true,"href":"https:\/\/topdisc.fi\/en\/wp-json\/wp\/v2\/product_brand?post=252481"},{"taxonomy":"product_cat","embeddable":true,"href":"https:\/\/topdisc.fi\/en\/wp-json\/wp\/v2\/product_cat?post=252481"},{"taxonomy":"product_tag","embeddable":true,"href":"https:\/\/topdisc.fi\/en\/wp-json\/wp\/v2\/product_tag?post=252481"}],"curies":[{"name":"wp","href":"https:\/\/api.w.org\/{rel}","templated":true}]}}