{"id":252500,"date":"2025-07-17T13:52:39","date_gmt":"2025-07-17T10:52:39","guid":{"rendered":"https:\/\/topdisc.fi\/?post_type=product&#038;p=252500"},"modified":"2026-01-27T17:45:18","modified_gmt":"2026-01-27T15:45:18","slug":"prodigy-400-f5-4","status":"publish","type":"product","link":"https:\/\/topdisc.fi\/en\/product\/prodigy-400-f5-4\/","title":{"rendered":"Prodigy 400 F5"},"content":{"rendered":"<p>Prodigy 400 F5<\/p>\n<p>Flight values: 8 6 -2 1<\/p>\n<p>F5 on Prodigy Disc v\u00e4yl\u00e4draivereista liit\u00e4vin malli. Kiekko on parhaimmillaan tarkassa ja suoraviivaisessa v\u00e4yl\u00e4peliss\u00e4. Kovempaa heitett\u00e4ess\u00e4 kiekko k\u00e4\u00e4nt\u00e4\u00e4 lentoradan alussa hillitysti yli, t\u00e4m\u00e4n j\u00e4lkeen jatkaa suoraan ja liit\u00e4\u00e4 eritt\u00e4in pitk\u00e4lle. F5 on takuuvarma valinta niin aloittelevalle pelaajalle ensim\u00e4iseksi draiveriksi, kuin edistyneemmille pelaajille monipuoliseksi v\u00e4yl\u00e4draiveriksi suoriin heittoihin tai jopa rollereihin.<\/p>\n<p>400 plastic is a high-quality and durable plastic that feels and looks good.<\/p>\n<p><em>The color of the print and the shade of the disc may not match the product image.<\/em><\/p>","protected":false},"excerpt":{"rendered":"<p>Prodigy 400 F5<\/p>\n<p>Flight values: 8 6 -2 1<\/p>\n<p>F5 on Prodigy Disc v\u00e4yl\u00e4draivereista liit\u00e4vin malli. Kiekko on parhaimmillaan tarkassa ja suoraviivaisessa v\u00e4yl\u00e4peliss\u00e4. Kovempaa heitett\u00e4ess\u00e4 kiekko k\u00e4\u00e4nt\u00e4\u00e4 lentoradan alussa hillitysti yli, t\u00e4m\u00e4n j\u00e4lkeen jatkaa suoraan ja liit\u00e4\u00e4 eritt\u00e4in pitk\u00e4lle. F5 on takuuvarma valinta niin aloittelevalle pelaajalle ensim\u00e4iseksi draiveriksi, kuin edistyneemmille pelaajille monipuoliseksi v\u00e4yl\u00e4draiveriksi suoriin heittoihin tai jopa rollereihin.<\/p>\n<p>400 plastic is a high-quality and durable plastic that feels and looks good.<\/p>\n<p><em>The color of the print and the shade of the disc may not match the product image.<\/em><\/p>","protected":false},"featured_media":252511,"comment_status":"open","ping_status":"closed","template":"","meta":{"_acf_changed":false,"om_disable_all_campaigns":false,"_improvement_type_select":"improve_an_existing","_thumb_yes_seoaic":false,"_frame_yes_seoaic":false,"seoaic_generate_description":"","seoaic_improve_instructions_prompt":"","seoaic_rollback_content_improvement":"","seoaic_idea_thumbnail_generator":"","thumbnail_generated":false,"thumbnail_generate_prompt":"","seoaic_article_description":""},"product_brand":[4872],"product_cat":[1817,1900,1832,73,2625],"product_tag":[1226,3352],"class_list":{"0":"post-252500","1":"product","2":"type-product","3":"status-publish","4":"has-post-thumbnail","6":"product_brand-prodigy-disc","7":"product_cat-uudet-kiekot","8":"product_cat-prodigy-kaikki-kiekot","9":"product_cat-uudet-prodigy-kiekot","10":"product_cat-uutuudet","11":"product_cat-valmistajat","12":"product_tag-fairway","13":"product_tag-understable","14":"pa_feidi-286","15":"pa_liito-275","16":"pa_nopeus-262","17":"pa_paino-324","18":"pa_paino-325","19":"pa_paino-326","20":"pa_vakaus-280","21":"pa_valmistajat-prodigy-discs","22":"pa_vari-sininen","23":"pa_vari-vihrea","24":"pa_vari-violetti","26":"first","27":"instock","28":"taxable","29":"shipping-taxable","30":"purchasable","31":"product-type-variable"},"acf":[],"_links":{"self":[{"href":"https:\/\/topdisc.fi\/en\/wp-json\/wp\/v2\/product\/252500","targetHints":{"allow":["GET"]}}],"collection":[{"href":"https:\/\/topdisc.fi\/en\/wp-json\/wp\/v2\/product"}],"about":[{"href":"https:\/\/topdisc.fi\/en\/wp-json\/wp\/v2\/types\/product"}],"replies":[{"embeddable":true,"href":"https:\/\/topdisc.fi\/en\/wp-json\/wp\/v2\/comments?post=252500"}],"version-history":[{"count":1,"href":"https:\/\/topdisc.fi\/en\/wp-json\/wp\/v2\/product\/252500\/revisions"}],"predecessor-version":[{"id":264080,"href":"https:\/\/topdisc.fi\/en\/wp-json\/wp\/v2\/product\/252500\/revisions\/264080"}],"wp:featuredmedia":[{"embeddable":true,"href":"https:\/\/topdisc.fi\/en\/wp-json\/wp\/v2\/media\/252511"}],"wp:attachment":[{"href":"https:\/\/topdisc.fi\/en\/wp-json\/wp\/v2\/media?parent=252500"}],"wp:term":[{"taxonomy":"product_brand","embeddable":true,"href":"https:\/\/topdisc.fi\/en\/wp-json\/wp\/v2\/product_brand?post=252500"},{"taxonomy":"product_cat","embeddable":true,"href":"https:\/\/topdisc.fi\/en\/wp-json\/wp\/v2\/product_cat?post=252500"},{"taxonomy":"product_tag","embeddable":true,"href":"https:\/\/topdisc.fi\/en\/wp-json\/wp\/v2\/product_tag?post=252500"}],"curies":[{"name":"wp","href":"https:\/\/api.w.org\/{rel}","templated":true}]}}