{"id":252580,"date":"2025-07-17T15:02:53","date_gmt":"2025-07-17T12:02:53","guid":{"rendered":"https:\/\/topdisc.fi\/?post_type=product&#038;p=252580"},"modified":"2026-01-27T17:45:14","modified_gmt":"2026-01-27T15:45:14","slug":"prodigy-500-ultra-soft-d1","status":"publish","type":"product","link":"https:\/\/topdisc.fi\/en\/product\/prodigy-500-ultra-soft-d1\/","title":{"rendered":"Prodigy 500 Ultra Soft D1"},"content":{"rendered":"<p>Prodigy 500 Ultra Soft D1<\/p>\n<p>Flight values: 12 5 0 4<\/p>\n<p><span class=\"s1\"><b>Prodigy Disc D1<\/b><\/span>\u00a0on eritt\u00e4in nopea, ylivakaa draiveri, joka on suunniteltu voimakkaille heitt\u00e4jille. T\u00e4m\u00e4 draiveri toimii erinomaisesti kaikissa olosuhteissa ja lent\u00e4\u00e4 yht\u00e4 hyvin vastatuuleen kuin my\u00f6t\u00e4tuuleen. Sen\u00a0<span class=\"s1\"><b>tasainen ja ennustettava lentorata<\/b><\/span>\u00a0tekee siit\u00e4 suosikin pelaajille, jotka etsiv\u00e4t sek\u00e4 maksimaalista pituutta ett\u00e4 tarkkuutta. Kiekon lentorata pysyy samankaltaisena riippumatta sen painosta.<\/p>\n<p><strong>500 Ultra Soft<\/strong>iin ja sen uskomattomaan joustavuuteen voit luottaa. Kiekko pys\u00e4htyy ja pysyy paikoillaan l\u00e4hestymisiss\u00e4, sek\u00e4 antaa anteeksi puuosumat. Koska se sopii kaikkiin vuodenaikoihin ja olosuhteisiin, t\u00e4m\u00e4 monipuolinen muovi ansaitsee paikkansa b\u00e4giss\u00e4si \u2013 aivan kuten se ansaitsee paikkansa radalla.<\/p>\n<p><em>The color of the print and the shade of the disc may not match the product image.<\/em><\/p>","protected":false},"excerpt":{"rendered":"<p>Prodigy 500 Ultra Soft D1<\/p>\n<p>Flight values: 12 5 0 4<\/p>\n<p><span class=\"s1\"><b>Prodigy Disc D1<\/b><\/span>\u00a0on eritt\u00e4in nopea, ylivakaa draiveri, joka on suunniteltu voimakkaille heitt\u00e4jille. T\u00e4m\u00e4 draiveri toimii erinomaisesti kaikissa olosuhteissa ja lent\u00e4\u00e4 yht\u00e4 hyvin vastatuuleen kuin my\u00f6t\u00e4tuuleen. Sen\u00a0<span class=\"s1\"><b>tasainen ja ennustettava lentorata<\/b><\/span>\u00a0tekee siit\u00e4 suosikin pelaajille, jotka etsiv\u00e4t sek\u00e4 maksimaalista pituutta ett\u00e4 tarkkuutta. Kiekon lentorata pysyy samankaltaisena riippumatta sen painosta.<\/p>\n<p><strong>500 Ultra Soft<\/strong>iin ja sen uskomattomaan joustavuuteen voit luottaa. Kiekko pys\u00e4htyy ja pysyy paikoillaan l\u00e4hestymisiss\u00e4, sek\u00e4 antaa anteeksi puuosumat. Koska se sopii kaikkiin vuodenaikoihin ja olosuhteisiin, t\u00e4m\u00e4 monipuolinen muovi ansaitsee paikkansa b\u00e4giss\u00e4si \u2013 aivan kuten se ansaitsee paikkansa radalla.<\/p>\n<p><em>The color of the print and the shade of the disc may not match the product image.<\/em><\/p>","protected":false},"featured_media":252586,"comment_status":"open","ping_status":"closed","template":"","meta":{"_acf_changed":false,"om_disable_all_campaigns":false,"_improvement_type_select":"improve_an_existing","_thumb_yes_seoaic":false,"_frame_yes_seoaic":false,"seoaic_generate_description":"","seoaic_improve_instructions_prompt":"","seoaic_rollback_content_improvement":"","seoaic_idea_thumbnail_generator":"","thumbnail_generated":false,"thumbnail_generate_prompt":"","seoaic_article_description":""},"product_brand":[4872],"product_cat":[1817,1900,1832,73,2625],"product_tag":[555,1264,569],"class_list":{"0":"post-252580","1":"product","2":"type-product","3":"status-publish","4":"has-post-thumbnail","6":"product_brand-prodigy-disc","7":"product_cat-uudet-kiekot","8":"product_cat-prodigy-kaikki-kiekot","9":"product_cat-uudet-prodigy-kiekot","10":"product_cat-uutuudet","11":"product_cat-valmistajat","12":"product_tag-driver","13":"product_tag-overstable","14":"product_tag-ylivakaa","15":"pa_feidi-289","16":"pa_liito-274","17":"pa_nopeus-266","18":"pa_paino-318","19":"pa_paino-323","20":"pa_vakaus-zero","21":"pa_valmistajat-prodigy-discs","22":"pa_vari-violetti","24":"first","25":"instock","26":"taxable","27":"shipping-taxable","28":"purchasable","29":"product-type-variable"},"acf":[],"_links":{"self":[{"href":"https:\/\/topdisc.fi\/en\/wp-json\/wp\/v2\/product\/252580","targetHints":{"allow":["GET"]}}],"collection":[{"href":"https:\/\/topdisc.fi\/en\/wp-json\/wp\/v2\/product"}],"about":[{"href":"https:\/\/topdisc.fi\/en\/wp-json\/wp\/v2\/types\/product"}],"replies":[{"embeddable":true,"href":"https:\/\/topdisc.fi\/en\/wp-json\/wp\/v2\/comments?post=252580"}],"version-history":[{"count":1,"href":"https:\/\/topdisc.fi\/en\/wp-json\/wp\/v2\/product\/252580\/revisions"}],"predecessor-version":[{"id":264077,"href":"https:\/\/topdisc.fi\/en\/wp-json\/wp\/v2\/product\/252580\/revisions\/264077"}],"wp:featuredmedia":[{"embeddable":true,"href":"https:\/\/topdisc.fi\/en\/wp-json\/wp\/v2\/media\/252586"}],"wp:attachment":[{"href":"https:\/\/topdisc.fi\/en\/wp-json\/wp\/v2\/media?parent=252580"}],"wp:term":[{"taxonomy":"product_brand","embeddable":true,"href":"https:\/\/topdisc.fi\/en\/wp-json\/wp\/v2\/product_brand?post=252580"},{"taxonomy":"product_cat","embeddable":true,"href":"https:\/\/topdisc.fi\/en\/wp-json\/wp\/v2\/product_cat?post=252580"},{"taxonomy":"product_tag","embeddable":true,"href":"https:\/\/topdisc.fi\/en\/wp-json\/wp\/v2\/product_tag?post=252580"}],"curies":[{"name":"wp","href":"https:\/\/api.w.org\/{rel}","templated":true}]}}