{"id":252618,"date":"2025-07-17T15:42:24","date_gmt":"2025-07-17T12:42:24","guid":{"rendered":"https:\/\/topdisc.fi\/?post_type=product&#038;p=252618"},"modified":"2026-01-27T17:45:11","modified_gmt":"2026-01-27T15:45:11","slug":"prodigy-400-m2","status":"publish","type":"product","link":"https:\/\/topdisc.fi\/en\/product\/prodigy-400-m2\/","title":{"rendered":"Prodigy 400 M2"},"content":{"rendered":"<p>Prodigy 400 M2<\/p>\n<p>Flight values: 5 4 0 2<\/p>\n<p>M2 on vakiinnuttanut paikkansa pelaajien keskuudessa luotettavana l\u00e4hestymiskiekkona. Kiekko on suunniteltu ylivakaaksi jonka ansiosta lentorata pysyy ennustettavana my\u00f6s tuulisella kelill\u00e4. Hyv\u00e4 valinta pidempiin l\u00e4hestymisheittoihin.<\/p>\n<p>400 plastic is a high-quality and durable plastic that feels and looks good.<\/p>\n<p><em>The color of the print and the shade of the disc may not match the product image.<\/em><\/p>","protected":false},"excerpt":{"rendered":"<p>Prodigy 400 M2<\/p>\n<p>Flight values: 5 4 0 2<\/p>\n<p>M2 on vakiinnuttanut paikkansa pelaajien keskuudessa luotettavana l\u00e4hestymiskiekkona. Kiekko on suunniteltu ylivakaaksi jonka ansiosta lentorata pysyy ennustettavana my\u00f6s tuulisella kelill\u00e4. Hyv\u00e4 valinta pidempiin l\u00e4hestymisheittoihin.<\/p>\n<p>400 plastic is a high-quality and durable plastic that feels and looks good.<\/p>\n<p><em>The color of the print and the shade of the disc may not match the product image.<\/em><\/p>","protected":false},"featured_media":252587,"comment_status":"open","ping_status":"closed","template":"","meta":{"_acf_changed":false,"om_disable_all_campaigns":false,"_improvement_type_select":"improve_an_existing","_thumb_yes_seoaic":false,"_frame_yes_seoaic":false,"seoaic_generate_description":"","seoaic_improve_instructions_prompt":"","seoaic_rollback_content_improvement":"","seoaic_idea_thumbnail_generator":"","thumbnail_generated":false,"thumbnail_generate_prompt":"","seoaic_article_description":""},"product_brand":[4872],"product_cat":[1817,1900,1832,73,2625],"product_tag":[839,3011,2521,2520,1944],"class_list":{"0":"post-252618","1":"product","2":"type-product","3":"status-publish","4":"has-post-thumbnail","6":"product_brand-prodigy-disc","7":"product_cat-uudet-kiekot","8":"product_cat-prodigy-kaikki-kiekot","9":"product_cat-uudet-prodigy-kiekot","10":"product_cat-uutuudet","11":"product_cat-valmistajat","12":"product_tag-midrange","13":"product_tag-stable","14":"product_tag-straight","15":"product_tag-suora","16":"product_tag-vakaa","17":"pa_feidi-287","18":"pa_liito-273","19":"pa_nopeus-259","20":"pa_paino-329","21":"pa_vakaus-zero","22":"pa_valmistajat-prodigy-discs","23":"pa_vari-keltavihrea","24":"pa_vari-violetti","26":"first","27":"instock","28":"taxable","29":"shipping-taxable","30":"purchasable","31":"product-type-variable"},"acf":[],"_links":{"self":[{"href":"https:\/\/topdisc.fi\/en\/wp-json\/wp\/v2\/product\/252618","targetHints":{"allow":["GET"]}}],"collection":[{"href":"https:\/\/topdisc.fi\/en\/wp-json\/wp\/v2\/product"}],"about":[{"href":"https:\/\/topdisc.fi\/en\/wp-json\/wp\/v2\/types\/product"}],"replies":[{"embeddable":true,"href":"https:\/\/topdisc.fi\/en\/wp-json\/wp\/v2\/comments?post=252618"}],"version-history":[{"count":1,"href":"https:\/\/topdisc.fi\/en\/wp-json\/wp\/v2\/product\/252618\/revisions"}],"predecessor-version":[{"id":264073,"href":"https:\/\/topdisc.fi\/en\/wp-json\/wp\/v2\/product\/252618\/revisions\/264073"}],"wp:featuredmedia":[{"embeddable":true,"href":"https:\/\/topdisc.fi\/en\/wp-json\/wp\/v2\/media\/252587"}],"wp:attachment":[{"href":"https:\/\/topdisc.fi\/en\/wp-json\/wp\/v2\/media?parent=252618"}],"wp:term":[{"taxonomy":"product_brand","embeddable":true,"href":"https:\/\/topdisc.fi\/en\/wp-json\/wp\/v2\/product_brand?post=252618"},{"taxonomy":"product_cat","embeddable":true,"href":"https:\/\/topdisc.fi\/en\/wp-json\/wp\/v2\/product_cat?post=252618"},{"taxonomy":"product_tag","embeddable":true,"href":"https:\/\/topdisc.fi\/en\/wp-json\/wp\/v2\/product_tag?post=252618"}],"curies":[{"name":"wp","href":"https:\/\/api.w.org\/{rel}","templated":true}]}}