{"id":252625,"date":"2025-07-17T15:53:13","date_gmt":"2025-07-17T12:53:13","guid":{"rendered":"https:\/\/topdisc.fi\/?post_type=product&#038;p=252625"},"modified":"2026-01-27T17:45:11","modified_gmt":"2026-01-27T15:45:11","slug":"prodigy-300-ultra-soft-pa-1","status":"publish","type":"product","link":"https:\/\/topdisc.fi\/en\/product\/prodigy-300-ultra-soft-pa-1\/","title":{"rendered":"Prodigy 300 Ultra Soft PA-1"},"content":{"rendered":"<p>Prodigy 300 Ultra Soft PA-1<\/p>\n<p>Flight values: 3 3 0 2.5<\/p>\n<p>The Prodigy Disc PA-1 Putt &amp; Approach kiekko on Prodigy Disc puttereista ylivakain malli. Se soveltuu pidempiin l\u00e4hestymisiin ja tuulisessa keliss\u00e4 puttaamiseen. Kiekon lentorata on suora, mutta heiton loppukaarros on Prodigyn puttereista voimakkain. PA-1 on erinomainen valinta pidempiin putteril\u00e4hestymisiin.<\/p>\n<p>300 Ultra Soft vie alkuper\u00e4isen seoksen \u00e4\u00e4rirajoille aivan kuten premium-vastineensa. T\u00e4m\u00e4 muovi on yksi markkinoiden pehmeimmist\u00e4 ja pit\u00e4vimmist\u00e4, ja sen joustavuus on yli 50 % suurempi.<\/p>\n<p><em>The color of the print and the shade of the disc may not match the product image.<\/em><\/p>","protected":false},"excerpt":{"rendered":"<p>Prodigy 300 Ultra Soft PA-1<\/p>\n<p>Flight values: 3 3 0 2.5<\/p>\n<p>The Prodigy Disc PA-1 Putt &amp; Approach kiekko on Prodigy Disc puttereista ylivakain malli. Se soveltuu pidempiin l\u00e4hestymisiin ja tuulisessa keliss\u00e4 puttaamiseen. Kiekon lentorata on suora, mutta heiton loppukaarros on Prodigyn puttereista voimakkain. PA-1 on erinomainen valinta pidempiin putteril\u00e4hestymisiin.<\/p>\n<p>300 Ultra Soft vie alkuper\u00e4isen seoksen \u00e4\u00e4rirajoille aivan kuten premium-vastineensa. T\u00e4m\u00e4 muovi on yksi markkinoiden pehmeimmist\u00e4 ja pit\u00e4vimmist\u00e4, ja sen joustavuus on yli 50 % suurempi.<\/p>\n<p><em>The color of the print and the shade of the disc may not match the product image.<\/em><\/p>","protected":false},"featured_media":252594,"comment_status":"open","ping_status":"closed","template":"","meta":{"_acf_changed":false,"om_disable_all_campaigns":false,"_improvement_type_select":"improve_an_existing","_thumb_yes_seoaic":false,"_frame_yes_seoaic":false,"seoaic_generate_description":"","seoaic_improve_instructions_prompt":"","seoaic_rollback_content_improvement":"","seoaic_idea_thumbnail_generator":"","thumbnail_generated":false,"thumbnail_generate_prompt":"","seoaic_article_description":""},"product_brand":[4872],"product_cat":[1817,1900,1832,73,2625],"product_tag":[716,3011,1944],"class_list":{"0":"post-252625","1":"product","2":"type-product","3":"status-publish","4":"has-post-thumbnail","6":"product_brand-prodigy-disc","7":"product_cat-uudet-kiekot","8":"product_cat-prodigy-kaikki-kiekot","9":"product_cat-uudet-prodigy-kiekot","10":"product_cat-uutuudet","11":"product_cat-valmistajat","12":"product_tag-putter","13":"product_tag-stable","14":"product_tag-vakaa","15":"pa_feidi-2-5","16":"pa_liito-272","17":"pa_nopeus-257","18":"pa_paino-321","19":"pa_paino-324","20":"pa_paino-325","21":"pa_vakaus-zero","22":"pa_valmistajat-prodigy-discs","23":"pa_vari-valkoinen","25":"first","26":"instock","27":"taxable","28":"shipping-taxable","29":"purchasable","30":"product-type-variable"},"acf":[],"_links":{"self":[{"href":"https:\/\/topdisc.fi\/en\/wp-json\/wp\/v2\/product\/252625","targetHints":{"allow":["GET"]}}],"collection":[{"href":"https:\/\/topdisc.fi\/en\/wp-json\/wp\/v2\/product"}],"about":[{"href":"https:\/\/topdisc.fi\/en\/wp-json\/wp\/v2\/types\/product"}],"replies":[{"embeddable":true,"href":"https:\/\/topdisc.fi\/en\/wp-json\/wp\/v2\/comments?post=252625"}],"version-history":[{"count":1,"href":"https:\/\/topdisc.fi\/en\/wp-json\/wp\/v2\/product\/252625\/revisions"}],"predecessor-version":[{"id":264072,"href":"https:\/\/topdisc.fi\/en\/wp-json\/wp\/v2\/product\/252625\/revisions\/264072"}],"wp:featuredmedia":[{"embeddable":true,"href":"https:\/\/topdisc.fi\/en\/wp-json\/wp\/v2\/media\/252594"}],"wp:attachment":[{"href":"https:\/\/topdisc.fi\/en\/wp-json\/wp\/v2\/media?parent=252625"}],"wp:term":[{"taxonomy":"product_brand","embeddable":true,"href":"https:\/\/topdisc.fi\/en\/wp-json\/wp\/v2\/product_brand?post=252625"},{"taxonomy":"product_cat","embeddable":true,"href":"https:\/\/topdisc.fi\/en\/wp-json\/wp\/v2\/product_cat?post=252625"},{"taxonomy":"product_tag","embeddable":true,"href":"https:\/\/topdisc.fi\/en\/wp-json\/wp\/v2\/product_tag?post=252625"}],"curies":[{"name":"wp","href":"https:\/\/api.w.org\/{rel}","templated":true}]}}