{"id":252668,"date":"2025-07-18T12:07:18","date_gmt":"2025-07-18T09:07:18","guid":{"rendered":"https:\/\/topdisc.fi\/?post_type=product&#038;p=252668"},"modified":"2026-01-27T15:37:21","modified_gmt":"2026-01-27T13:37:21","slug":"discmania-d-line-flex-2-p2","status":"publish","type":"product","link":"https:\/\/topdisc.fi\/en\/product\/discmania-d-line-flex-2-p2\/","title":{"rendered":"Discmania D-Line Flex 2 P2"},"content":{"rendered":"<p>Discmania D-Line Flex 2 P2<\/p>\n<p>Flight values: 2 3 0 1<\/p>\n<p>Discmanian kaikkien aikojen suosituin kiekko, joka on k\u00e4yt\u00f6ss\u00e4 my\u00f6s monella kilpapelaajalla ymp\u00e4ri maailman. P2 putteri omaa luotettavan lentoradan ja hyv\u00e4n liidon. Soveltuu erinomaisesti putteihin, mutta toimii my\u00f6s heitett\u00e4ess\u00e4 hyvin. Kiekon malli sopii luontevasti useimpien pelaajien k\u00e4teen.<\/p>\n<p>D-line Flex 2 on j\u00e4ykkyydelt\u00e4\u00e4n keskimm\u00e4inen Discmanian putterilinjaston eri muoviseoksista.<\/p>","protected":false},"excerpt":{"rendered":"<p>Discmania D-Line Flex 2 P2<\/p>\n<p>Flight values: 2 3 0 1<\/p>\n<p>Discmanian kaikkien aikojen suosituin kiekko, joka on k\u00e4yt\u00f6ss\u00e4 my\u00f6s monella kilpapelaajalla ymp\u00e4ri maailman. P2 putteri omaa luotettavan lentoradan ja hyv\u00e4n liidon. Soveltuu erinomaisesti putteihin, mutta toimii my\u00f6s heitett\u00e4ess\u00e4 hyvin. Kiekon malli sopii luontevasti useimpien pelaajien k\u00e4teen.<\/p>\n<p>D-line Flex 2 on j\u00e4ykkyydelt\u00e4\u00e4n keskimm\u00e4inen Discmanian putterilinjaston eri muoviseoksista.<\/p>","protected":false},"featured_media":252673,"comment_status":"open","ping_status":"closed","template":"","meta":{"_acf_changed":false,"om_disable_all_campaigns":false,"_improvement_type_select":"improve_an_existing","_thumb_yes_seoaic":false,"_frame_yes_seoaic":false,"seoaic_generate_description":"","seoaic_improve_instructions_prompt":"","seoaic_rollback_content_improvement":"","seoaic_idea_thumbnail_generator":"","thumbnail_generated":false,"thumbnail_generate_prompt":"","seoaic_article_description":""},"product_brand":[4855],"product_cat":[656,1861,1817,73,2625],"product_tag":[716],"class_list":{"0":"post-252668","1":"product","2":"type-product","3":"status-publish","4":"has-post-thumbnail","6":"product_brand-discmania","7":"product_cat-discmania-kaikki","8":"product_cat-discmania-uudet-kiekot","9":"product_cat-uudet-kiekot","10":"product_cat-uutuudet","11":"product_cat-valmistajat","12":"product_tag-putter","13":"pa_feidi-286","14":"pa_liito-272","15":"pa_nopeus-256","16":"pa_paino-324","17":"pa_vakaus-zero","18":"pa_valmistajat-discmania","19":"pa_vari-beast-circle-valkoinen","20":"pa_vari-keltainen","21":"pa_vari-rainbow-x-out-keltainen","23":"first","24":"instock","25":"taxable","26":"shipping-taxable","27":"purchasable","28":"product-type-variable"},"acf":[],"_links":{"self":[{"href":"https:\/\/topdisc.fi\/en\/wp-json\/wp\/v2\/product\/252668","targetHints":{"allow":["GET"]}}],"collection":[{"href":"https:\/\/topdisc.fi\/en\/wp-json\/wp\/v2\/product"}],"about":[{"href":"https:\/\/topdisc.fi\/en\/wp-json\/wp\/v2\/types\/product"}],"replies":[{"embeddable":true,"href":"https:\/\/topdisc.fi\/en\/wp-json\/wp\/v2\/comments?post=252668"}],"version-history":[{"count":1,"href":"https:\/\/topdisc.fi\/en\/wp-json\/wp\/v2\/product\/252668\/revisions"}],"predecessor-version":[{"id":263695,"href":"https:\/\/topdisc.fi\/en\/wp-json\/wp\/v2\/product\/252668\/revisions\/263695"}],"wp:featuredmedia":[{"embeddable":true,"href":"https:\/\/topdisc.fi\/en\/wp-json\/wp\/v2\/media\/252673"}],"wp:attachment":[{"href":"https:\/\/topdisc.fi\/en\/wp-json\/wp\/v2\/media?parent=252668"}],"wp:term":[{"taxonomy":"product_brand","embeddable":true,"href":"https:\/\/topdisc.fi\/en\/wp-json\/wp\/v2\/product_brand?post=252668"},{"taxonomy":"product_cat","embeddable":true,"href":"https:\/\/topdisc.fi\/en\/wp-json\/wp\/v2\/product_cat?post=252668"},{"taxonomy":"product_tag","embeddable":true,"href":"https:\/\/topdisc.fi\/en\/wp-json\/wp\/v2\/product_tag?post=252668"}],"curies":[{"name":"wp","href":"https:\/\/api.w.org\/{rel}","templated":true}]}}