{"id":252722,"date":"2025-07-18T15:04:21","date_gmt":"2025-07-18T12:04:21","guid":{"rendered":"https:\/\/topdisc.fi\/?post_type=product&#038;p=252722"},"modified":"2026-03-09T15:15:44","modified_gmt":"2026-03-09T13:15:44","slug":"westside-discs-vip-tide","status":"publish","type":"product","link":"https:\/\/topdisc.fi\/en\/product\/westside-discs-vip-tide\/","title":{"rendered":"Westside Discs VIP Tide"},"content":{"rendered":"<p>Westside Discs VIP Tide<\/p>\n<p>Lentoarvot: 12 6 -0.5 3<\/p>\n<p>Ratsasta aallon harjalla! Westside Discin Tide on suunniteltu pitkiin tarkkuutta vaativiin draiveihin. Hyv\u00e4 liito ja rehti loppufeidi mahdollistaa vaivattoman, tarkan ja ennustettavan heiton pitk\u00e4lle.<\/p>\n<p>VIP-muovissa yhdistyy hyv\u00e4 kulutuksenkesto sek\u00e4 selke\u00e4 ulkon\u00e4k\u00f6. VIP-muovi on l\u00e4pin\u00e4kyv\u00e4\u00e4 muoviseosta, vaikka v\u00e4lill\u00e4 l\u00e4pin\u00e4kyvyyden aste vaihteleekin kiekkokohtaisesti. VIP-muovi vastaa ominaisuuksiltaan Latituden Opto-muovia<\/p>","protected":false},"excerpt":{"rendered":"<p>Westside Discs VIP Tide<\/p>\n<p>Lentoarvot: 12 6 -0.5 3<\/p>\n<p>Ratsasta aallon harjalla! Westside Discin Tide on suunniteltu pitkiin tarkkuutta vaativiin draiveihin. Hyv\u00e4 liito ja rehti loppufeidi mahdollistaa vaivattoman, tarkan ja ennustettavan heiton pitk\u00e4lle.<\/p>\n<p>VIP-muovissa yhdistyy hyv\u00e4 kulutuksenkesto sek\u00e4 selke\u00e4 ulkon\u00e4k\u00f6. VIP-muovi on l\u00e4pin\u00e4kyv\u00e4\u00e4 muoviseosta, vaikka v\u00e4lill\u00e4 l\u00e4pin\u00e4kyvyyden aste vaihteleekin kiekkokohtaisesti. VIP-muovi vastaa ominaisuuksiltaan Latituden Opto-muovia<\/p>\n<p>VIP Ice on premium muoviseos, jonka j\u00e4ykkyys asettuu suurinpiirtein normaalin VIP-muovin ja VIP-X:n v\u00e4liin. Seos on eritt\u00e4in kest\u00e4v\u00e4\u00e4 ja k\u00e4ytt\u00e4ytyy normaalia VIP:i\u00e4 ylivakaammin.<\/p>","protected":false},"featured_media":252726,"comment_status":"open","ping_status":"closed","template":"","meta":{"_acf_changed":false,"om_disable_all_campaigns":false,"_improvement_type_select":"improve_an_existing","_thumb_yes_seoaic":false,"_frame_yes_seoaic":false,"seoaic_generate_description":"","seoaic_improve_instructions_prompt":"","seoaic_rollback_content_improvement":"","seoaic_idea_thumbnail_generator":"","thumbnail_generated":false,"thumbnail_generate_prompt":"","seoaic_article_description":""},"product_brand":[4875],"product_cat":[1837,1817,73,2625,4339],"product_tag":[555],"class_list":{"0":"post-252722","1":"product","2":"type-product","3":"status-publish","4":"has-post-thumbnail","6":"product_brand-westside-discs","7":"product_cat-westside-discs-new-uudet-frisbeegolfkiekot-2","8":"product_cat-uudet-kiekot","9":"product_cat-uutuudet","10":"product_cat-valmistajat","11":"product_cat-westside-discs","12":"product_tag-driver","13":"pa_feidi-288","14":"pa_liito-275","15":"pa_nopeus-266","16":"pa_paino-324","17":"pa_paino-326","18":"pa_vakaus-0-5","19":"pa_valmistajat-westside-discs","20":"pa_vari-oranssi","21":"pa_vari-pinkki","22":"pa_vari-sininen","24":"first","25":"instock","26":"taxable","27":"shipping-taxable","28":"purchasable","29":"product-type-variable"},"acf":[],"_links":{"self":[{"href":"https:\/\/topdisc.fi\/en\/wp-json\/wp\/v2\/product\/252722","targetHints":{"allow":["GET"]}}],"collection":[{"href":"https:\/\/topdisc.fi\/en\/wp-json\/wp\/v2\/product"}],"about":[{"href":"https:\/\/topdisc.fi\/en\/wp-json\/wp\/v2\/types\/product"}],"replies":[{"embeddable":true,"href":"https:\/\/topdisc.fi\/en\/wp-json\/wp\/v2\/comments?post=252722"}],"version-history":[{"count":1,"href":"https:\/\/topdisc.fi\/en\/wp-json\/wp\/v2\/product\/252722\/revisions"}],"predecessor-version":[{"id":267740,"href":"https:\/\/topdisc.fi\/en\/wp-json\/wp\/v2\/product\/252722\/revisions\/267740"}],"wp:featuredmedia":[{"embeddable":true,"href":"https:\/\/topdisc.fi\/en\/wp-json\/wp\/v2\/media\/252726"}],"wp:attachment":[{"href":"https:\/\/topdisc.fi\/en\/wp-json\/wp\/v2\/media?parent=252722"}],"wp:term":[{"taxonomy":"product_brand","embeddable":true,"href":"https:\/\/topdisc.fi\/en\/wp-json\/wp\/v2\/product_brand?post=252722"},{"taxonomy":"product_cat","embeddable":true,"href":"https:\/\/topdisc.fi\/en\/wp-json\/wp\/v2\/product_cat?post=252722"},{"taxonomy":"product_tag","embeddable":true,"href":"https:\/\/topdisc.fi\/en\/wp-json\/wp\/v2\/product_tag?post=252722"}],"curies":[{"name":"wp","href":"https:\/\/api.w.org\/{rel}","templated":true}]}}