{"id":252729,"date":"2025-07-18T16:09:03","date_gmt":"2025-07-18T13:09:03","guid":{"rendered":"https:\/\/topdisc.fi\/?post_type=product&#038;p=252729"},"modified":"2025-07-23T16:57:10","modified_gmt":"2025-07-23T13:57:10","slug":"latitude-64-sense-peak","status":"publish","type":"product","link":"https:\/\/topdisc.fi\/en\/product\/latitude-64-sense-peak\/","title":{"rendered":"Latitude 64 Sense Peak"},"content":{"rendered":"<p>Latitude 64 Sense Peak<\/p>\n<p>Flight values: 3 3 0 1<\/p>\n<p>Peak on matala beadillinen putteri joka on kehitetty Latituden suosituimman putterin Puren pohjalta. Eli siis beadillinen Pure, soveltuu mainiosti puttaamiseen ja l\u00e4hestymisiin.<\/p>\n<p>Sense on Royal Line -linjan putterimuovi. Se on j\u00e4m\u00e4k\u00e4n tuntuista seosta, josta saa kuitenkin pit\u00e4v\u00e4n otteen.<\/p>\n<p>Stampin v\u00e4ri saattaa vaihdella.<\/p>","protected":false},"excerpt":{"rendered":"<p>Latitude 64 Sense Peak<\/p>\n<p>Flight values: 3 3 0 1<\/p>\n<p>Peak on matala beadillinen putteri joka on kehitetty Latituden suosituimman putterin Puren pohjalta. Eli siis beadillinen Pure, soveltuu mainiosti puttaamiseen ja l\u00e4hestymisiin.<\/p>\n<p>Sense on Royal Line -linjan putterimuovi. Se on j\u00e4m\u00e4k\u00e4n tuntuista seosta, josta saa kuitenkin pit\u00e4v\u00e4n otteen.<\/p>\n<p>Stampin v\u00e4ri saattaa vaihdella.<\/p>","protected":false},"featured_media":252734,"comment_status":"open","ping_status":"closed","template":"","meta":{"_acf_changed":false,"om_disable_all_campaigns":false,"_improvement_type_select":"improve_an_existing","_thumb_yes_seoaic":false,"_frame_yes_seoaic":false,"seoaic_generate_description":"","seoaic_improve_instructions_prompt":"","seoaic_rollback_content_improvement":"","seoaic_idea_thumbnail_generator":"","thumbnail_generated":false,"thumbnail_generate_prompt":"","seoaic_article_description":""},"product_brand":[],"product_cat":[1817,2626,1850,73,2625],"product_tag":[716,2521,2520],"class_list":{"0":"post-252729","1":"product","2":"type-product","3":"status-publish","4":"has-post-thumbnail","6":"product_cat-uudet-kiekot","7":"product_cat-latitude-64","8":"product_cat-uudet-latitude-64-kiekot","9":"product_cat-uutuudet","10":"product_cat-valmistajat","11":"product_tag-putter","12":"product_tag-straight","13":"product_tag-suora","14":"pa_feidi-286","15":"pa_liito-272","16":"pa_nopeus-257","17":"pa_paino-324","18":"pa_vakaus-zero","19":"pa_valmistajat-latitude-64","20":"pa_vari-valkoinen","22":"first","23":"instock","24":"taxable","25":"shipping-taxable","26":"purchasable","27":"product-type-variable"},"acf":[],"_links":{"self":[{"href":"https:\/\/topdisc.fi\/en\/wp-json\/wp\/v2\/product\/252729","targetHints":{"allow":["GET"]}}],"collection":[{"href":"https:\/\/topdisc.fi\/en\/wp-json\/wp\/v2\/product"}],"about":[{"href":"https:\/\/topdisc.fi\/en\/wp-json\/wp\/v2\/types\/product"}],"replies":[{"embeddable":true,"href":"https:\/\/topdisc.fi\/en\/wp-json\/wp\/v2\/comments?post=252729"}],"version-history":[{"count":0,"href":"https:\/\/topdisc.fi\/en\/wp-json\/wp\/v2\/product\/252729\/revisions"}],"wp:featuredmedia":[{"embeddable":true,"href":"https:\/\/topdisc.fi\/en\/wp-json\/wp\/v2\/media\/252734"}],"wp:attachment":[{"href":"https:\/\/topdisc.fi\/en\/wp-json\/wp\/v2\/media?parent=252729"}],"wp:term":[{"taxonomy":"product_brand","embeddable":true,"href":"https:\/\/topdisc.fi\/en\/wp-json\/wp\/v2\/product_brand?post=252729"},{"taxonomy":"product_cat","embeddable":true,"href":"https:\/\/topdisc.fi\/en\/wp-json\/wp\/v2\/product_cat?post=252729"},{"taxonomy":"product_tag","embeddable":true,"href":"https:\/\/topdisc.fi\/en\/wp-json\/wp\/v2\/product_tag?post=252729"}],"curies":[{"name":"wp","href":"https:\/\/api.w.org\/{rel}","templated":true}]}}