{"id":252767,"date":"2025-07-19T11:31:27","date_gmt":"2025-07-19T08:31:27","guid":{"rendered":"https:\/\/topdisc.fi\/?post_type=product&#038;p=252767"},"modified":"2026-03-09T15:15:43","modified_gmt":"2026-03-09T13:15:43","slug":"westside-discs-revive-warship","status":"publish","type":"product","link":"https:\/\/topdisc.fi\/en\/product\/westside-discs-revive-warship\/","title":{"rendered":"Westside Discs Revive Warship"},"content":{"rendered":"<p>Westside Discs Revive Warship<\/p>\n<p>Flight values: 5 6 0 1<\/p>\n<p>Warship (Pursi) on hyv\u00e4n liidon omaava midari, joka on vahvimmillaan tarkoissa heitoissa ja tarjoaa helppoa kontrolloitavuutta.<\/p>\n<p><strong>Revive<\/strong> on VIP ja Tournament muovin ylij\u00e4\u00e4m\u00e4materiaalista valmistettu kierr\u00e4tysmuoviseos. Sen voi olettaa k\u00e4ytt\u00e4ytyv\u00e4n hieman alivakaammin kuin alkuper\u00e4is-seosten vastineet. <strong>Reviven<\/strong> sis\u00e4\u00e4najo ja kulutus on sutjakkaampaa kuin VIP tai Tournament-muovilla.<\/p>\n<p>Stampin v\u00e4ri saattaa vaihdella.<\/p>","protected":false},"excerpt":{"rendered":"<p>Westside Discs Revive Warship<\/p>\n<p>Flight values: 5 6 0 1<\/p>\n<p>Warship (Pursi) on hyv\u00e4n liidon omaava midari, joka on vahvimmillaan tarkoissa heitoissa ja tarjoaa helppoa kontrolloitavuutta.<\/p>\n<p><strong>Revive<\/strong> on VIP ja Tournament muovin ylij\u00e4\u00e4m\u00e4materiaalista valmistettu kierr\u00e4tysmuoviseos. Sen voi olettaa k\u00e4ytt\u00e4ytyv\u00e4n hieman alivakaammin kuin alkuper\u00e4is-seosten vastineet. <strong>Reviven<\/strong> sis\u00e4\u00e4najo ja kulutus on sutjakkaampaa kuin VIP tai Tournament-muovilla.<\/p>\n<p>Stampin v\u00e4ri saattaa vaihdella.<\/p>","protected":false},"featured_media":252769,"comment_status":"open","ping_status":"closed","template":"","meta":{"_acf_changed":false,"om_disable_all_campaigns":false,"_improvement_type_select":"improve_an_existing","_thumb_yes_seoaic":false,"_frame_yes_seoaic":false,"seoaic_generate_description":"","seoaic_improve_instructions_prompt":"","seoaic_rollback_content_improvement":"","seoaic_idea_thumbnail_generator":"","thumbnail_generated":false,"thumbnail_generate_prompt":"","seoaic_article_description":""},"product_brand":[4875],"product_cat":[1817,73,2625,4339,1837],"product_tag":[566,839],"class_list":{"0":"post-252767","1":"product","2":"type-product","3":"status-publish","4":"has-post-thumbnail","6":"product_brand-westside-discs","7":"product_cat-uudet-kiekot","8":"product_cat-uutuudet","9":"product_cat-valmistajat","10":"product_cat-westside-discs","11":"product_cat-westside-discs-new-uudet-frisbeegolfkiekot-2","12":"product_tag-midari","13":"product_tag-midrange","14":"pa_feidi-286","15":"pa_liito-275","16":"pa_nopeus-259","17":"pa_paino-332","18":"pa_vakaus-zero","19":"pa_valmistajat-westside-discs","20":"pa_vari-keltainen","21":"pa_vari-sininen","23":"first","24":"instock","25":"taxable","26":"shipping-taxable","27":"purchasable","28":"product-type-variable"},"acf":[],"_links":{"self":[{"href":"https:\/\/topdisc.fi\/en\/wp-json\/wp\/v2\/product\/252767","targetHints":{"allow":["GET"]}}],"collection":[{"href":"https:\/\/topdisc.fi\/en\/wp-json\/wp\/v2\/product"}],"about":[{"href":"https:\/\/topdisc.fi\/en\/wp-json\/wp\/v2\/types\/product"}],"replies":[{"embeddable":true,"href":"https:\/\/topdisc.fi\/en\/wp-json\/wp\/v2\/comments?post=252767"}],"version-history":[{"count":1,"href":"https:\/\/topdisc.fi\/en\/wp-json\/wp\/v2\/product\/252767\/revisions"}],"predecessor-version":[{"id":267738,"href":"https:\/\/topdisc.fi\/en\/wp-json\/wp\/v2\/product\/252767\/revisions\/267738"}],"wp:featuredmedia":[{"embeddable":true,"href":"https:\/\/topdisc.fi\/en\/wp-json\/wp\/v2\/media\/252769"}],"wp:attachment":[{"href":"https:\/\/topdisc.fi\/en\/wp-json\/wp\/v2\/media?parent=252767"}],"wp:term":[{"taxonomy":"product_brand","embeddable":true,"href":"https:\/\/topdisc.fi\/en\/wp-json\/wp\/v2\/product_brand?post=252767"},{"taxonomy":"product_cat","embeddable":true,"href":"https:\/\/topdisc.fi\/en\/wp-json\/wp\/v2\/product_cat?post=252767"},{"taxonomy":"product_tag","embeddable":true,"href":"https:\/\/topdisc.fi\/en\/wp-json\/wp\/v2\/product_tag?post=252767"}],"curies":[{"name":"wp","href":"https:\/\/api.w.org\/{rel}","templated":true}]}}