{"id":252778,"date":"2025-07-19T12:06:17","date_gmt":"2025-07-19T09:06:17","guid":{"rendered":"https:\/\/topdisc.fi\/?post_type=product&#038;p=252778"},"modified":"2026-03-09T15:15:43","modified_gmt":"2026-03-09T13:15:43","slug":"westside-discs-tournament-orbit-prince-matt-orum-team-series-2025","status":"publish","type":"product","link":"https:\/\/topdisc.fi\/en\/product\/westside-discs-tournament-orbit-prince-matt-orum-team-series-2025\/","title":{"rendered":"Westside Discs Tournament Orbit Prince &#8211; Matt Orum Team Series 2025"},"content":{"rendered":"<p>Westside Discs Tournament Orbit Prince &#8211; Matt Orum Team Series 2025<\/p>\n<p>Flight values: 13 5 0 3<\/p>\n<p>Prince on nopea ja ylivakaa draiveri, joka menee lennoltaan Westsiden Miekan ja Adderin v\u00e4liin. Prince on suunniteltu yhdess\u00e4 Matt Orumin kanssa ja se tarjoaa luotettavan distance kiekon isommillekin k\u00e4sille.<\/p>\n<p>Orbit on valmistustapa, jolla kiekkoihin saadaan kahta v\u00e4ri\u00e4 \/ v\u00e4ris\u00e4vy\u00e4.<\/p>\n<p>Tournament-muovi kest\u00e4\u00e4 kulutusta VIP-muoviseoksen tapaan, mutta sen lis\u00e4ksi siihen on pyritty saamaan VIP-muovia parempi pito lis\u00e4\u00e4m\u00e4ll\u00e4 seokseen grippi\u00e4 parantavaa ainesosaa.<\/p>\n<p>Stampin v\u00e4ri saattaa vaihdella.<\/p>","protected":false},"excerpt":{"rendered":"<p>Westside Discs Tournament Orbit Prince &#8211; Matt Orum Team Series 2025<\/p>\n<p>Flight values: 13 5 0 3<\/p>\n<p>Prince on nopea ja ylivakaa draiveri, joka menee lennoltaan Westsiden Miekan ja Adderin v\u00e4liin. Prince on suunniteltu yhdess\u00e4 Matt Orumin kanssa ja se tarjoaa luotettavan distance kiekon isommillekin k\u00e4sille.<\/p>\n<p>Orbit on valmistustapa, jolla kiekkoihin saadaan kahta v\u00e4ri\u00e4 \/ v\u00e4ris\u00e4vy\u00e4.<\/p>\n<p>Tournament-muovi kest\u00e4\u00e4 kulutusta VIP-muoviseoksen tapaan, mutta sen lis\u00e4ksi siihen on pyritty saamaan VIP-muovia parempi pito lis\u00e4\u00e4m\u00e4ll\u00e4 seokseen grippi\u00e4 parantavaa ainesosaa.<\/p>\n<p>Stampin v\u00e4ri saattaa vaihdella.<\/p>","protected":false},"featured_media":252781,"comment_status":"open","ping_status":"closed","template":"","meta":{"_acf_changed":false,"om_disable_all_campaigns":false,"_improvement_type_select":"improve_an_existing","_thumb_yes_seoaic":false,"_frame_yes_seoaic":false,"seoaic_generate_description":"","seoaic_improve_instructions_prompt":"","seoaic_rollback_content_improvement":"","seoaic_idea_thumbnail_generator":"","thumbnail_generated":false,"thumbnail_generate_prompt":"","seoaic_article_description":""},"product_brand":[4875],"product_cat":[1817,369,4065,678,73,2625,4339,1837],"product_tag":[555,1264,569],"class_list":{"0":"post-252778","1":"product","2":"type-product","3":"status-publish","4":"has-post-thumbnail","6":"product_brand-westside-discs","7":"product_cat-uudet-kiekot","8":"product_cat-signature-kiekot","9":"product_cat-special","10":"product_cat-spessut","11":"product_cat-uutuudet","12":"product_cat-valmistajat","13":"product_cat-westside-discs","14":"product_cat-westside-discs-new-uudet-frisbeegolfkiekot-2","15":"product_tag-driver","16":"product_tag-overstable","17":"product_tag-ylivakaa","18":"pa_feidi-288","19":"pa_liito-274","20":"pa_nopeus-267","21":"pa_paino-326","22":"pa_vakaus-zero","23":"pa_valmistajat-westside-discs","24":"pa_vari-vihrea-valkoinen","26":"first","27":"instock","28":"taxable","29":"shipping-taxable","30":"purchasable","31":"product-type-variable"},"acf":[],"_links":{"self":[{"href":"https:\/\/topdisc.fi\/en\/wp-json\/wp\/v2\/product\/252778","targetHints":{"allow":["GET"]}}],"collection":[{"href":"https:\/\/topdisc.fi\/en\/wp-json\/wp\/v2\/product"}],"about":[{"href":"https:\/\/topdisc.fi\/en\/wp-json\/wp\/v2\/types\/product"}],"replies":[{"embeddable":true,"href":"https:\/\/topdisc.fi\/en\/wp-json\/wp\/v2\/comments?post=252778"}],"version-history":[{"count":1,"href":"https:\/\/topdisc.fi\/en\/wp-json\/wp\/v2\/product\/252778\/revisions"}],"predecessor-version":[{"id":267736,"href":"https:\/\/topdisc.fi\/en\/wp-json\/wp\/v2\/product\/252778\/revisions\/267736"}],"wp:featuredmedia":[{"embeddable":true,"href":"https:\/\/topdisc.fi\/en\/wp-json\/wp\/v2\/media\/252781"}],"wp:attachment":[{"href":"https:\/\/topdisc.fi\/en\/wp-json\/wp\/v2\/media?parent=252778"}],"wp:term":[{"taxonomy":"product_brand","embeddable":true,"href":"https:\/\/topdisc.fi\/en\/wp-json\/wp\/v2\/product_brand?post=252778"},{"taxonomy":"product_cat","embeddable":true,"href":"https:\/\/topdisc.fi\/en\/wp-json\/wp\/v2\/product_cat?post=252778"},{"taxonomy":"product_tag","embeddable":true,"href":"https:\/\/topdisc.fi\/en\/wp-json\/wp\/v2\/product_tag?post=252778"}],"curies":[{"name":"wp","href":"https:\/\/api.w.org\/{rel}","templated":true}]}}