{"id":252788,"date":"2025-07-19T12:35:43","date_gmt":"2025-07-19T09:35:43","guid":{"rendered":"https:\/\/topdisc.fi\/?post_type=product&#038;p=252788"},"modified":"2026-03-09T15:15:42","modified_gmt":"2026-03-09T13:15:42","slug":"westside-discs-vip-ice-glimmer-bard-2","status":"publish","type":"product","link":"https:\/\/topdisc.fi\/en\/product\/westside-discs-vip-ice-glimmer-bard-2\/","title":{"rendered":"Westside Discs VIP Ice Glimmer Bard"},"content":{"rendered":"<p>Westside Discs VIP Ice Glimmer Bard<\/p>\n<p>Flight values: 5 4 0 3<\/p>\n<p>Bard (Laulaja) on ylivakaa midari, joka kest\u00e4\u00e4 hyvin my\u00f6s vastatuulta.<\/p>\n<p>VIP Ice-muoviseos on l\u00e4pikuultava ja j\u00e4ykkyydelt\u00e4\u00e4n VIP ja VIP-X:n v\u00e4liss\u00e4. Kest\u00e4\u00e4 kulutusta VIP:n tavoin.<\/p>\n<p>Stampin v\u00e4ri saattaa vaihdella.<\/p>","protected":false},"excerpt":{"rendered":"<p>Westside Discs VIP Ice Glimmer Bard<\/p>\n<p>Flight values: 5 4 0 3<\/p>\n<p>Bard (Laulaja) on ylivakaa midari, joka kest\u00e4\u00e4 hyvin my\u00f6s vastatuulta.<\/p>\n<p>VIP Ice-muoviseos on l\u00e4pikuultava ja j\u00e4ykkyydelt\u00e4\u00e4n VIP ja VIP-X:n v\u00e4liss\u00e4. Kest\u00e4\u00e4 kulutusta VIP:n tavoin.<\/p>\n<p>Stampin v\u00e4ri saattaa vaihdella.<\/p>","protected":false},"featured_media":252790,"comment_status":"open","ping_status":"closed","template":"","meta":{"_acf_changed":false,"om_disable_all_campaigns":false,"_improvement_type_select":"improve_an_existing","_thumb_yes_seoaic":false,"_frame_yes_seoaic":false,"seoaic_generate_description":"","seoaic_improve_instructions_prompt":"","seoaic_rollback_content_improvement":"","seoaic_idea_thumbnail_generator":"","thumbnail_generated":false,"thumbnail_generate_prompt":"","seoaic_article_description":""},"product_brand":[4875],"product_cat":[1817,4065,678,73,2625,4339,1837],"product_tag":[566,839,1264,569],"class_list":{"0":"post-252788","1":"product","2":"type-product","3":"status-publish","4":"has-post-thumbnail","6":"product_brand-westside-discs","7":"product_cat-uudet-kiekot","8":"product_cat-special","9":"product_cat-spessut","10":"product_cat-uutuudet","11":"product_cat-valmistajat","12":"product_cat-westside-discs","13":"product_cat-westside-discs-new-uudet-frisbeegolfkiekot-2","14":"product_tag-midari","15":"product_tag-midrange","16":"product_tag-overstable","17":"product_tag-ylivakaa","18":"pa_feidi-288","19":"pa_liito-273","20":"pa_nopeus-259","21":"pa_paino-329","22":"pa_vakaus-zero","23":"pa_valmistajat-westside-discs","24":"pa_vari-sininen","26":"first","27":"instock","28":"taxable","29":"shipping-taxable","30":"purchasable","31":"product-type-variable"},"acf":[],"_links":{"self":[{"href":"https:\/\/topdisc.fi\/en\/wp-json\/wp\/v2\/product\/252788","targetHints":{"allow":["GET"]}}],"collection":[{"href":"https:\/\/topdisc.fi\/en\/wp-json\/wp\/v2\/product"}],"about":[{"href":"https:\/\/topdisc.fi\/en\/wp-json\/wp\/v2\/types\/product"}],"replies":[{"embeddable":true,"href":"https:\/\/topdisc.fi\/en\/wp-json\/wp\/v2\/comments?post=252788"}],"version-history":[{"count":1,"href":"https:\/\/topdisc.fi\/en\/wp-json\/wp\/v2\/product\/252788\/revisions"}],"predecessor-version":[{"id":267734,"href":"https:\/\/topdisc.fi\/en\/wp-json\/wp\/v2\/product\/252788\/revisions\/267734"}],"wp:featuredmedia":[{"embeddable":true,"href":"https:\/\/topdisc.fi\/en\/wp-json\/wp\/v2\/media\/252790"}],"wp:attachment":[{"href":"https:\/\/topdisc.fi\/en\/wp-json\/wp\/v2\/media?parent=252788"}],"wp:term":[{"taxonomy":"product_brand","embeddable":true,"href":"https:\/\/topdisc.fi\/en\/wp-json\/wp\/v2\/product_brand?post=252788"},{"taxonomy":"product_cat","embeddable":true,"href":"https:\/\/topdisc.fi\/en\/wp-json\/wp\/v2\/product_cat?post=252788"},{"taxonomy":"product_tag","embeddable":true,"href":"https:\/\/topdisc.fi\/en\/wp-json\/wp\/v2\/product_tag?post=252788"}],"curies":[{"name":"wp","href":"https:\/\/api.w.org\/{rel}","templated":true}]}}