{"id":253313,"date":"2025-07-23T14:12:21","date_gmt":"2025-07-23T11:12:21","guid":{"rendered":"https:\/\/topdisc.fi\/?post_type=product&#038;p=253313"},"modified":"2025-11-20T23:46:23","modified_gmt":"2025-11-20T21:46:23","slug":"imukuppipallo-apy-keppiin-toptopus","status":"publish","type":"product","link":"https:\/\/topdisc.fi\/en\/product\/imukuppipallo-apy-keppiin-toptopus\/","title":{"rendered":"Imukuppipallo APY-Keppiin &#8211; Toptopus"},"content":{"rendered":"<p>Imukuppipallo APY-Keppiin &#8211; Toptopus<\/p>\n<p>\u00c4rsytt\u00e4\u00e4k\u00f6 koukulla kalastus? Ei h\u00e4t\u00e4\u00e4! Mustekalan imukuppien tavoin tarraa tuore uutuus tuotteemme tilanteessa kuin tilanteessa kiekkoon, ilman ett\u00e4 joudut hakemaan otollista kulmaa koukulle.<\/p>\n<p>Imukuppipallo, (jonka leikkis\u00e4sti nimesimme <strong>TOPTOPUS<\/strong>iksi) toimii niin maalla, merell\u00e4, kuin ilmassakin! Eli ei huolta, jos huomaat kiekkosi ivallisesti tuijottavan pinnan alta tai kuusen oksilta. t\u00f6kk\u00e4\u00e4 kiekkoa vain imukupilla ja palaa pelien pariin kuin mit\u00e4\u00e4n ei olisi koskaan tapahtunutkaan.<\/p>\n<p>Tuote sopii suoraan APY-keppiin alkuper\u00e4isen koukun tilalle ja kiinnittyy mukana tulevalla ruuvilla.<\/p>\n<p>&nbsp;<\/p>\n<div style=\"width: 720px;\" class=\"wp-video\"><video class=\"wp-video-shortcode\" id=\"video-253313-1\" width=\"720\" height=\"720\" preload=\"metadata\" controls=\"controls\"><source type=\"video\/mp4\" src=\"https:\/\/topdisc.fi\/wp-content\/uploads\/2025\/07\/imukuppipallo-toptopus-demo.mp4?_=1\" \/><a href=\"https:\/\/topdisc.fi\/wp-content\/uploads\/2025\/07\/imukuppipallo-toptopus-demo.mp4\">https:\/\/topdisc.fi\/wp-content\/uploads\/2025\/07\/imukuppipallo-toptopus-demo.mp4<\/a><\/video><\/div>","protected":false},"excerpt":{"rendered":"<p>Imukuppipallo APY-Keppiin &#8211; Toptopus<\/p>\n<p>\u00c4rsytt\u00e4\u00e4k\u00f6 koukulla kalastus? Ei h\u00e4t\u00e4\u00e4! Mustekalan imukuppien tavoin tarraa tuore uutuus tuotteemme tilanteessa kuin tilanteessa kiekkoon, ilman ett\u00e4 joudut hakemaan otollista kulmaa koukulle.<\/p>\n<p>Imukuppipallo, (jonka leikkis\u00e4sti nimesimme <strong>TOPTOPUS<\/strong>iksi) toimii niin maalla, merell\u00e4, kuin ilmassakin! Eli ei huolta, jos huomaat kiekkosi ivallisesti tuijottavan pinnan alta tai kuusen oksilta. t\u00f6kk\u00e4\u00e4 kiekkoa vain imukupilla ja palaa pelien pariin kuin mit\u00e4\u00e4n ei olisi koskaan tapahtunutkaan.<\/p>\n<p>Tuote sopii suoraan APY-keppiin alkuper\u00e4isen koukun tilalle ja kiinnittyy mukana tulevalla ruuvilla.<\/p>\n<p>Alta l\u00f6ytyy esimerkki video.<\/p>","protected":false},"featured_media":253314,"comment_status":"open","ping_status":"closed","template":"","meta":{"_acf_changed":false,"om_disable_all_campaigns":false,"_improvement_type_select":"improve_an_existing","_thumb_yes_seoaic":false,"_frame_yes_seoaic":false,"seoaic_generate_description":"","seoaic_improve_instructions_prompt":"","seoaic_rollback_content_improvement":"","seoaic_idea_thumbnail_generator":"","thumbnail_generated":false,"thumbnail_generate_prompt":"","seoaic_article_description":""},"product_brand":[],"product_cat":[2724,542,498,2750,2621,73],"product_tag":[],"class_list":{"0":"post-253313","1":"product","2":"type-product","3":"status-publish","4":"has-post-thumbnail","6":"product_cat-muut-tuotteet","7":"product_cat-aina-pitaa-yrittaa","8":"product_cat-uncategorized","9":"product_cat-uncategorized-3","10":"product_cat-restockit","11":"product_cat-uutuudet","12":"pa_valmistajat-topdisc","13":"pa_vari-punainen","15":"first","16":"instock","17":"taxable","18":"shipping-taxable","19":"purchasable","20":"product-type-simple"},"acf":[],"_links":{"self":[{"href":"https:\/\/topdisc.fi\/en\/wp-json\/wp\/v2\/product\/253313","targetHints":{"allow":["GET"]}}],"collection":[{"href":"https:\/\/topdisc.fi\/en\/wp-json\/wp\/v2\/product"}],"about":[{"href":"https:\/\/topdisc.fi\/en\/wp-json\/wp\/v2\/types\/product"}],"replies":[{"embeddable":true,"href":"https:\/\/topdisc.fi\/en\/wp-json\/wp\/v2\/comments?post=253313"}],"version-history":[{"count":1,"href":"https:\/\/topdisc.fi\/en\/wp-json\/wp\/v2\/product\/253313\/revisions"}],"predecessor-version":[{"id":258680,"href":"https:\/\/topdisc.fi\/en\/wp-json\/wp\/v2\/product\/253313\/revisions\/258680"}],"wp:featuredmedia":[{"embeddable":true,"href":"https:\/\/topdisc.fi\/en\/wp-json\/wp\/v2\/media\/253314"}],"wp:attachment":[{"href":"https:\/\/topdisc.fi\/en\/wp-json\/wp\/v2\/media?parent=253313"}],"wp:term":[{"taxonomy":"product_brand","embeddable":true,"href":"https:\/\/topdisc.fi\/en\/wp-json\/wp\/v2\/product_brand?post=253313"},{"taxonomy":"product_cat","embeddable":true,"href":"https:\/\/topdisc.fi\/en\/wp-json\/wp\/v2\/product_cat?post=253313"},{"taxonomy":"product_tag","embeddable":true,"href":"https:\/\/topdisc.fi\/en\/wp-json\/wp\/v2\/product_tag?post=253313"}],"curies":[{"name":"wp","href":"https:\/\/api.w.org\/{rel}","templated":true}]}}