{"id":254273,"date":"2025-09-03T17:19:10","date_gmt":"2025-09-03T14:19:10","guid":{"rendered":"https:\/\/topdisc.fi\/?post_type=product&#038;p=254273"},"modified":"2026-01-27T18:32:08","modified_gmt":"2026-01-27T16:32:08","slug":"kastaplast-k1-alva-muumiperhe","status":"publish","type":"product","link":"https:\/\/topdisc.fi\/en\/product\/kastaplast-k1-alva-muumiperhe\/","title":{"rendered":"Kastaplast K1 \u00c4lva &#8211; Muumiperhe"},"content":{"rendered":"<h3 data-start=\"104\" data-end=\"142\">Kastaplast K1 \u00c4lva &#8211; Muumiperhe<\/h3>\n<p data-start=\"134\" data-end=\"441\"><strong data-start=\"134\" data-end=\"142\">\u00c4lva<\/strong> on Kastaplastin suosiota ker\u00e4nnyt <strong data-start=\"177\" data-end=\"197\">liit\u00e4v\u00e4 draiveri<\/strong>, joka on suunniteltu tuomaan pituutta heittoihin ilman suurta voimaa. Se on erinomainen valinta helpon hallittavuutensa ansiosta, mutta my\u00f6s kokeneet pelaajat arvostavat sen pitk\u00e4\u00e4, pehme\u00e4\u00e4 liitoa ja monipuolisuutta v\u00e4ylill\u00e4.<\/p>\n<p data-start=\"443\" data-end=\"726\">T\u00e4m\u00e4 erikoisversio on koristeltu <strong data-start=\"476\" data-end=\"503\">Muumiperhe-kuvituksella<\/strong>, mik\u00e4 tekee siit\u00e4 yht\u00e4 aikaa n\u00e4ytt\u00e4v\u00e4n ker\u00e4ilykiekon ja luotettavan peliv\u00e4lineen. <strong data-start=\"586\" data-end=\"598\">K1-muovi<\/strong> on Kastaplastin kest\u00e4vin ja laadukkain materiaaliseos \u2013 se tarjoaa ensiluokkaisen pidon ja kest\u00e4\u00e4 toistuvia heittoja pitk\u00e4\u00e4n.<\/p>\n<p data-start=\"728\" data-end=\"765\"><strong data-start=\"728\" data-end=\"763\">Miksi valita \u00c4lva \u2013 Muumiperhe?<\/strong><\/p>\n<ul data-start=\"766\" data-end=\"1032\">\n<li data-start=\"766\" data-end=\"818\">\n<p data-start=\"768\" data-end=\"818\">Helposti hallittava ja eritt\u00e4in liit\u00e4v\u00e4 draiveri<\/p>\n<\/li>\n<li data-start=\"819\" data-end=\"895\">\n<p data-start=\"821\" data-end=\"895\">Soveltuu t\u00e4ydellisesti sek\u00e4 aloittelijoille ett\u00e4 edistyneille pelaajille<\/p>\n<\/li>\n<li data-start=\"896\" data-end=\"961\">\n<p data-start=\"898\" data-end=\"961\">Premium-laatuinen K1-muovi: erinomainen pito ja pitk\u00e4ik\u00e4isyys<\/p>\n<\/li>\n<li data-start=\"962\" data-end=\"1032\">\n<p data-start=\"964\" data-end=\"1032\">Uniikki Muumiperhe-design \u2013 t\u00e4ydellinen sek\u00e4 peliin ett\u00e4 ker\u00e4ilyyn<\/p>\n<\/li>\n<\/ul>\n<p data-start=\"1034\" data-end=\"1135\"><strong data-start=\"1034\" data-end=\"1070\">Kastaplast K1 \u00c4lva \u2013 Muumiperhe.<\/strong> Kiekko, jossa yhdistyv\u00e4t liito, luotettavuus ja Muumien taika.<\/p>","protected":false},"excerpt":{"rendered":"<h3 data-start=\"104\" data-end=\"142\">Kastaplast K1 \u00c4lva &#8211; Muumiperhe<\/h3>\n<p data-start=\"134\" data-end=\"441\"><strong data-start=\"134\" data-end=\"142\">\u00c4lva<\/strong> on Kastaplastin suosiota ker\u00e4nnyt <strong data-start=\"177\" data-end=\"197\">liit\u00e4v\u00e4 draiveri<\/strong>, joka on suunniteltu tuomaan pituutta heittoihin ilman suurta voimaa. Se on erinomainen valinta helpon hallittavuutensa ansiosta, mutta my\u00f6s kokeneet pelaajat arvostavat sen pitk\u00e4\u00e4, pehme\u00e4\u00e4 liitoa ja monipuolisuutta v\u00e4ylill\u00e4.<\/p>\n<p data-start=\"443\" data-end=\"726\">T\u00e4m\u00e4 erikoisversio on koristeltu <strong data-start=\"476\" data-end=\"503\">Muumiperhe-kuvituksella<\/strong>, mik\u00e4 tekee siit\u00e4 yht\u00e4 aikaa n\u00e4ytt\u00e4v\u00e4n ker\u00e4ilykiekon ja luotettavan peliv\u00e4lineen. <strong data-start=\"586\" data-end=\"598\">K1-muovi<\/strong> on Kastaplastin kest\u00e4vin ja laadukkain materiaaliseos \u2013 se tarjoaa ensiluokkaisen pidon ja kest\u00e4\u00e4 toistuvia heittoja pitk\u00e4\u00e4n.<\/p>\n<p data-start=\"728\" data-end=\"765\"><strong data-start=\"728\" data-end=\"763\">Miksi valita \u00c4lva \u2013 Muumiperhe?<\/strong><\/p>\n<ul data-start=\"766\" data-end=\"1032\">\n<li data-start=\"766\" data-end=\"818\">\n<p data-start=\"768\" data-end=\"818\">Helposti hallittava ja eritt\u00e4in liit\u00e4v\u00e4 draiveri<\/p>\n<\/li>\n<li data-start=\"819\" data-end=\"895\">\n<p data-start=\"821\" data-end=\"895\">Soveltuu t\u00e4ydellisesti sek\u00e4 aloittelijoille ett\u00e4 edistyneille pelaajille<\/p>\n<\/li>\n<li data-start=\"896\" data-end=\"961\">\n<p data-start=\"898\" data-end=\"961\">Premium-laatuinen K1-muovi: erinomainen pito ja pitk\u00e4ik\u00e4isyys<\/p>\n<\/li>\n<li data-start=\"962\" data-end=\"1032\">\n<p data-start=\"964\" data-end=\"1032\">Uniikki Muumiperhe-design \u2013 t\u00e4ydellinen sek\u00e4 peliin ett\u00e4 ker\u00e4ilyyn<\/p>\n<\/li>\n<\/ul>\n<p data-start=\"1034\" data-end=\"1135\"><strong data-start=\"1034\" data-end=\"1070\">Kastaplast K1 \u00c4lva \u2013 Muumiperhe.<\/strong> Kiekko, jossa yhdistyv\u00e4t liito, luotettavuus ja Muumien taika.<\/p>","protected":false},"featured_media":254275,"comment_status":"open","ping_status":"closed","template":"","meta":{"_acf_changed":false,"om_disable_all_campaigns":false,"_improvement_type_select":"improve_an_existing","_thumb_yes_seoaic":false,"_frame_yes_seoaic":false,"seoaic_generate_description":"","seoaic_improve_instructions_prompt":"","seoaic_rollback_content_improvement":"","seoaic_idea_thumbnail_generator":"","thumbnail_generated":false,"thumbnail_generate_prompt":"","seoaic_article_description":""},"product_brand":[4870],"product_cat":[4080,4065,73,2625],"product_tag":[],"class_list":{"0":"post-254273","1":"product","2":"type-product","3":"status-publish","4":"has-post-thumbnail","6":"product_brand-kastaplast","7":"product_cat-kastaplast","8":"product_cat-special","9":"product_cat-uutuudet","10":"product_cat-valmistajat","11":"pa_feidi-287","12":"pa_liito-275","13":"pa_nopeus-265","14":"pa_paino-322","15":"pa_vakaus-280","16":"pa_valmistajat-kastaplast","17":"pa_vari-keltainen","19":"first","20":"instock","21":"taxable","22":"shipping-taxable","23":"purchasable","24":"product-type-variable"},"acf":[],"_links":{"self":[{"href":"https:\/\/topdisc.fi\/en\/wp-json\/wp\/v2\/product\/254273","targetHints":{"allow":["GET"]}}],"collection":[{"href":"https:\/\/topdisc.fi\/en\/wp-json\/wp\/v2\/product"}],"about":[{"href":"https:\/\/topdisc.fi\/en\/wp-json\/wp\/v2\/types\/product"}],"replies":[{"embeddable":true,"href":"https:\/\/topdisc.fi\/en\/wp-json\/wp\/v2\/comments?post=254273"}],"version-history":[{"count":1,"href":"https:\/\/topdisc.fi\/en\/wp-json\/wp\/v2\/product\/254273\/revisions"}],"predecessor-version":[{"id":264281,"href":"https:\/\/topdisc.fi\/en\/wp-json\/wp\/v2\/product\/254273\/revisions\/264281"}],"wp:featuredmedia":[{"embeddable":true,"href":"https:\/\/topdisc.fi\/en\/wp-json\/wp\/v2\/media\/254275"}],"wp:attachment":[{"href":"https:\/\/topdisc.fi\/en\/wp-json\/wp\/v2\/media?parent=254273"}],"wp:term":[{"taxonomy":"product_brand","embeddable":true,"href":"https:\/\/topdisc.fi\/en\/wp-json\/wp\/v2\/product_brand?post=254273"},{"taxonomy":"product_cat","embeddable":true,"href":"https:\/\/topdisc.fi\/en\/wp-json\/wp\/v2\/product_cat?post=254273"},{"taxonomy":"product_tag","embeddable":true,"href":"https:\/\/topdisc.fi\/en\/wp-json\/wp\/v2\/product_tag?post=254273"}],"curies":[{"name":"wp","href":"https:\/\/api.w.org\/{rel}","templated":true}]}}