{"id":259703,"date":"2025-11-21T17:07:20","date_gmt":"2025-11-21T15:07:20","guid":{"rendered":"https:\/\/topdisc.fi\/?post_type=product&#038;p=259703"},"modified":"2026-01-27T15:33:36","modified_gmt":"2026-01-27T13:33:36","slug":"discmania-c-line-pd-innova-made-4","status":"publish","type":"product","link":"https:\/\/topdisc.fi\/en\/product\/discmania-c-line-pd-innova-made-4\/","title":{"rendered":"Discmania C-line PD Innova Made"},"content":{"rendered":"<p>Discmania C-line PD Innova Made<\/p>\n<p>Flight values: 10 4 0 3<\/p>\n<p>Condition: B+<\/p>\n<p>Weight: 168g<\/p>\n<p>Markers: Rimmi<\/p>\n<p>Muovi: j\u00e4m\u00e4kk\u00e4<\/p>","protected":false},"excerpt":{"rendered":"<p>Discmania C-line PD Innova Made<\/p>\n<p>Flight values: 10 4 0 3<\/p>\n<p>Condition: B+<\/p>\n<p>Weight: 168g<\/p>\n<p>Markers: Rimmi<\/p>\n<p>Muovi: j\u00e4m\u00e4kk\u00e4<\/p>","protected":false},"featured_media":259704,"comment_status":"open","ping_status":"closed","template":"","meta":{"_acf_changed":false,"om_disable_all_campaigns":false,"_improvement_type_select":"improve_an_existing","_thumb_yes_seoaic":false,"_frame_yes_seoaic":false,"seoaic_generate_description":"","seoaic_improve_instructions_prompt":"","seoaic_rollback_content_improvement":"","seoaic_idea_thumbnail_generator":"","thumbnail_generated":false,"thumbnail_generate_prompt":"","seoaic_article_description":""},"product_brand":[4855],"product_cat":[1806,656,1754,1866,1807,1809,1810,4750,2621,2625],"product_tag":[],"class_list":{"0":"post-259703","1":"product","2":"type-product","3":"status-publish","4":"has-post-thumbnail","6":"product_brand-discmania","7":"product_cat-kaytetyt-frisbeegolfkiekot","8":"product_cat-discmania-kaikki","9":"product_cat-discmania-kaytetyt-driverit","10":"product_cat-discmania-kaytetyt-fairwaydriverit","11":"product_cat-discmania-kaytetyt-frisbeegolfkiekot","12":"product_cat-driverit","13":"product_cat-fairwayt","14":"product_cat-restock-marraskuu-2025","15":"product_cat-restockit","16":"product_cat-valmistajat","17":"pa_feidi-288","18":"pa_kunto-b","19":"pa_kunto-ba","20":"pa_liito-273","21":"pa_nopeus-264","22":"pa_paino-319","23":"pa_vakaus-zero","24":"pa_valmistajat-discmania","26":"first","27":"instock","28":"shipping-taxable","29":"purchasable","30":"product-type-simple"},"acf":[],"_links":{"self":[{"href":"https:\/\/topdisc.fi\/en\/wp-json\/wp\/v2\/product\/259703","targetHints":{"allow":["GET"]}}],"collection":[{"href":"https:\/\/topdisc.fi\/en\/wp-json\/wp\/v2\/product"}],"about":[{"href":"https:\/\/topdisc.fi\/en\/wp-json\/wp\/v2\/types\/product"}],"replies":[{"embeddable":true,"href":"https:\/\/topdisc.fi\/en\/wp-json\/wp\/v2\/comments?post=259703"}],"version-history":[{"count":2,"href":"https:\/\/topdisc.fi\/en\/wp-json\/wp\/v2\/product\/259703\/revisions"}],"predecessor-version":[{"id":259708,"href":"https:\/\/topdisc.fi\/en\/wp-json\/wp\/v2\/product\/259703\/revisions\/259708"}],"wp:featuredmedia":[{"embeddable":true,"href":"https:\/\/topdisc.fi\/en\/wp-json\/wp\/v2\/media\/259704"}],"wp:attachment":[{"href":"https:\/\/topdisc.fi\/en\/wp-json\/wp\/v2\/media?parent=259703"}],"wp:term":[{"taxonomy":"product_brand","embeddable":true,"href":"https:\/\/topdisc.fi\/en\/wp-json\/wp\/v2\/product_brand?post=259703"},{"taxonomy":"product_cat","embeddable":true,"href":"https:\/\/topdisc.fi\/en\/wp-json\/wp\/v2\/product_cat?post=259703"},{"taxonomy":"product_tag","embeddable":true,"href":"https:\/\/topdisc.fi\/en\/wp-json\/wp\/v2\/product_tag?post=259703"}],"curies":[{"name":"wp","href":"https:\/\/api.w.org\/{rel}","templated":true}]}}