{"id":261064,"date":"2026-01-13T16:26:43","date_gmt":"2026-01-13T14:26:43","guid":{"rendered":"https:\/\/topdisc.fi\/?post_type=product&#038;p=261064"},"modified":"2026-01-31T12:56:32","modified_gmt":"2026-01-31T10:56:32","slug":"discmania-premium-glow-sensei-niko-rattya-2","status":"publish","type":"product","link":"https:\/\/topdisc.fi\/en\/product\/discmania-premium-glow-sensei-niko-rattya-2\/","title":{"rendered":"Discmania Premium Glow Sensei &#8211; Niko R\u00e4tty\u00e4"},"content":{"rendered":"<p>Discmania Premium Glow Sensei &#8211; Niko R\u00e4tty\u00e4<\/p>\n<p>Flight values: 3 3 0 1<\/p>\n<p>Weight: 175g<\/p>\n<p>Condition: B+<\/p>\n<p>Markers: Rimmi<\/p>","protected":false},"excerpt":{"rendered":"<p>Discmania Premium Glow Sensei &#8211; Niko R\u00e4tty\u00e4<\/p>\n<p>Flight values: 3 3 0 1<\/p>\n<p>Weight: 175g<\/p>\n<p>Condition: B+<\/p>\n<p>Markers: Rimmi<\/p>","protected":false},"featured_media":264546,"comment_status":"open","ping_status":"closed","template":"","meta":{"_acf_changed":false,"om_disable_all_campaigns":false,"_improvement_type_select":"improve_an_existing","_thumb_yes_seoaic":false,"_frame_yes_seoaic":false,"seoaic_generate_description":"","seoaic_improve_instructions_prompt":"","seoaic_rollback_content_improvement":"","seoaic_idea_thumbnail_generator":"","thumbnail_generated":false,"thumbnail_generate_prompt":"","seoaic_article_description":""},"product_brand":[4855],"product_cat":[656,1807,1756,1758,366,1806,1808,4829,2621],"product_tag":[4862,2319],"class_list":{"0":"post-261064","1":"product","2":"type-product","3":"status-publish","4":"has-post-thumbnail","6":"product_brand-discmania","7":"product_cat-discmania-kaikki","8":"product_cat-discmania-kaytetyt-frisbeegolfkiekot","9":"product_cat-discmania-kaytetyt-putterit","10":"product_cat-discmania-kaytetyt-aloittelijoille","11":"product_cat-glowit","12":"product_cat-kaytetyt-frisbeegolfkiekot","13":"product_cat-kaytetyt-putterit","14":"product_cat-restock-tammikuu-2026","15":"product_cat-restockit","16":"product_tag-glow","17":"product_tag-signature","18":"pa_feidi-286","19":"pa_liito-272","20":"pa_nopeus-257","21":"pa_paino-326","22":"pa_vakaus-zero","23":"pa_valmistajat-discmania","25":"first","26":"instock","27":"shipping-taxable","28":"purchasable","29":"product-type-simple"},"acf":[],"_links":{"self":[{"href":"https:\/\/topdisc.fi\/en\/wp-json\/wp\/v2\/product\/261064","targetHints":{"allow":["GET"]}}],"collection":[{"href":"https:\/\/topdisc.fi\/en\/wp-json\/wp\/v2\/product"}],"about":[{"href":"https:\/\/topdisc.fi\/en\/wp-json\/wp\/v2\/types\/product"}],"replies":[{"embeddable":true,"href":"https:\/\/topdisc.fi\/en\/wp-json\/wp\/v2\/comments?post=261064"}],"version-history":[{"count":1,"href":"https:\/\/topdisc.fi\/en\/wp-json\/wp\/v2\/product\/261064\/revisions"}],"predecessor-version":[{"id":261065,"href":"https:\/\/topdisc.fi\/en\/wp-json\/wp\/v2\/product\/261064\/revisions\/261065"}],"wp:featuredmedia":[{"embeddable":true,"href":"https:\/\/topdisc.fi\/en\/wp-json\/wp\/v2\/media\/264546"}],"wp:attachment":[{"href":"https:\/\/topdisc.fi\/en\/wp-json\/wp\/v2\/media?parent=261064"}],"wp:term":[{"taxonomy":"product_brand","embeddable":true,"href":"https:\/\/topdisc.fi\/en\/wp-json\/wp\/v2\/product_brand?post=261064"},{"taxonomy":"product_cat","embeddable":true,"href":"https:\/\/topdisc.fi\/en\/wp-json\/wp\/v2\/product_cat?post=261064"},{"taxonomy":"product_tag","embeddable":true,"href":"https:\/\/topdisc.fi\/en\/wp-json\/wp\/v2\/product_tag?post=261064"}],"curies":[{"name":"wp","href":"https:\/\/api.w.org\/{rel}","templated":true}]}}