{"id":261068,"date":"2026-01-13T17:11:57","date_gmt":"2026-01-13T15:11:57","guid":{"rendered":"https:\/\/topdisc.fi\/?post_type=product&#038;p=261068"},"modified":"2026-01-31T12:56:31","modified_gmt":"2026-01-31T10:56:31","slug":"discmania-soft-exo-tactic-niko-rattya","status":"publish","type":"product","link":"https:\/\/topdisc.fi\/en\/product\/discmania-soft-exo-tactic-niko-rattya\/","title":{"rendered":"Discmania Soft Exo Tactic &#8211; Niko R\u00e4tty\u00e4"},"content":{"rendered":"<p>Discmania Soft Exo Tactic &#8211; Niko R\u00e4tty\u00e4<\/p>\n<p>Flight values: 4 2 0 3<\/p>\n<p>Condition: B+<\/p>\n<p>Weight: 174g<\/p>\n<p>Markers: \u2013<\/p>","protected":false},"excerpt":{"rendered":"<p>Discmania Soft Exo Tactic &#8211; Niko R\u00e4tty\u00e4<\/p>\n<p>Flight values: 4 2 0 3<\/p>\n<p>Condition: B+<\/p>\n<p>Weight: 174g<\/p>\n<p>Markers: \u2013<\/p>","protected":false},"featured_media":264547,"comment_status":"open","ping_status":"closed","template":"","meta":{"_acf_changed":false,"om_disable_all_campaigns":false,"_improvement_type_select":"improve_an_existing","_thumb_yes_seoaic":false,"_frame_yes_seoaic":false,"seoaic_generate_description":"","seoaic_improve_instructions_prompt":"","seoaic_rollback_content_improvement":"","seoaic_idea_thumbnail_generator":"","thumbnail_generated":false,"thumbnail_generate_prompt":"","seoaic_article_description":""},"product_brand":[4855],"product_cat":[4146,656,1807,1755,1806,368,1811,4829,2621,678,2625],"product_tag":[4885,2319],"class_list":{"0":"post-261068","1":"product","2":"type-product","3":"status-publish","4":"has-post-thumbnail","6":"product_brand-discmania","7":"product_cat-ale","8":"product_cat-discmania-kaikki","9":"product_cat-discmania-kaytetyt-frisbeegolfkiekot","10":"product_cat-discmania-kaytetyt-midarit","11":"product_cat-kaytetyt-frisbeegolfkiekot","12":"product_cat-lahestymiskiekot","13":"product_cat-midarit","14":"product_cat-restock-tammikuu-2026","15":"product_cat-restockit","16":"product_cat-spessut","17":"product_cat-valmistajat","18":"product_tag-ale","19":"product_tag-signature","20":"pa_feidi-288","21":"pa_kunto-b","22":"pa_liito-271","23":"pa_nopeus-258","24":"pa_paino-325","25":"pa_vakaus-zero","26":"pa_valmistajat-discmania","28":"first","29":"instock","30":"sale","31":"shipping-taxable","32":"purchasable","33":"product-type-simple"},"acf":[],"_links":{"self":[{"href":"https:\/\/topdisc.fi\/en\/wp-json\/wp\/v2\/product\/261068","targetHints":{"allow":["GET"]}}],"collection":[{"href":"https:\/\/topdisc.fi\/en\/wp-json\/wp\/v2\/product"}],"about":[{"href":"https:\/\/topdisc.fi\/en\/wp-json\/wp\/v2\/types\/product"}],"replies":[{"embeddable":true,"href":"https:\/\/topdisc.fi\/en\/wp-json\/wp\/v2\/comments?post=261068"}],"version-history":[{"count":1,"href":"https:\/\/topdisc.fi\/en\/wp-json\/wp\/v2\/product\/261068\/revisions"}],"predecessor-version":[{"id":261069,"href":"https:\/\/topdisc.fi\/en\/wp-json\/wp\/v2\/product\/261068\/revisions\/261069"}],"wp:featuredmedia":[{"embeddable":true,"href":"https:\/\/topdisc.fi\/en\/wp-json\/wp\/v2\/media\/264547"}],"wp:attachment":[{"href":"https:\/\/topdisc.fi\/en\/wp-json\/wp\/v2\/media?parent=261068"}],"wp:term":[{"taxonomy":"product_brand","embeddable":true,"href":"https:\/\/topdisc.fi\/en\/wp-json\/wp\/v2\/product_brand?post=261068"},{"taxonomy":"product_cat","embeddable":true,"href":"https:\/\/topdisc.fi\/en\/wp-json\/wp\/v2\/product_cat?post=261068"},{"taxonomy":"product_tag","embeddable":true,"href":"https:\/\/topdisc.fi\/en\/wp-json\/wp\/v2\/product_tag?post=261068"}],"curies":[{"name":"wp","href":"https:\/\/api.w.org\/{rel}","templated":true}]}}