{"id":265155,"date":"2026-02-03T17:52:47","date_gmt":"2026-02-03T15:52:47","guid":{"rendered":"https:\/\/topdisc.fi\/?post_type=product&#038;p=265155"},"modified":"2026-02-13T23:54:44","modified_gmt":"2026-02-13T21:54:44","slug":"innova-pro-wraith-penned","status":"publish","type":"product","link":"https:\/\/topdisc.fi\/en\/product\/innova-pro-wraith-penned\/","title":{"rendered":"Innova Pro Wraith Penned"},"content":{"rendered":"<p>Innova Pro Wraith Penned<\/p>\n<p>Flight values: 11 5 -1 3<\/p>\n<p>Condition: B+<\/p>\n<p>Weight: 171g<\/p>\n<p>Markers: base and Rimmi<\/p>\n<p>Pro-muovi tuntuu k\u00e4dess\u00e4 mukavalta ja antaa hyv\u00e4n pidon eri keleiss\u00e4. Pro Wraith sopii pelaajalle, joka haluaa lis\u00e4\u00e4 pituutta heittoihin ilman, ett\u00e4 kiekko tuntuu vaikealta heitt\u00e4\u00e4.<\/p>","protected":false},"excerpt":{"rendered":"<p>Innova Pro Wraith Penned<\/p>\n<p>Flight values: 11 5 -1 3<\/p>\n<p>Condition: B+<\/p>\n<p>Weight: 171g<\/p>\n<p>Markers: base and Rimmi<\/p>\n<p>Pro-muovi tuntuu k\u00e4dess\u00e4 mukavalta ja antaa hyv\u00e4n pidon eri keleiss\u00e4. Pro Wraith sopii pelaajalle, joka haluaa lis\u00e4\u00e4 pituutta heittoihin ilman, ett\u00e4 kiekko tuntuu vaikealta heitt\u00e4\u00e4.<\/p>","protected":false},"featured_media":265262,"comment_status":"open","ping_status":"closed","template":"","meta":{"_acf_changed":false,"om_disable_all_campaigns":false,"_improvement_type_select":"improve_an_existing","_thumb_yes_seoaic":false,"_frame_yes_seoaic":false,"seoaic_generate_description":"","seoaic_improve_instructions_prompt":"","seoaic_rollback_content_improvement":"","seoaic_idea_thumbnail_generator":"","thumbnail_generated":false,"thumbnail_generate_prompt":"","seoaic_article_description":""},"product_brand":[4854],"product_cat":[1868,1772,1824,1845,1809,1806,4904],"product_tag":[555,4880],"class_list":{"0":"post-265155","1":"product","2":"type-product","3":"status-publish","4":"has-post-thumbnail","6":"product_brand-innova","7":"product_cat-innova-kaikki","8":"product_cat-innova-kaytetyt-driverit","9":"product_cat-innova-kaytetyt-kiekot","10":"product_cat-innova-kaytetyt-spesiaalikiekot-innova-kaytetyt-frisbeegolfkiekot-2","11":"product_cat-driverit","12":"product_cat-kaytetyt-frisbeegolfkiekot","13":"product_cat-restock-helmikuu-2026","14":"product_tag-driver","15":"product_tag-spessu","16":"pa_feidi-288","17":"pa_kunto-b","18":"pa_liito-274","19":"pa_nopeus-265","20":"pa_paino-322","21":"pa_vakaus-281","22":"pa_valmistajat-innova","24":"first","25":"instock","26":"shipping-taxable","27":"purchasable","28":"product-type-simple"},"acf":[],"_links":{"self":[{"href":"https:\/\/topdisc.fi\/en\/wp-json\/wp\/v2\/product\/265155","targetHints":{"allow":["GET"]}}],"collection":[{"href":"https:\/\/topdisc.fi\/en\/wp-json\/wp\/v2\/product"}],"about":[{"href":"https:\/\/topdisc.fi\/en\/wp-json\/wp\/v2\/types\/product"}],"replies":[{"embeddable":true,"href":"https:\/\/topdisc.fi\/en\/wp-json\/wp\/v2\/comments?post=265155"}],"version-history":[{"count":1,"href":"https:\/\/topdisc.fi\/en\/wp-json\/wp\/v2\/product\/265155\/revisions"}],"predecessor-version":[{"id":265156,"href":"https:\/\/topdisc.fi\/en\/wp-json\/wp\/v2\/product\/265155\/revisions\/265156"}],"wp:featuredmedia":[{"embeddable":true,"href":"https:\/\/topdisc.fi\/en\/wp-json\/wp\/v2\/media\/265262"}],"wp:attachment":[{"href":"https:\/\/topdisc.fi\/en\/wp-json\/wp\/v2\/media?parent=265155"}],"wp:term":[{"taxonomy":"product_brand","embeddable":true,"href":"https:\/\/topdisc.fi\/en\/wp-json\/wp\/v2\/product_brand?post=265155"},{"taxonomy":"product_cat","embeddable":true,"href":"https:\/\/topdisc.fi\/en\/wp-json\/wp\/v2\/product_cat?post=265155"},{"taxonomy":"product_tag","embeddable":true,"href":"https:\/\/topdisc.fi\/en\/wp-json\/wp\/v2\/product_tag?post=265155"}],"curies":[{"name":"wp","href":"https:\/\/api.w.org\/{rel}","templated":true}]}}