{"id":266569,"date":"2026-02-18T16:07:21","date_gmt":"2026-02-18T14:07:21","guid":{"rendered":"https:\/\/topdisc.fi\/?post_type=product&#038;p=266569"},"modified":"2026-03-01T00:37:46","modified_gmt":"2026-02-28T22:37:46","slug":"prodigy-disc-500-spectrum-pa-3-vaino-makela","status":"publish","type":"product","link":"https:\/\/topdisc.fi\/en\/product\/prodigy-disc-500-spectrum-pa-3-vaino-makela\/","title":{"rendered":"Prodigy Disc 500 Spectrum PA-3 V\u00e4in\u00f6 M\u00e4kel\u00e4"},"content":{"rendered":"<p>Prodigy Disc 500 Spectrum PA-3 V\u00e4in\u00f6 M\u00e4kel\u00e4<\/p>\n<p>Flight values: 3 4 0 1<\/p>\n<p>Condition: B+<\/p>\n<p>Weight: 173g<\/p>\n<p>Markers:<\/p>","protected":false},"excerpt":{"rendered":"<p>Prodigy Disc 500 Spectrum PA-3 V\u00e4in\u00f6 M\u00e4kel\u00e4<\/p>\n<p>Flight values: 3 4 0 1<\/p>\n<p>Condition: B+<\/p>\n<p>Weight: 173g<\/p>\n<p>Markers:<\/p>","protected":false},"featured_media":267023,"comment_status":"open","ping_status":"closed","template":"","meta":{"_acf_changed":false,"om_disable_all_campaigns":false,"_improvement_type_select":"improve_an_existing","_thumb_yes_seoaic":false,"_frame_yes_seoaic":false,"seoaic_generate_description":"","seoaic_improve_instructions_prompt":"","seoaic_rollback_content_improvement":"","seoaic_idea_thumbnail_generator":"","thumbnail_generated":false,"thumbnail_generate_prompt":"","seoaic_article_description":""},"product_brand":[4872],"product_cat":[4919,1806,1808,1900,1823,1901,1852,2621,369],"product_tag":[4880],"class_list":{"0":"post-266569","1":"product","2":"type-product","3":"status-publish","4":"has-post-thumbnail","6":"product_brand-prodigy-disc","7":"product_cat-helmet","8":"product_cat-kaytetyt-frisbeegolfkiekot","9":"product_cat-kaytetyt-putterit","10":"product_cat-prodigy-kaikki-kiekot","11":"product_cat-prodigy-kaytetyt-frisbeegolfkiekot-2","12":"product_cat-prodigy-kaytetyt-putterit","13":"product_cat-prodigy-kaytetyt-spesiaalikiekot-prodigy-kaytetyt-frisbeegolfkiekot-2","14":"product_cat-restockit","15":"product_cat-signature-kiekot","16":"product_tag-spessu","17":"pa_feidi-286","18":"pa_kunto-b","19":"pa_liito-273","20":"pa_nopeus-257","21":"pa_paino-324","22":"pa_paino-325","23":"pa_vakaus-zero","24":"pa_valmistajat-prodigy-discs","26":"first","27":"instock","28":"shipping-taxable","29":"purchasable","30":"product-type-simple"},"acf":[],"_links":{"self":[{"href":"https:\/\/topdisc.fi\/en\/wp-json\/wp\/v2\/product\/266569","targetHints":{"allow":["GET"]}}],"collection":[{"href":"https:\/\/topdisc.fi\/en\/wp-json\/wp\/v2\/product"}],"about":[{"href":"https:\/\/topdisc.fi\/en\/wp-json\/wp\/v2\/types\/product"}],"replies":[{"embeddable":true,"href":"https:\/\/topdisc.fi\/en\/wp-json\/wp\/v2\/comments?post=266569"}],"version-history":[{"count":1,"href":"https:\/\/topdisc.fi\/en\/wp-json\/wp\/v2\/product\/266569\/revisions"}],"predecessor-version":[{"id":266571,"href":"https:\/\/topdisc.fi\/en\/wp-json\/wp\/v2\/product\/266569\/revisions\/266571"}],"wp:featuredmedia":[{"embeddable":true,"href":"https:\/\/topdisc.fi\/en\/wp-json\/wp\/v2\/media\/267023"}],"wp:attachment":[{"href":"https:\/\/topdisc.fi\/en\/wp-json\/wp\/v2\/media?parent=266569"}],"wp:term":[{"taxonomy":"product_brand","embeddable":true,"href":"https:\/\/topdisc.fi\/en\/wp-json\/wp\/v2\/product_brand?post=266569"},{"taxonomy":"product_cat","embeddable":true,"href":"https:\/\/topdisc.fi\/en\/wp-json\/wp\/v2\/product_cat?post=266569"},{"taxonomy":"product_tag","embeddable":true,"href":"https:\/\/topdisc.fi\/en\/wp-json\/wp\/v2\/product_tag?post=266569"}],"curies":[{"name":"wp","href":"https:\/\/api.w.org\/{rel}","templated":true}]}}