{"id":266575,"date":"2026-02-18T16:10:29","date_gmt":"2026-02-18T14:10:29","guid":{"rendered":"https:\/\/topdisc.fi\/?post_type=product&#038;p=266575"},"modified":"2026-03-10T17:34:46","modified_gmt":"2026-03-10T15:34:46","slug":"prodigy-disc-500-spectrum-a2-vaino-makela","status":"publish","type":"product","link":"https:\/\/topdisc.fi\/en\/product\/prodigy-disc-500-spectrum-a2-vaino-makela\/","title":{"rendered":"Prodigy Disc 500 Spectrum A2 &#8211; V\u00e4in\u00f6 M\u00e4kel\u00e4"},"content":{"rendered":"<p>Prodigy Disc 500 Spectrum A2 &#8211; V\u00e4in\u00f6 M\u00e4kel\u00e4<br \/>\nFlight values: 4 4 0 3<br \/>\nCondition: A-<br \/>\nWeight: 172g<\/p>\n<p>Markers: Rimmi<\/p>","protected":false},"excerpt":{"rendered":"<p>Prodigy Disc 500 Spectrum A2 &#8211; V\u00e4in\u00f6 M\u00e4kel\u00e4<br \/>\nFlight values: 4 4 0 3<br \/>\nCondition: A-<br \/>\nWeight: 172g<\/p>\n<p>Markers: Rimmi<\/p>","protected":false},"featured_media":266925,"comment_status":"open","ping_status":"closed","template":"","meta":{"_acf_changed":false,"om_disable_all_campaigns":false,"_improvement_type_select":"improve_an_existing","_thumb_yes_seoaic":false,"_frame_yes_seoaic":false,"seoaic_generate_description":"","seoaic_improve_instructions_prompt":"","seoaic_rollback_content_improvement":"","seoaic_idea_thumbnail_generator":"","thumbnail_generated":false,"thumbnail_generate_prompt":"","seoaic_article_description":""},"product_brand":[4872],"product_cat":[4919,1806,368,1811,1808,1900,1823,1854,1901,1852,369,678],"product_tag":[4880],"class_list":{"0":"post-266575","1":"product","2":"type-product","3":"status-publish","4":"has-post-thumbnail","6":"product_brand-prodigy-disc","7":"product_cat-helmet","8":"product_cat-kaytetyt-frisbeegolfkiekot","9":"product_cat-lahestymiskiekot","10":"product_cat-midarit","11":"product_cat-kaytetyt-putterit","12":"product_cat-prodigy-kaikki-kiekot","13":"product_cat-prodigy-kaytetyt-frisbeegolfkiekot-2","14":"product_cat-prodigy-kaytetyt-midarit-prodigy-kaytetyt-frisbeegolfkiekot-2","15":"product_cat-prodigy-kaytetyt-putterit","16":"product_cat-prodigy-kaytetyt-spesiaalikiekot-prodigy-kaytetyt-frisbeegolfkiekot-2","17":"product_cat-signature-kiekot","18":"product_cat-spessut","19":"product_tag-spessu","20":"pa_feidi-288","21":"pa_kunto-a-3","22":"pa_liito-273","23":"pa_nopeus-258","24":"pa_paino-323","25":"pa_paino-324","26":"pa_vakaus-zero","27":"pa_valmistajat-prodigy-discs","29":"first","30":"outofstock","31":"shipping-taxable","32":"purchasable","33":"product-type-simple"},"acf":[],"_links":{"self":[{"href":"https:\/\/topdisc.fi\/en\/wp-json\/wp\/v2\/product\/266575","targetHints":{"allow":["GET"]}}],"collection":[{"href":"https:\/\/topdisc.fi\/en\/wp-json\/wp\/v2\/product"}],"about":[{"href":"https:\/\/topdisc.fi\/en\/wp-json\/wp\/v2\/types\/product"}],"replies":[{"embeddable":true,"href":"https:\/\/topdisc.fi\/en\/wp-json\/wp\/v2\/comments?post=266575"}],"version-history":[{"count":1,"href":"https:\/\/topdisc.fi\/en\/wp-json\/wp\/v2\/product\/266575\/revisions"}],"predecessor-version":[{"id":266577,"href":"https:\/\/topdisc.fi\/en\/wp-json\/wp\/v2\/product\/266575\/revisions\/266577"}],"wp:featuredmedia":[{"embeddable":true,"href":"https:\/\/topdisc.fi\/en\/wp-json\/wp\/v2\/media\/266925"}],"wp:attachment":[{"href":"https:\/\/topdisc.fi\/en\/wp-json\/wp\/v2\/media?parent=266575"}],"wp:term":[{"taxonomy":"product_brand","embeddable":true,"href":"https:\/\/topdisc.fi\/en\/wp-json\/wp\/v2\/product_brand?post=266575"},{"taxonomy":"product_cat","embeddable":true,"href":"https:\/\/topdisc.fi\/en\/wp-json\/wp\/v2\/product_cat?post=266575"},{"taxonomy":"product_tag","embeddable":true,"href":"https:\/\/topdisc.fi\/en\/wp-json\/wp\/v2\/product_tag?post=266575"}],"curies":[{"name":"wp","href":"https:\/\/api.w.org\/{rel}","templated":true}]}}