{"id":268127,"date":"2026-03-12T15:14:08","date_gmt":"2026-03-12T13:14:08","guid":{"rendered":"https:\/\/topdisc.fi\/?post_type=product&#038;p=268127"},"modified":"2026-03-21T12:13:03","modified_gmt":"2026-03-21T10:13:03","slug":"kastaplast-k1-grind-falk","status":"publish","type":"product","link":"https:\/\/topdisc.fi\/en\/product\/kastaplast-k1-grind-falk\/","title":{"rendered":"Kastaplast K1 Grind Falk"},"content":{"rendered":"<h4>Kastaplast K1 Grind Falk<\/h4>\n<p>Flight values: 9 6 -2 1<\/p>\n<p>Condition: B+<\/p>\n<p>Weight: 175g<\/p>\n<p>Markers: Rimmi<\/p>\n<p data-start=\"144\" data-end=\"514\"><strong data-start=\"144\" data-end=\"152\">Falk<\/strong> on Kastaplastin monipuolinen ja helposti hallittava <strong data-start=\"205\" data-end=\"223\">Fairway driver<\/strong>, joka yhdist\u00e4\u00e4 pituuden ja kontrollin. Se on suunniteltu pelaajille, jotka kaipaavat luotettavaa draiveria kapeille v\u00e4ylille ja pitkiin, liit\u00e4viin heittoihin. Falk lent\u00e4\u00e4 vakaasti aloittelijoiden k\u00e4siss\u00e4 ja tarjoaa kokeneemmille pelaajille hienoja mahdollisuuksia monipuolisiin linjoihin.<\/p>","protected":false},"excerpt":{"rendered":"<h4>Kastaplast K1 Grind Falk<\/h4>\n<p>Flight values: 9 6 -2 1<\/p>\n<p>Condition: B+<\/p>\n<p>Weight: 175g<\/p>\n<p>Markers: Rimmi<\/p>\n<p data-start=\"144\" data-end=\"514\"><strong data-start=\"144\" data-end=\"152\">Falk<\/strong> on Kastaplastin monipuolinen ja helposti hallittava <strong data-start=\"205\" data-end=\"223\">Fairway driver<\/strong>, joka yhdist\u00e4\u00e4 pituuden ja kontrollin. Se on suunniteltu pelaajille, jotka kaipaavat luotettavaa draiveria kapeille v\u00e4ylille ja pitkiin, liit\u00e4viin heittoihin. Falk lent\u00e4\u00e4 vakaasti aloittelijoiden k\u00e4siss\u00e4 ja tarjoaa kokeneemmille pelaajille hienoja mahdollisuuksia monipuolisiin linjoihin.<\/p>","protected":false},"featured_media":268356,"comment_status":"open","ping_status":"closed","template":"","meta":{"_acf_changed":false,"om_disable_all_campaigns":false,"_improvement_type_select":"improve_an_existing","_thumb_yes_seoaic":false,"_frame_yes_seoaic":false,"seoaic_generate_description":"","seoaic_improve_instructions_prompt":"","seoaic_rollback_content_improvement":"","seoaic_idea_thumbnail_generator":"","thumbnail_generated":false,"thumbnail_generate_prompt":"","seoaic_article_description":""},"product_brand":[4870],"product_cat":[4080,1828,1810,1806,2625],"product_tag":[4928],"class_list":{"0":"post-268127","1":"product","2":"type-product","3":"status-publish","4":"has-post-thumbnail","6":"product_brand-kastaplast","7":"product_cat-kastaplast","8":"product_cat-kastaplast-kaytetyt-frisbeegolfkiekot-2","9":"product_cat-fairwayt","10":"product_cat-kaytetyt-frisbeegolfkiekot","11":"product_cat-valmistajat","12":"product_tag-restock-maaliskuu","13":"pa_feidi-286","14":"pa_kunto-b","15":"pa_liito-275","16":"pa_nopeus-263","17":"pa_paino-326","18":"pa_vakaus-280","19":"pa_valmistajat-kastaplast","21":"first","22":"instock","23":"shipping-taxable","24":"purchasable","25":"product-type-simple"},"acf":[],"_links":{"self":[{"href":"https:\/\/topdisc.fi\/en\/wp-json\/wp\/v2\/product\/268127","targetHints":{"allow":["GET"]}}],"collection":[{"href":"https:\/\/topdisc.fi\/en\/wp-json\/wp\/v2\/product"}],"about":[{"href":"https:\/\/topdisc.fi\/en\/wp-json\/wp\/v2\/types\/product"}],"replies":[{"embeddable":true,"href":"https:\/\/topdisc.fi\/en\/wp-json\/wp\/v2\/comments?post=268127"}],"version-history":[{"count":1,"href":"https:\/\/topdisc.fi\/en\/wp-json\/wp\/v2\/product\/268127\/revisions"}],"predecessor-version":[{"id":268130,"href":"https:\/\/topdisc.fi\/en\/wp-json\/wp\/v2\/product\/268127\/revisions\/268130"}],"wp:featuredmedia":[{"embeddable":true,"href":"https:\/\/topdisc.fi\/en\/wp-json\/wp\/v2\/media\/268356"}],"wp:attachment":[{"href":"https:\/\/topdisc.fi\/en\/wp-json\/wp\/v2\/media?parent=268127"}],"wp:term":[{"taxonomy":"product_brand","embeddable":true,"href":"https:\/\/topdisc.fi\/en\/wp-json\/wp\/v2\/product_brand?post=268127"},{"taxonomy":"product_cat","embeddable":true,"href":"https:\/\/topdisc.fi\/en\/wp-json\/wp\/v2\/product_cat?post=268127"},{"taxonomy":"product_tag","embeddable":true,"href":"https:\/\/topdisc.fi\/en\/wp-json\/wp\/v2\/product_tag?post=268127"}],"curies":[{"name":"wp","href":"https:\/\/api.w.org\/{rel}","templated":true}]}}