{"id":268137,"date":"2026-03-12T15:30:38","date_gmt":"2026-03-12T13:30:38","guid":{"rendered":"https:\/\/topdisc.fi\/?post_type=product&#038;p=268137"},"modified":"2026-03-21T12:13:02","modified_gmt":"2026-03-21T10:13:02","slug":"kastaplast-k1-vass","status":"publish","type":"product","link":"https:\/\/topdisc.fi\/en\/product\/kastaplast-k1-vass\/","title":{"rendered":"Kastaplast K1 Vass"},"content":{"rendered":"<h4>Kastaplast K1 Vass<\/h4>\n<p>Flight values: 12 5 -1.5 2<\/p>\n<p>Condition: B+<\/p>\n<p>Weight: 173g<\/p>\n<p>Markers:<\/p>\n<p><strong>Kastaplast K1 Vass<\/strong> on nopea ja liit\u00e4v\u00e4 draiveri, joka on suunniteltu tuomaan maksimaalista pituutta ilman, ett\u00e4 hallittavuus k\u00e4rsii. Sen neutraali lentoprofiili tekee siit\u00e4 erinomaisen valinnan sek\u00e4 keskitason ett\u00e4 kokeneille pelaajille, jotka haluavat heitt\u00e4\u00e4 pitki\u00e4, suoria linjoja pienell\u00e4 loppufeidill\u00e4. Kest\u00e4v\u00e4 ja pit\u00e4v\u00e4 <strong>K1-muovi<\/strong> tarjoaa varman otteen kaikissa olosuhteissa, joten Vass toimii luotettavasti niin tyyness\u00e4 kuin tuulisemmassakin s\u00e4\u00e4ss\u00e4.<\/p>\n<p data-start=\"144\" data-end=\"514\">","protected":false},"excerpt":{"rendered":"<h4>Kastaplast K1 Vass<\/h4>\n<p>Flight values: 12 5 -1.5 2<\/p>\n<p>Condition: B+<\/p>\n<p>Weight: 173g<\/p>\n<p>Markers:<\/p>\n<p><strong>Kastaplast K1 Vass<\/strong> on nopea ja liit\u00e4v\u00e4 draiveri, joka on suunniteltu tuomaan maksimaalista pituutta ilman, ett\u00e4 hallittavuus k\u00e4rsii. Sen neutraali lentoprofiili tekee siit\u00e4 erinomaisen valinnan sek\u00e4 keskitason ett\u00e4 kokeneille pelaajille, jotka haluavat heitt\u00e4\u00e4 pitki\u00e4, suoria linjoja pienell\u00e4 loppufeidill\u00e4. Kest\u00e4v\u00e4 ja pit\u00e4v\u00e4 <strong>K1-muovi<\/strong> tarjoaa varman otteen kaikissa olosuhteissa, joten Vass toimii luotettavasti niin tyyness\u00e4 kuin tuulisemmassakin s\u00e4\u00e4ss\u00e4.<\/p>","protected":false},"featured_media":268363,"comment_status":"open","ping_status":"closed","template":"","meta":{"_acf_changed":false,"om_disable_all_campaigns":false,"_improvement_type_select":"improve_an_existing","_thumb_yes_seoaic":false,"_frame_yes_seoaic":false,"seoaic_generate_description":"","seoaic_improve_instructions_prompt":"","seoaic_rollback_content_improvement":"","seoaic_idea_thumbnail_generator":"","thumbnail_generated":false,"thumbnail_generate_prompt":"","seoaic_article_description":""},"product_brand":[4870],"product_cat":[4080,1828,1809,1806,2625],"product_tag":[4928],"class_list":{"0":"post-268137","1":"product","2":"type-product","3":"status-publish","4":"has-post-thumbnail","6":"product_brand-kastaplast","7":"product_cat-kastaplast","8":"product_cat-kastaplast-kaytetyt-frisbeegolfkiekot-2","9":"product_cat-driverit","10":"product_cat-kaytetyt-frisbeegolfkiekot","11":"product_cat-valmistajat","12":"product_tag-restock-maaliskuu","13":"pa_feidi-287","14":"pa_kunto-b","15":"pa_liito-274","16":"pa_nopeus-266","17":"pa_paino-324","18":"pa_vakaus-1-5","19":"pa_valmistajat-kastaplast","21":"first","22":"instock","23":"shipping-taxable","24":"purchasable","25":"product-type-simple"},"acf":[],"_links":{"self":[{"href":"https:\/\/topdisc.fi\/en\/wp-json\/wp\/v2\/product\/268137","targetHints":{"allow":["GET"]}}],"collection":[{"href":"https:\/\/topdisc.fi\/en\/wp-json\/wp\/v2\/product"}],"about":[{"href":"https:\/\/topdisc.fi\/en\/wp-json\/wp\/v2\/types\/product"}],"replies":[{"embeddable":true,"href":"https:\/\/topdisc.fi\/en\/wp-json\/wp\/v2\/comments?post=268137"}],"version-history":[{"count":3,"href":"https:\/\/topdisc.fi\/en\/wp-json\/wp\/v2\/product\/268137\/revisions"}],"predecessor-version":[{"id":268140,"href":"https:\/\/topdisc.fi\/en\/wp-json\/wp\/v2\/product\/268137\/revisions\/268140"}],"wp:featuredmedia":[{"embeddable":true,"href":"https:\/\/topdisc.fi\/en\/wp-json\/wp\/v2\/media\/268363"}],"wp:attachment":[{"href":"https:\/\/topdisc.fi\/en\/wp-json\/wp\/v2\/media?parent=268137"}],"wp:term":[{"taxonomy":"product_brand","embeddable":true,"href":"https:\/\/topdisc.fi\/en\/wp-json\/wp\/v2\/product_brand?post=268137"},{"taxonomy":"product_cat","embeddable":true,"href":"https:\/\/topdisc.fi\/en\/wp-json\/wp\/v2\/product_cat?post=268137"},{"taxonomy":"product_tag","embeddable":true,"href":"https:\/\/topdisc.fi\/en\/wp-json\/wp\/v2\/product_tag?post=268137"}],"curies":[{"name":"wp","href":"https:\/\/api.w.org\/{rel}","templated":true}]}}