{"id":140457,"date":"2024-01-03T15:39:29","date_gmt":"2024-01-03T13:39:29","guid":{"rendered":"https:\/\/topdisc.fi\/?page_id=140457"},"modified":"2024-06-12T11:55:22","modified_gmt":"2024-06-12T08:55:22","slug":"tietosuoja","status":"publish","type":"page","link":"https:\/\/topdisc.fi\/sv\/tietosuoja\/","title":{"rendered":"Integritetspolicy"},"content":{"rendered":"\t\t<div data-elementor-type=\"wp-page\" data-elementor-id=\"140457\" class=\"elementor elementor-140457\">\n\t\t\t\t<div class=\"wd-negative-gap elementor-element elementor-element-4e9091ef e-flex e-con-boxed e-con e-parent\" data-id=\"4e9091ef\" data-element_type=\"container\" data-e-type=\"container\">\n\t\t\t\t\t<div class=\"e-con-inner\">\n\t\t\t\t<div class=\"elementor-element elementor-element-7ac94c07 color-scheme-inherit text-left elementor-widget elementor-widget-text-editor\" data-id=\"7ac94c07\" data-element_type=\"widget\" data-e-type=\"widget\" data-widget_type=\"text-editor.default\">\n\t\t\t\t<div class=\"elementor-widget-container\">\n\t\t\t\t\t\t\t\t\t<p><\/p>\n<p><strong>Ket\u00e4 olemme?<\/strong><\/p>\n<p data-sourcepos=\"1:1-1:59\">\n<\/p><p data-sourcepos=\"3:1-3:161\"><strong>Topdisc on&nbsp; suomalainen frisbeegolf-alan yritys, joka on perustettu vuonna 2021. P\u00e4\u00e4toimialamme on frisbeegolf-kiekkojen ja oheistuotteiden maahantuonti ja myynti. Topdisc verkkokauppa on aiemmin ollut nimell\u00e4 Apy-Sport.<\/strong><\/p>\n<div>\n<div dir=\"auto\" data-testid=\"conversation-turn-3\" data-scroll-anchor=\"true\">\n<div>\n<div>\n<div>\n<div>\n<div>\n<div data-message-author-role=\"assistant\" data-message-id=\"cc47ec46-e2d7-4532-a498-6389f61bdbc3\" dir=\"auto\">\n<div>\n<div>\n<hr>\n<p><strong>TIETOSUOJASELOSTE<\/strong><\/p>\n<p><strong>1. Rekisterinpit\u00e4j\u00e4<\/strong><\/p>\n<p>Yrityksen nimi: Finlemar OY<br>Y-tunnus: [3210298-4]<br>Osoite: Sankarikuja 2, 01200 Vantaa&nbsp;<\/p>\n<p><span style=\"background-color: var(--wd-main-bgcolor); color: var(--wd-text-color); font-size: 14px; text-align: var(--text-align);\">S\u00e4hk\u00f6posti: info@topdisc.fi<\/span><\/p>\n<p>Puhelin: <span style=\"font-family: Lato, Arial, Helvetica, sans-serif; font-size: 14px; font-style: normal; font-variant-ligatures: normal; font-variant-caps: normal; font-weight: 400; text-align: var(--text-align); background-color: var(--wd-main-bgcolor); color: var(--wd-text-color);\">0503361577<\/span><\/p>\n<p><strong>2. Rekisteriasioista vastaava henkil\u00f6<\/strong><\/p>\n<p>Nimi: Juha Martikainen<br>S\u00e4hk\u00f6posti: juha.martikainen@finlemar.fi&nbsp;<br>Puhelin:&nbsp;<span style=\"font-family: Lato, Arial, Helvetica, sans-serif; font-size: 14px; font-style: normal; font-variant-ligatures: normal; font-variant-caps: normal; font-weight: 400; text-align: var(--text-align); background-color: var(--wd-main-bgcolor); color: var(--wd-text-color);\">&nbsp;<\/span><span style=\"font-family: Lato, Arial, Helvetica, sans-serif; font-size: 14px; font-style: normal; font-variant-ligatures: normal; font-variant-caps: normal; font-weight: 400; text-align: var(--text-align); color: var(--wd-text-color); background-color: var(--wd-main-bgcolor);\">0503361577<\/span><\/p>\n<p><strong>3. Rekisterin nimi<\/strong><\/p>\n<p>Topdisc.fi verkkokaupan asiakasrekisteri<\/p>\n<p><strong>4. Henkil\u00f6tietojen k\u00e4sittelyn tarkoitus<\/strong><\/p>\n<p>Henkil\u00f6tietoja ker\u00e4t\u00e4\u00e4n ja k\u00e4sitell\u00e4\u00e4n seuraavia tarkoituksia varten:<\/p>\n<ul>\n<li>Asiakassuhteen hoitaminen ja yll\u00e4pito<\/li>\n<li>Tilausten k\u00e4sittely ja toimitus<\/li>\n<li>Maksujen k\u00e4sittely<\/li>\n<li>Asiakaspalvelu ja asiakaspalautteiden k\u00e4sittely<\/li>\n<li>Markkinointi ja viestint\u00e4<\/li>\n<li>Lains\u00e4\u00e4d\u00e4nn\u00f6llisten velvoitteiden t\u00e4ytt\u00e4minen<\/li>\n<\/ul>\n<p><strong>5. Rekisterin tietosis\u00e4lt\u00f6<\/strong><\/p>\n<p>Rekisteri voi sis\u00e4lt\u00e4\u00e4 seuraavia tietoja asiakkaista:<\/p>\n<ul>\n<li>Nimi<\/li>\n<li>Osoite<\/li>\n<li>S\u00e4hk\u00f6postiosoite<\/li>\n<li>Puhelinnumero<\/li>\n<li>Asiakastiedot (esim. tilaushistoria, maksutiedot)<\/li>\n<li>Markkinointiluvat ja -kiellot<\/li>\n<\/ul>\n<p><strong>6. S\u00e4\u00e4nn\u00f6nmukaiset tietol\u00e4hteet<\/strong><\/p>\n<p>Henkil\u00f6tietoja ker\u00e4t\u00e4\u00e4n p\u00e4\u00e4asiassa asiakkaalta itselt\u00e4\u00e4n tilauksen tekemisen yhteydess\u00e4 sek\u00e4 Topdisc clubiin rekister\u00f6ityess\u00e4, rekister\u00f6itymisen yhteydess\u00e4, verkkokaupan k\u00e4yt\u00f6n aikana, ja asiakaspalvelutilanteissa. .<\/p>\n<p><strong>7. Henkil\u00f6tietojen luovutukset ja siirrot<\/strong><\/p>\n<p>Henkil\u00f6tietoja voidaan luovuttaa seuraaville tahoille:<\/p>\n<ul>\n<li>Maksupalveluntarjoajat<\/li>\n<li>Logistiikkakumppanit (esim. kuljetusyritykset)<\/li>\n<li>Markkinointipalveluiden tarjoajat<\/li>\n<li>Viranomaiset lain edellytt\u00e4miss\u00e4 tapauksissa<\/li>\n<\/ul>\n<p>Henkil\u00f6tietoja ei luovuteta EU&nbsp;<span style=\"font-size: 14px; text-align: var(--text-align); background-color: var(--wd-main-bgcolor); color: var(--wd-text-color);\">tai ETA<\/span><\/p>\n<div><\/div>\n<p>ulkopuolelle, ellei se ole tarpeen palvelun toteuttamiseksi ja GDPR<\/p>\n<div><\/div>\n<p>vaatimusten mukaisesti.<\/p>\n<p><strong>8. Rekisterin suojauksen periaatteet<\/strong><\/p>\n<p>Rekisteri on suojattu asianmukaisin teknisin ja organisatorisin toimenpitein. P\u00e4\u00e4sy rekisteriin on rajoitettu vain niille henkil\u00f6ille, joilla on ty\u00f6ns\u00e4 puolesta tarve k\u00e4sitell\u00e4 tietoja.<\/p>\n<p><strong>9. Tarkastusoikeus ja oikeus vaatia tiedon korjaamista<\/strong><\/p>\n<p>Rekister\u00f6idyll\u00e4 on oikeus tarkastaa, mit\u00e4 h\u00e4nt\u00e4 koskevia tietoja rekisteriin on talletettu. Tarkastuspyynn\u00f6n voi tehd\u00e4 kirjallisesti tai s\u00e4hk\u00f6postitse yll\u00e4 mainituille yhteyshenkil\u00f6ille.<\/p>\n<p>Rekister\u00f6idyll\u00e4 on my\u00f6s oikeus vaatia virheellisen tiedon korjaamista tai puutteellisen tiedon t\u00e4ydent\u00e4mist\u00e4.<\/p>\n<p><strong>10. Muut rekister\u00f6idyn oikeudet<\/strong><\/p>\n<p>Rekister\u00f6idyll\u00e4 on oikeus:<\/p>\n<ul>\n<li>Vastustaa henkil\u00f6tietojensa k\u00e4sittely\u00e4<\/li>\n<li>Pyyt\u00e4\u00e4 henkil\u00f6tietojensa poistamista<\/li>\n<li>Rajoittaa henkil\u00f6tietojensa k\u00e4sittely\u00e4<\/li>\n<li>Siirt\u00e4\u00e4 tiedot j\u00e4rjestelm\u00e4st\u00e4 toiseen<\/li>\n<\/ul>\n<p>Kaikki pyynn\u00f6t tulee l\u00e4hett\u00e4\u00e4 kirjallisesti tai s\u00e4hk\u00f6postitse yll\u00e4 mainituille yhteyshenkil\u00f6ille. Rekister\u00f6idyll\u00e4 on my\u00f6s oikeus tehd\u00e4 valitus valvontaviranomaiselle, jos h\u00e4n katsoo, ett\u00e4 henkil\u00f6tietojen k\u00e4sittelyss\u00e4 rikotaan sovellettavaa tietosuojalains\u00e4\u00e4d\u00e4nt\u00f6\u00e4.<\/p>\n<p><strong>11. Muutokset tietosuojaselosteeseen<\/strong><\/p>\n<p>Pid\u00e4t\u00e4mme oikeuden tehd\u00e4 muutoksia t\u00e4h\u00e4n tietosuojaselosteeseen. Muutokset julkaistaan verkkokaupan sivuilla.<\/p>\n<hr>\n<p>T\u00e4m\u00e4 on yleinen malli, ja on suositeltavaa, ett\u00e4 tietosuojaseloste tarkistetaan ja muokataan yrityksen tarpeiden mukaan sek\u00e4 mahdollisesti my\u00f6s juristin toimesta.<\/p>\n<\/div>\n<\/div>\n<\/div>\n<\/div>\n<\/div>\n<\/div>\n<\/div>\n<\/div>\n<\/div>\n<\/div>\n<p>&nbsp;Verkkosivustomme osoite on: <a href=\"https:\/\/topdisc.fi\/\" target=\"_new\">https:\/\/topdisc.fi<\/a>.<\/p>\n<p><span style=\"font-size: 14px; text-align: var(--text-align); background-color: var(--wd-main-bgcolor); color: var(--wd-text-color);\">&nbsp;Vierailijoiden kommentteja voidaan tarkistaa automaattisen roskapostin tunnistuspalvelun kautta.<\/span><br><\/p>\n<p><\/p>\t\t\t\t\t\t\t\t<\/div>\n\t\t\t\t<\/div>\n\t\t\t\t\t<\/div>\n\t\t\t\t<\/div>\n\t\t\t\t<\/div>\n\t\t","protected":false},"excerpt":{"rendered":"<p>Ket\u00e4 olemme? Topdisc on&nbsp; suomalainen frisbeegolf-alan yritys, joka on perustettu vuonna 2021. P\u00e4\u00e4toimialamme on frisbeegolf-kiekkojen ja oheistuotteiden maahantuonti ja myynti.<\/p>","protected":false},"author":3,"featured_media":0,"parent":0,"menu_order":0,"comment_status":"closed","ping_status":"closed","template":"","meta":{"_acf_changed":false,"om_disable_all_campaigns":false,"_improvement_type_select":"improve_an_existing","_thumb_yes_seoaic":false,"_frame_yes_seoaic":false,"seoaic_generate_description":"","seoaic_improve_instructions_prompt":"","seoaic_rollback_content_improvement":"","seoaic_idea_thumbnail_generator":"","thumbnail_generated":false,"thumbnail_generate_prompt":"","seoaic_article_description":"","footnotes":""},"class_list":["post-140457","page","type-page","status-publish","hentry"],"acf":[],"_hostinger_reach_plugin_has_subscription_block":false,"_hostinger_reach_plugin_is_elementor":false,"_links":{"self":[{"href":"https:\/\/topdisc.fi\/sv\/wp-json\/wp\/v2\/pages\/140457","targetHints":{"allow":["GET"]}}],"collection":[{"href":"https:\/\/topdisc.fi\/sv\/wp-json\/wp\/v2\/pages"}],"about":[{"href":"https:\/\/topdisc.fi\/sv\/wp-json\/wp\/v2\/types\/page"}],"author":[{"embeddable":true,"href":"https:\/\/topdisc.fi\/sv\/wp-json\/wp\/v2\/users\/3"}],"replies":[{"embeddable":true,"href":"https:\/\/topdisc.fi\/sv\/wp-json\/wp\/v2\/comments?post=140457"}],"version-history":[{"count":0,"href":"https:\/\/topdisc.fi\/sv\/wp-json\/wp\/v2\/pages\/140457\/revisions"}],"wp:attachment":[{"href":"https:\/\/topdisc.fi\/sv\/wp-json\/wp\/v2\/media?parent=140457"}],"curies":[{"name":"wp","href":"https:\/\/api.w.org\/{rel}","templated":true}]}}