{"id":100919,"date":"2023-11-22T12:19:23","date_gmt":"2023-11-22T10:19:23","guid":{"rendered":"https:\/\/topdisc.fi\/?post_type=product&#038;p=100919"},"modified":"2026-05-12T16:51:49","modified_gmt":"2026-05-12T13:51:49","slug":"apy-keppi","status":"publish","type":"product","link":"https:\/\/topdisc.fi\/sv\/produkt\/apy-keppi\/","title":{"rendered":"APY STICKE"},"content":{"rendered":"<p>Sedan kastar du pucken i vattnet eller fastnar i ett tr\u00e4d, apypinnen \u00e4r h\u00e4r f\u00f6r att hj\u00e4lpa dig. Med en l\u00e4ngd p\u00e5 4,8 meter n\u00e5r den h\u00e4r apyst\u00e5ngen av rostfritt st\u00e5l med ett teleskopiskt handtag sv\u00e5r\u00e5tkomliga st\u00e4llen. Sluta kasta stenar, kottar eller krossa tr\u00e4d n\u00e4r du f\u00f6rs\u00f6ker r\u00e4dda din puck fr\u00e5n knepiga platser. Apy-stickan passar p\u00e5 ett litet utrymme (40cm) och passar bra i en frisbeegolfryggs\u00e4ck.<\/p>\n<p>Teleskoparm 40cm -&gt; 480cm<\/p>\n<p>#discretriever 1TP5Fors\u00e4tter att f\u00f6rs\u00f6ka<\/p>\n<p>Apy-stickan h\u00e5ller ihop med hj\u00e4lp av snabbkopplingar. Om du drar is\u00e4r delarna av teleskoparmen f\u00f6r h\u00e5rt kan den lossna fr\u00e5n sina leder. <a href=\"https:\/\/youtube.com\/shorts\/NjpbIk7P_8k?feature=share\" target=\"_blank\" rel=\"noopener\">Videon<\/a> med detta kan l\u00e4tt fixas.<\/p>\n<p><iframe loading=\"lazy\" title=\"Apy sticks fr\u00e5n www.apy-sport.fi #frisbeegolf\" width=\"422\" height=\"750\" src=\"https:\/\/www.youtube.com\/embed\/TExbOKt0vIg?feature=oembed\" frameborder=\"0\" allow=\"accelerometer; autoplay; clipboard-write; encrypted-media; gyroscope; picture-in-picture; web-share\" referrerpolicy=\"strict-origin-when-cross-origin\" allowfullscreen><\/iframe><\/p>","protected":false},"excerpt":{"rendered":"<p>Med en l\u00e4ngd p\u00e5 4,8 meter n\u00e5r denna apysticka av rostfritt st\u00e5l med ett teleskopiskt handtag sv\u00e5r\u00e5tkomliga st\u00e4llen. Apy-stickan passar p\u00e5 ett litet utrymme (40cm) och passar bra i en frisbeegolfryggs\u00e4ck.<\/p>","protected":false},"featured_media":205307,"comment_status":"open","ping_status":"closed","template":"","meta":{"_acf_changed":false,"om_disable_all_campaigns":false,"_improvement_type_select":"improve_an_existing","_thumb_yes_seoaic":false,"_frame_yes_seoaic":false,"seoaic_generate_description":"","seoaic_improve_instructions_prompt":"","seoaic_rollback_content_improvement":"","seoaic_idea_thumbnail_generator":"","thumbnail_generated":false,"thumbnail_generate_prompt":"","seoaic_article_description":""},"product_brand":[],"product_cat":[2724,542,2750],"product_tag":[],"class_list":{"0":"post-100919","1":"product","2":"type-product","3":"status-publish","4":"has-post-thumbnail","6":"product_cat-muut-tuotteet","7":"product_cat-aina-pitaa-yrittaa","8":"product_cat-uncategorized-3","10":"first","11":"instock","12":"taxable","13":"shipping-taxable","14":"purchasable","15":"product-type-simple"},"acf":[],"_links":{"self":[{"href":"https:\/\/topdisc.fi\/sv\/wp-json\/wp\/v2\/product\/100919","targetHints":{"allow":["GET"]}}],"collection":[{"href":"https:\/\/topdisc.fi\/sv\/wp-json\/wp\/v2\/product"}],"about":[{"href":"https:\/\/topdisc.fi\/sv\/wp-json\/wp\/v2\/types\/product"}],"replies":[{"embeddable":true,"href":"https:\/\/topdisc.fi\/sv\/wp-json\/wp\/v2\/comments?post=100919"}],"version-history":[{"count":0,"href":"https:\/\/topdisc.fi\/sv\/wp-json\/wp\/v2\/product\/100919\/revisions"}],"wp:featuredmedia":[{"embeddable":true,"href":"https:\/\/topdisc.fi\/sv\/wp-json\/wp\/v2\/media\/205307"}],"wp:attachment":[{"href":"https:\/\/topdisc.fi\/sv\/wp-json\/wp\/v2\/media?parent=100919"}],"wp:term":[{"taxonomy":"product_brand","embeddable":true,"href":"https:\/\/topdisc.fi\/sv\/wp-json\/wp\/v2\/product_brand?post=100919"},{"taxonomy":"product_cat","embeddable":true,"href":"https:\/\/topdisc.fi\/sv\/wp-json\/wp\/v2\/product_cat?post=100919"},{"taxonomy":"product_tag","embeddable":true,"href":"https:\/\/topdisc.fi\/sv\/wp-json\/wp\/v2\/product_tag?post=100919"}],"curies":[{"name":"wp","href":"https:\/\/api.w.org\/{rel}","templated":true}]}}