{"id":103541,"date":"2023-11-22T12:54:49","date_gmt":"2023-11-22T10:54:49","guid":{"rendered":"https:\/\/topdisc.fi\/?post_type=product&#038;p=103541"},"modified":"2026-03-10T17:32:54","modified_gmt":"2026-03-10T15:32:54","slug":"discmania-dd2-g-line-keltainen-flatti","status":"publish","type":"product","link":"https:\/\/topdisc.fi\/sv\/produkt\/discmania-dd2-g-line-keltainen-flatti\/","title":{"rendered":"Discmania DD2 G-LINE GUL (PLATT)"},"content":{"rendered":"<p>Snabb l\u00e4ngd driver fr\u00e5n Innova fabriken. Mjuk och greppv\u00e4nlig plast. En mindre stabil plastblandning j\u00e4mf\u00f6rt med C-lines DD2. <\/p>\n<p dir=\"ltr\" data-placeholder=\"K\u00e4\u00e4nn\u00f6s\">Flygv\u00e4rden:<\/p>\n<p dir=\"ltr\" data-placeholder=\"K\u00e4\u00e4nn\u00f6s\">Hastighet 13<\/p>\n<p dir=\"ltr\" data-placeholder=\"K\u00e4\u00e4nn\u00f6s\">Allians 5<\/p>\n<p dir=\"ltr\" data-placeholder=\"K\u00e4\u00e4nn\u00f6s\">Vrid -2<\/p>\n<p dir=\"ltr\" data-placeholder=\"K\u00e4\u00e4nn\u00f6s\">Feidi 2<\/p>\n<table width=\"610\">\n<tbody>\n<tr>\n<td style=\"font-weight: 400;\" width=\"162\">Diskmani<\/td>\n<td style=\"font-weight: 400;\" width=\"145\">DD2<\/td>\n<td style=\"font-weight: 400;\" width=\"147\">Distansf\u00f6rare<\/td>\n<td style=\"font-weight: 400;\" width=\"156\">13 5 -2 2<\/td>\n<\/tr>\n<\/tbody>\n<\/table>\n<p> &nbsp;<\/p>","protected":false},"excerpt":{"rendered":"<p>Snabb l\u00e4ngd driver fr\u00e5n Innova fabriken. Mjuk och greppv\u00e4nlig plast. En mindre stabil plastblandning j\u00e4mf\u00f6rt med C-lines DD2. <\/p>\n<p dir=\"ltr\" data-placeholder=\"K\u00e4\u00e4nn\u00f6s\">Flygv\u00e4rden:<\/p>\n<p dir=\"ltr\" data-placeholder=\"K\u00e4\u00e4nn\u00f6s\">Hastighet 13<\/p>\n<p dir=\"ltr\" data-placeholder=\"K\u00e4\u00e4nn\u00f6s\">Allians 5<\/p>\n<p dir=\"ltr\" data-placeholder=\"K\u00e4\u00e4nn\u00f6s\">Vrid -2<\/p>\n<p dir=\"ltr\" data-placeholder=\"K\u00e4\u00e4nn\u00f6s\">Feidi 2<\/p>\n<p dir=\"ltr\" data-placeholder=\"K\u00e4\u00e4nn\u00f6s\">","protected":false},"featured_media":17146,"comment_status":"open","ping_status":"closed","template":"","meta":{"_acf_changed":false,"om_disable_all_campaigns":false,"_improvement_type_select":"improve_an_existing","_thumb_yes_seoaic":false,"_frame_yes_seoaic":false,"seoaic_generate_description":"","seoaic_improve_instructions_prompt":"","seoaic_rollback_content_improvement":"","seoaic_idea_thumbnail_generator":"","thumbnail_generated":false,"thumbnail_generate_prompt":"","seoaic_article_description":""},"product_brand":[4855,4854],"product_cat":[656,1754,1807,1809,1810,1806],"product_tag":[555,4926],"class_list":{"0":"post-103541","1":"product","2":"type-product","3":"status-publish","4":"has-post-thumbnail","6":"product_brand-discmania","7":"product_brand-innova","8":"product_cat-discmania-kaikki","9":"product_cat-discmania-kaytetyt-driverit","10":"product_cat-discmania-kaytetyt-frisbeegolfkiekot","11":"product_cat-driverit","12":"product_cat-fairwayt","13":"product_cat-kaytetyt-frisbeegolfkiekot","14":"product_tag-driver","15":"product_tag-outlet","16":"pa_feidi-287","17":"pa_liito-274","18":"pa_nopeus-267","19":"pa_vakaus-280","20":"pa_valmistajat-discmania","22":"first","23":"instock","24":"shipping-taxable","25":"purchasable","26":"product-type-simple"},"acf":[],"_links":{"self":[{"href":"https:\/\/topdisc.fi\/sv\/wp-json\/wp\/v2\/product\/103541","targetHints":{"allow":["GET"]}}],"collection":[{"href":"https:\/\/topdisc.fi\/sv\/wp-json\/wp\/v2\/product"}],"about":[{"href":"https:\/\/topdisc.fi\/sv\/wp-json\/wp\/v2\/types\/product"}],"replies":[{"embeddable":true,"href":"https:\/\/topdisc.fi\/sv\/wp-json\/wp\/v2\/comments?post=103541"}],"version-history":[{"count":1,"href":"https:\/\/topdisc.fi\/sv\/wp-json\/wp\/v2\/product\/103541\/revisions"}],"predecessor-version":[{"id":262280,"href":"https:\/\/topdisc.fi\/sv\/wp-json\/wp\/v2\/product\/103541\/revisions\/262280"}],"wp:featuredmedia":[{"embeddable":true,"href":"https:\/\/topdisc.fi\/sv\/wp-json\/wp\/v2\/media\/17146"}],"wp:attachment":[{"href":"https:\/\/topdisc.fi\/sv\/wp-json\/wp\/v2\/media?parent=103541"}],"wp:term":[{"taxonomy":"product_brand","embeddable":true,"href":"https:\/\/topdisc.fi\/sv\/wp-json\/wp\/v2\/product_brand?post=103541"},{"taxonomy":"product_cat","embeddable":true,"href":"https:\/\/topdisc.fi\/sv\/wp-json\/wp\/v2\/product_cat?post=103541"},{"taxonomy":"product_tag","embeddable":true,"href":"https:\/\/topdisc.fi\/sv\/wp-json\/wp\/v2\/product_tag?post=103541"}],"curies":[{"name":"wp","href":"https:\/\/api.w.org\/{rel}","templated":true}]}}