{"id":103964,"date":"2023-11-22T13:00:40","date_gmt":"2023-11-22T11:00:40","guid":{"rendered":"https:\/\/topdisc.fi\/?post_type=product&#038;p=103964"},"modified":"2026-03-10T17:34:39","modified_gmt":"2026-03-10T15:34:39","slug":"discmania-first-run-c-line-pd","status":"publish","type":"product","link":"https:\/\/topdisc.fi\/sv\/produkt\/discmania-first-run-c-line-pd\/","title":{"rendered":"Discmania F\u00f6rsta k\u00f6rningen C-line PD"},"content":{"rendered":"<p>Flygbetyg: 10 4 0 3 Skick: A- Vikt: 175g Mark\u00f6rer:<\/p>","protected":false},"excerpt":{"rendered":"<p>Flygbetyg: 10 4 0 3 Skick: A- Vikt: 175g Mark\u00f6rer:<\/p>","protected":false},"featured_media":19181,"comment_status":"open","ping_status":"closed","template":"","meta":{"_acf_changed":false,"om_disable_all_campaigns":false,"_improvement_type_select":"improve_an_existing","_thumb_yes_seoaic":false,"_frame_yes_seoaic":false,"seoaic_generate_description":"","seoaic_improve_instructions_prompt":"","seoaic_rollback_content_improvement":"","seoaic_idea_thumbnail_generator":"","thumbnail_generated":false,"thumbnail_generate_prompt":"","seoaic_article_description":""},"product_brand":[4855],"product_cat":[656,1754,1807,1809,1806],"product_tag":[555,4926],"class_list":{"0":"post-103964","1":"product","2":"type-product","3":"status-publish","4":"has-post-thumbnail","6":"product_brand-discmania","7":"product_cat-discmania-kaikki","8":"product_cat-discmania-kaytetyt-driverit","9":"product_cat-discmania-kaytetyt-frisbeegolfkiekot","10":"product_cat-driverit","11":"product_cat-kaytetyt-frisbeegolfkiekot","12":"product_tag-driver","13":"product_tag-outlet","14":"pa_feidi-288","15":"pa_kunto-a-3","16":"pa_liito-273","17":"pa_nopeus-264","18":"pa_paino-326","19":"pa_vakaus-zero","20":"pa_valmistajat-discmania","22":"first","23":"instock","24":"shipping-taxable","25":"purchasable","26":"product-type-simple"},"acf":[],"_links":{"self":[{"href":"https:\/\/topdisc.fi\/sv\/wp-json\/wp\/v2\/product\/103964","targetHints":{"allow":["GET"]}}],"collection":[{"href":"https:\/\/topdisc.fi\/sv\/wp-json\/wp\/v2\/product"}],"about":[{"href":"https:\/\/topdisc.fi\/sv\/wp-json\/wp\/v2\/types\/product"}],"replies":[{"embeddable":true,"href":"https:\/\/topdisc.fi\/sv\/wp-json\/wp\/v2\/comments?post=103964"}],"version-history":[{"count":1,"href":"https:\/\/topdisc.fi\/sv\/wp-json\/wp\/v2\/product\/103964\/revisions"}],"predecessor-version":[{"id":263989,"href":"https:\/\/topdisc.fi\/sv\/wp-json\/wp\/v2\/product\/103964\/revisions\/263989"}],"wp:featuredmedia":[{"embeddable":true,"href":"https:\/\/topdisc.fi\/sv\/wp-json\/wp\/v2\/media\/19181"}],"wp:attachment":[{"href":"https:\/\/topdisc.fi\/sv\/wp-json\/wp\/v2\/media?parent=103964"}],"wp:term":[{"taxonomy":"product_brand","embeddable":true,"href":"https:\/\/topdisc.fi\/sv\/wp-json\/wp\/v2\/product_brand?post=103964"},{"taxonomy":"product_cat","embeddable":true,"href":"https:\/\/topdisc.fi\/sv\/wp-json\/wp\/v2\/product_cat?post=103964"},{"taxonomy":"product_tag","embeddable":true,"href":"https:\/\/topdisc.fi\/sv\/wp-json\/wp\/v2\/product_tag?post=103964"}],"curies":[{"name":"wp","href":"https:\/\/api.w.org\/{rel}","templated":true}]}}