{"id":103990,"date":"2023-11-22T13:01:04","date_gmt":"2023-11-22T11:01:04","guid":{"rendered":"https:\/\/topdisc.fi\/?post_type=product&#038;p=103990"},"modified":"2026-03-10T17:34:39","modified_gmt":"2026-03-10T15:34:39","slug":"discmania-first-run-s-line-dd","status":"publish","type":"product","link":"https:\/\/topdisc.fi\/sv\/produkt\/discmania-first-run-s-line-dd\/","title":{"rendered":"Discmania F\u00f6rsta k\u00f6rningen S-line DD"},"content":{"rendered":"<p>Discmania F\u00f6rsta k\u00f6rningen S-line DD<\/p>\n<p>Flygv\u00e4rden: 11 5 0 2<\/p>\n<p>Skick: B+<\/p>\n<p>Vikt: 173g<\/p>\n<p>Mark\u00f6rer: Botten, omslag<\/p>","protected":false},"excerpt":{"rendered":"<p>Discmania F\u00f6rsta k\u00f6rningen S-line DD<\/p>\n<p>Flygv\u00e4rden: 11 5 0 2<\/p>\n<p>Skick: B+<\/p>\n<p>Vikt: 173g<\/p>\n<p>Mark\u00f6rer: Botten, omslag<\/p>","protected":false},"featured_media":256058,"comment_status":"open","ping_status":"closed","template":"","meta":{"_acf_changed":false,"om_disable_all_campaigns":false,"_improvement_type_select":"improve_an_existing","_thumb_yes_seoaic":false,"_frame_yes_seoaic":false,"seoaic_generate_description":"","seoaic_improve_instructions_prompt":"","seoaic_rollback_content_improvement":"","seoaic_idea_thumbnail_generator":"","thumbnail_generated":false,"thumbnail_generate_prompt":"","seoaic_article_description":""},"product_brand":[4855],"product_cat":[656,1754,1807,1809,1806,4630,2621],"product_tag":[555,4926],"class_list":{"0":"post-103990","1":"product","2":"type-product","3":"status-publish","4":"has-post-thumbnail","6":"product_brand-discmania","7":"product_cat-discmania-kaikki","8":"product_cat-discmania-kaytetyt-driverit","9":"product_cat-discmania-kaytetyt-frisbeegolfkiekot","10":"product_cat-driverit","11":"product_cat-kaytetyt-frisbeegolfkiekot","12":"product_cat-restock-lokakuu-2025","13":"product_cat-restockit","14":"product_tag-driver","15":"product_tag-outlet","16":"pa_feidi-287","17":"pa_kunto-b","18":"pa_liito-274","19":"pa_nopeus-265","20":"pa_paino-324","21":"pa_vakaus-zero","22":"pa_valmistajat-discmania","24":"first","25":"instock","26":"shipping-taxable","27":"purchasable","28":"product-type-simple"},"acf":[],"_links":{"self":[{"href":"https:\/\/topdisc.fi\/sv\/wp-json\/wp\/v2\/product\/103990","targetHints":{"allow":["GET"]}}],"collection":[{"href":"https:\/\/topdisc.fi\/sv\/wp-json\/wp\/v2\/product"}],"about":[{"href":"https:\/\/topdisc.fi\/sv\/wp-json\/wp\/v2\/types\/product"}],"replies":[{"embeddable":true,"href":"https:\/\/topdisc.fi\/sv\/wp-json\/wp\/v2\/comments?post=103990"}],"version-history":[{"count":1,"href":"https:\/\/topdisc.fi\/sv\/wp-json\/wp\/v2\/product\/103990\/revisions"}],"predecessor-version":[{"id":258644,"href":"https:\/\/topdisc.fi\/sv\/wp-json\/wp\/v2\/product\/103990\/revisions\/258644"}],"wp:featuredmedia":[{"embeddable":true,"href":"https:\/\/topdisc.fi\/sv\/wp-json\/wp\/v2\/media\/256058"}],"wp:attachment":[{"href":"https:\/\/topdisc.fi\/sv\/wp-json\/wp\/v2\/media?parent=103990"}],"wp:term":[{"taxonomy":"product_brand","embeddable":true,"href":"https:\/\/topdisc.fi\/sv\/wp-json\/wp\/v2\/product_brand?post=103990"},{"taxonomy":"product_cat","embeddable":true,"href":"https:\/\/topdisc.fi\/sv\/wp-json\/wp\/v2\/product_cat?post=103990"},{"taxonomy":"product_tag","embeddable":true,"href":"https:\/\/topdisc.fi\/sv\/wp-json\/wp\/v2\/product_tag?post=103990"}],"curies":[{"name":"wp","href":"https:\/\/api.w.org\/{rel}","templated":true}]}}