{"id":106071,"date":"2023-11-22T13:30:12","date_gmt":"2023-11-22T11:30:12","guid":{"rendered":"https:\/\/topdisc.fi\/?post_type=product&#038;p=106071"},"modified":"2026-03-10T17:39:52","modified_gmt":"2026-03-10T15:39:52","slug":"discmania-s-line-md2","status":"publish","type":"product","link":"https:\/\/topdisc.fi\/sv\/produkt\/discmania-s-line-md2\/","title":{"rendered":"Discmania S-line md2"},"content":{"rendered":"<p>Discmania S-line md2 Flygv\u00e4rden: 4 5 0 2 Skick: B- Vikt: 170g Mark\u00f6rer: Utan mark\u00f6r Produktnummer: 690<\/p>","protected":false},"excerpt":{"rendered":"<p>Discmania S-line md2 Flygv\u00e4rden: 4 5 0 2 Skick: B- Vikt: 170g Mark\u00f6rer: Utan mark\u00f6r Produktnummer: 690<\/p>","protected":false},"featured_media":18865,"comment_status":"open","ping_status":"closed","template":"","meta":{"_acf_changed":false,"om_disable_all_campaigns":false,"_improvement_type_select":"improve_an_existing","_thumb_yes_seoaic":false,"_frame_yes_seoaic":false,"seoaic_generate_description":"","seoaic_improve_instructions_prompt":"","seoaic_rollback_content_improvement":"","seoaic_idea_thumbnail_generator":"","thumbnail_generated":false,"thumbnail_generate_prompt":"","seoaic_article_description":""},"product_brand":[4855],"product_cat":[656,1807,1755,1806,1811],"product_tag":[4926],"class_list":{"0":"post-106071","1":"product","2":"type-product","3":"status-publish","4":"has-post-thumbnail","6":"product_brand-discmania","7":"product_cat-discmania-kaikki","8":"product_cat-discmania-kaytetyt-frisbeegolfkiekot","9":"product_cat-discmania-kaytetyt-midarit","10":"product_cat-kaytetyt-frisbeegolfkiekot","11":"product_cat-midarit","12":"product_tag-outlet","13":"pa_feidi-287","14":"pa_kunto-b-3","15":"pa_liito-274","16":"pa_nopeus-258","17":"pa_paino-321","18":"pa_vakaus-zero","19":"pa_valmistajat-discmania","21":"first","22":"instock","23":"taxable","24":"shipping-taxable","25":"purchasable","26":"product-type-simple"},"acf":[],"_links":{"self":[{"href":"https:\/\/topdisc.fi\/sv\/wp-json\/wp\/v2\/product\/106071","targetHints":{"allow":["GET"]}}],"collection":[{"href":"https:\/\/topdisc.fi\/sv\/wp-json\/wp\/v2\/product"}],"about":[{"href":"https:\/\/topdisc.fi\/sv\/wp-json\/wp\/v2\/types\/product"}],"replies":[{"embeddable":true,"href":"https:\/\/topdisc.fi\/sv\/wp-json\/wp\/v2\/comments?post=106071"}],"version-history":[{"count":1,"href":"https:\/\/topdisc.fi\/sv\/wp-json\/wp\/v2\/product\/106071\/revisions"}],"predecessor-version":[{"id":263932,"href":"https:\/\/topdisc.fi\/sv\/wp-json\/wp\/v2\/product\/106071\/revisions\/263932"}],"wp:featuredmedia":[{"embeddable":true,"href":"https:\/\/topdisc.fi\/sv\/wp-json\/wp\/v2\/media\/18865"}],"wp:attachment":[{"href":"https:\/\/topdisc.fi\/sv\/wp-json\/wp\/v2\/media?parent=106071"}],"wp:term":[{"taxonomy":"product_brand","embeddable":true,"href":"https:\/\/topdisc.fi\/sv\/wp-json\/wp\/v2\/product_brand?post=106071"},{"taxonomy":"product_cat","embeddable":true,"href":"https:\/\/topdisc.fi\/sv\/wp-json\/wp\/v2\/product_cat?post=106071"},{"taxonomy":"product_tag","embeddable":true,"href":"https:\/\/topdisc.fi\/sv\/wp-json\/wp\/v2\/product_tag?post=106071"}],"curies":[{"name":"wp","href":"https:\/\/api.w.org\/{rel}","templated":true}]}}